{"id":14268,"date":"2022-07-20T11:02:43","date_gmt":"2022-07-20T11:02:43","guid":{"rendered":"https:\/\/cerepair.eu\/?page_id=14268"},"modified":"2022-07-29T09:52:25","modified_gmt":"2022-07-29T09:52:25","slug":"drums-and-tubes","status":"publish","type":"page","link":"https:\/\/cerepair.eu\/fr-be\/home-academy\/programs\/drums-and-tubes\/","title":{"rendered":"F\u00fbts et Cuves de lavage"},"content":{"rendered":"<div data-elementor-type=\"wp-page\" data-elementor-id=\"14268\" class=\"elementor elementor-14268\" data-elementor-post-type=\"page\">\n\t\t\t\t\t\t<section class=\"elementor-section elementor-top-section elementor-element elementor-element-991818a elementor-section-boxed elementor-section-height-default elementor-section-height-default\" data-id=\"991818a\" data-element_type=\"section\">\n\t\t\t\t\t\t<div class=\"elementor-container elementor-column-gap-default\">\n\t\t\t\t\t<div class=\"elementor-column elementor-col-100 elementor-top-column elementor-element elementor-element-a860def\" data-id=\"a860def\" data-element_type=\"column\">\n\t\t\t<div class=\"elementor-widget-wrap elementor-element-populated\">\n\t\t\t\t\t\t<div class=\"elementor-element elementor-element-c74fcbd elementor-widget elementor-widget-heading\" data-id=\"c74fcbd\" data-element_type=\"widget\" data-widget_type=\"heading.default\">\n\t\t\t\t<div class=\"elementor-widget-container\">\n\t\t\t\t\t<h2 class=\"elementor-heading-title elementor-size-default\">Trommels en Kuipen<\/h2>\t\t\t\t<\/div>\n\t\t\t\t<\/div>\n\t\t\t\t<div class=\"elementor-element elementor-element-954619e elementor-widget elementor-widget-heading\" data-id=\"954619e\" data-element_type=\"widget\" data-widget_type=\"heading.default\">\n\t\t\t\t<div class=\"elementor-widget-container\">\n\t\t\t\t\t<h2 class=\"elementor-heading-title elementor-size-default\">praktijkgerichte training voor gevorderde service technici<\/h2>\t\t\t\t<\/div>\n\t\t\t\t<\/div>\n\t\t\t\t<div class=\"elementor-element elementor-element-f61ba8d elementor-widget elementor-widget-text-editor\" data-id=\"f61ba8d\" data-element_type=\"widget\" data-widget_type=\"text-editor.default\">\n\t\t\t\t<div class=\"elementor-widget-container\">\n\t\t\t\t\t\t\t\t\t<p>In deze training komen de verschillende technieken voor het vervangen van trommels en kuipen van wasmachines en wasdrogers aan bod. Dit zijn over het algemeen wat complexere en langdurige reparaties. Ook worden de basisprincipes van wasmachinereparaties herhaald en verder uitgediept aan de hand van de meest actuele technieken en nieuwste service-oplossingen. In deze training wordt ook specifiek ingegaan op een aantal ergonomische aspecten die daarbij van belang zijn, zoals het veilig gebruiken van tilhulpen en traplopers.<\/p>\t\t\t\t\t\t\t\t<\/div>\n\t\t\t\t<\/div>\n\t\t\t\t<div class=\"elementor-element elementor-element-91c11fc elementor-widget elementor-widget-text-editor\" data-id=\"91c11fc\" data-element_type=\"widget\" data-widget_type=\"text-editor.default\">\n\t\t\t\t<div class=\"elementor-widget-container\">\n\t\t\t\t\t\t\t\t\t<p><strong>Public cible<\/strong><br \/>Deze training is bedoeld voor gevorderde witgoed technici die al enkele jaren service verlenen aan wasmachines en wasdrogers bij consumenten thuis (B2C). Na afloop van deze training ben je in staat om zelfstandig deze complexe reparaties uit te voeren, machines goed af te stellen en aan te sluiten en weet je gebruik te maken van de juiste tilhulpen om de zware onderdelen te vervoeren.<\/p>\t\t\t\t\t\t\t\t<\/div>\n\t\t\t\t<\/div>\n\t\t\t\t<div class=\"elementor-element elementor-element-489531f elementor-widget elementor-widget-text-editor\" data-id=\"489531f\" data-element_type=\"widget\" data-widget_type=\"text-editor.default\">\n\t\t\t\t<div class=\"elementor-widget-container\">\n\t\t\t\t\t\t\t\t\t<p><strong>Dur\u00e9e et nature de la formation<\/strong><br \/>Deze training wordt gegeven in klassikale vorm en beslaat in totaal 2 dagdelen. Tijdens het eerste dagdeel wordt met behulp van demonstraties door de instructeur de theorie behandeld. In deel 2 van de training gaat de cursist zelf aan de slag, aan de hand van een aantal concrete en praktijk gerelateerde opdrachten. Toetsing vindt plaats door middel van een digitale toets met open en meerkeuze vragen. Bij succesvolle afronding van de toets ontvangt de cursist een Certificaat.<br \/>Cette formation est un module du\u00a0<a href=\"https:\/\/www.ceacademy.eu\/nl\/informatie\/opleidingen-technicus\">Opleiding Service &amp; Reparatie Technicus Gevorderd<\/a>.<\/p>\t\t\t\t\t\t\t\t<\/div>\n\t\t\t\t<\/div>\n\t\t\t\t<div class=\"elementor-element elementor-element-500870d elementor-widget elementor-widget-text-editor\" data-id=\"500870d\" data-element_type=\"widget\" data-widget_type=\"text-editor.default\">\n\t\t\t\t<div class=\"elementor-widget-container\">\n\t\t\t\t\t\t\t\t\t<p><strong>Conditions d'entr\u00e9e<\/strong><br \/>Pour participer \u00e0 cette formation, les candidats doivent poss\u00e9der les comp\u00e9tences, l'exp\u00e9rience et le niveau de connaissances suivants :<br \/>\u2022 Dipl\u00f4me en technologie MBO ou niveau de r\u00e9flexion comparable bas\u00e9 sur exp\u00e9rience de travail d\u00e9montrable<br \/>\u2022 Basiskennis van was- en wasdroog- technieken<br \/>\u2022 Minimaal 1 jaar werkervaring als service technicus<br \/>\u2022 Affiniteit met huishoudelijke apparatuur<br \/>\u2022 Bonnes capacit\u00e9s de communication<\/p>\t\t\t\t\t\t\t\t<\/div>\n\t\t\t\t<\/div>\n\t\t\t\t<div class=\"elementor-element elementor-element-20f35bd elementor-widget elementor-widget-text-editor\" data-id=\"20f35bd\" data-element_type=\"widget\" data-widget_type=\"text-editor.default\">\n\t\t\t\t<div class=\"elementor-widget-container\">\n\t\t\t\t\t\t\t\t\t<p><strong>Tarifs et disponibilit\u00e9s<\/strong><br \/>De prijs van deze training bedraagt \u20ac 395,- per cursist, exclusief btw en kosten voor eindtoets en certificaat (zie verder\u00a0<a href=\"https:\/\/www.ceacademy.eu\/nl\/tarieven\">Tarifs<\/a>).<br \/>La taille minimale du groupe est de 4 \u00e9tudiants. Avec une participation suffisante, cette formation est offerte tout au long de l'ann\u00e9e.\u00a0<br \/>Renseignez-vous sur les possibilit\u00e9s via notre\u00a0<a href=\"https:\/\/www.ceacademy.eu\/nl\/contact\">Formulaire de contact<\/a>\u00a0op deze website.<\/p>\t\t\t\t\t\t\t\t<\/div>\n\t\t\t\t<\/div>\n\t\t\t\t<div class=\"elementor-element elementor-element-3497a04 elementor-widget elementor-widget-spacer\" data-id=\"3497a04\" data-element_type=\"widget\" data-widget_type=\"spacer.default\">\n\t\t\t\t<div class=\"elementor-widget-container\">\n\t\t\t\t\t\t\t<div class=\"elementor-spacer\">\n\t\t\t<div class=\"elementor-spacer-inner\"><\/div>\n\t\t<\/div>\n\t\t\t\t\t\t<\/div>\n\t\t\t\t<\/div>\n\t\t\t\t\t<\/div>\n\t\t<\/div>\n\t\t\t\t\t<\/div>\n\t\t<\/section>\n\t\t\t\t<\/div>","protected":false},"excerpt":{"rendered":"<p>Trommels en Kuipen praktijkgerichte training voor gevorderde service technici In deze training komen de verschillende technieken voor het vervangen van trommels en kuipen van wasmachines en wasdrogers aan bod. Dit zijn over het algemeen wat complexere en langdurige reparaties. Ook worden de basisprincipes van wasmachinereparaties herhaald en verder uitgediept aan de hand van de meest &hellip;<\/p>\n<p class=\"read-more\"> <a class=\"\" href=\"https:\/\/cerepair.eu\/fr-be\/home-academy\/programs\/drums-and-tubes\/\"> <span class=\"screen-reader-text\">F\u00fbts et Cuves de lavage<\/span> Read More &raquo;<\/a><\/p>","protected":false},"author":3,"featured_media":0,"parent":14461,"menu_order":0,"comment_status":"closed","ping_status":"closed","template":"","meta":{"site-sidebar-layout":"no-sidebar","site-content-layout":"page-builder","ast-global-header-display":"","ast-banner-title-visibility":"","ast-main-header-display":"","ast-hfb-above-header-display":"","ast-hfb-below-header-display":"","ast-hfb-mobile-header-display":"","site-post-title":"disabled","ast-breadcrumbs-content":"","ast-featured-img":"disabled","footer-sml-layout":"","theme-transparent-header-meta":"","adv-header-id-meta":"","stick-header-meta":"","header-above-stick-meta":"","header-main-stick-meta":"","header-below-stick-meta":"","footnotes":""},"class_list":["post-14268","page","type-page","status-publish","hentry"],"_links":{"self":[{"href":"https:\/\/cerepair.eu\/fr-be\/wp-json\/wp\/v2\/pages\/14268","targetHints":{"allow":["GET"]}}],"collection":[{"href":"https:\/\/cerepair.eu\/fr-be\/wp-json\/wp\/v2\/pages"}],"about":[{"href":"https:\/\/cerepair.eu\/fr-be\/wp-json\/wp\/v2\/types\/page"}],"author":[{"embeddable":true,"href":"https:\/\/cerepair.eu\/fr-be\/wp-json\/wp\/v2\/users\/3"}],"replies":[{"embeddable":true,"href":"https:\/\/cerepair.eu\/fr-be\/wp-json\/wp\/v2\/comments?post=14268"}],"version-history":[{"count":20,"href":"https:\/\/cerepair.eu\/fr-be\/wp-json\/wp\/v2\/pages\/14268\/revisions"}],"predecessor-version":[{"id":14672,"href":"https:\/\/cerepair.eu\/fr-be\/wp-json\/wp\/v2\/pages\/14268\/revisions\/14672"}],"up":[{"embeddable":true,"href":"https:\/\/cerepair.eu\/fr-be\/wp-json\/wp\/v2\/pages\/14461"}],"wp:attachment":[{"href":"https:\/\/cerepair.eu\/fr-be\/wp-json\/wp\/v2\/media?parent=14268"}],"curies":[{"name":"wp","href":"https:\/\/api.w.org\/{rel}","templated":true}]}}