{"id":14426,"date":"2022-07-22T11:37:25","date_gmt":"2022-07-22T11:37:25","guid":{"rendered":"https:\/\/cerepair.eu\/?page_id=14426"},"modified":"2022-07-29T09:51:12","modified_gmt":"2022-07-29T09:51:12","slug":"basic-principles-tv-repair","status":"publish","type":"page","link":"https:\/\/cerepair.eu\/fr-be\/home-academy\/programs\/basic-principles-tv-repair\/","title":{"rendered":"Principes de base de la r\u00e9paration de t\u00e9l\u00e9viseurs (B2C)"},"content":{"rendered":"<div data-elementor-type=\"wp-page\" data-elementor-id=\"14426\" class=\"elementor elementor-14426\" data-elementor-post-type=\"page\">\n\t\t\t\t\t\t<section class=\"elementor-section elementor-top-section elementor-element elementor-element-cc420a0 elementor-section-boxed elementor-section-height-default elementor-section-height-default\" data-id=\"cc420a0\" data-element_type=\"section\">\n\t\t\t\t\t\t<div class=\"elementor-container elementor-column-gap-default\">\n\t\t\t\t\t<div class=\"elementor-column elementor-col-100 elementor-top-column elementor-element elementor-element-e9d666b\" data-id=\"e9d666b\" data-element_type=\"column\">\n\t\t\t<div class=\"elementor-widget-wrap elementor-element-populated\">\n\t\t\t\t\t\t<div class=\"elementor-element elementor-element-af98bd1 elementor-widget elementor-widget-heading\" data-id=\"af98bd1\" data-element_type=\"widget\" data-widget_type=\"heading.default\">\n\t\t\t\t<div class=\"elementor-widget-container\">\n\t\t\t\t\t<h2 class=\"elementor-heading-title elementor-size-default\">Basisprinciples Tv-Reparatie(B2C)<\/h2>\t\t\t\t<\/div>\n\t\t\t\t<\/div>\n\t\t\t\t<div class=\"elementor-element elementor-element-8da58d5 elementor-widget elementor-widget-heading\" data-id=\"8da58d5\" data-element_type=\"widget\" data-widget_type=\"heading.default\">\n\t\t\t\t<div class=\"elementor-widget-container\">\n\t\t\t\t\t<h2 class=\"elementor-heading-title elementor-size-default\">Praktijkgerichte training voor beginnende service technici<\/h2>\t\t\t\t<\/div>\n\t\t\t\t<\/div>\n\t\t\t\t<div class=\"elementor-element elementor-element-df0c1df elementor-widget elementor-widget-text-editor\" data-id=\"df0c1df\" data-element_type=\"widget\" data-widget_type=\"text-editor.default\">\n\t\t\t\t<div class=\"elementor-widget-container\">\n\t\t\t\t\t\t\t\t\t<p>In deze training worden de basisprincipes van een TV-reparatie herhaald en verder uitgediept aan de hand van de meest actuele technieken en service-oplossingen. Ook leer je hoe de gebruiker\/klant op een correcte manier uitleg te geven over de optimale instelling van zijn toestel. In deze training wordt specifiek ingegaan op een aantal aspecten die daarbij van belang zijn zoals:<\/p><ul><li>Hoe je het beeld kunt aanpassen aan de kijkomgeving\/normen en wensen van de gebruiker<\/li><li>Afstemming op een dvd\/hd-dvd\/blu-ray speler, door middel van het juist instellen van de randapparatuur en de televisie.<\/li><\/ul>\t\t\t\t\t\t\t\t<\/div>\n\t\t\t\t<\/div>\n\t\t\t\t<div class=\"elementor-element elementor-element-7d2bd10 elementor-widget elementor-widget-text-editor\" data-id=\"7d2bd10\" data-element_type=\"widget\" data-widget_type=\"text-editor.default\">\n\t\t\t\t<div class=\"elementor-widget-container\">\n\t\t\t\t\t\t\t\t\t<p><strong>Public cible<\/strong><br \/>Deze training is bedoeld voor beginnende TV-technici, die regelmatig service verlenen aan toestellen bij consumenten thuis (B2C). Na afloop van deze training ben je in staat om de klant gedetailleerde en duidelijke uitleg te geven over het gebruik van zijn TV\/Beeldscherm. Deze training is een Module behorende bij de\u00a0<a href=\"\/fr-be\/home-academy\/training-technician\/\">Opleiding Service &amp; Reparatie Technicus Basis<\/a>.<\/p>\t\t\t\t\t\t\t\t<\/div>\n\t\t\t\t<\/div>\n\t\t\t\t<div class=\"elementor-element elementor-element-eeb0e49 elementor-widget elementor-widget-text-editor\" data-id=\"eeb0e49\" data-element_type=\"widget\" data-widget_type=\"text-editor.default\">\n\t\t\t\t<div class=\"elementor-widget-container\">\n\t\t\t\t\t\t\t\t\t<p><strong>Dur\u00e9e et nature de la formation<\/strong><br \/>Deze training wordt gegeven in klassikale vorm en beslaat in totaal 2 dagdelen. Tijdens het eerste dagdeel wordt met behulp van demonstraties door de instructeur de theorie behandeld. In deel 2 van de training gaat de cursist zelf aan de slag, aan de hand van een aantal concrete en praktijk gerelateerde opdrachten. Toetsing vindt plaats door middel van een digitale toets met open en meerkeuze vragen.<\/p>\t\t\t\t\t\t\t\t<\/div>\n\t\t\t\t<\/div>\n\t\t\t\t<div class=\"elementor-element elementor-element-99ca88b elementor-widget elementor-widget-text-editor\" data-id=\"99ca88b\" data-element_type=\"widget\" data-widget_type=\"text-editor.default\">\n\t\t\t\t<div class=\"elementor-widget-container\">\n\t\t\t\t\t\t\t\t\t<p><strong>Conditions d'entr\u00e9e<\/strong><br \/>Pour participer \u00e0 cette formation, les candidats doivent poss\u00e9der les comp\u00e9tences, l'exp\u00e9rience et le niveau de connaissances suivants :<br \/>\u2022 Diploma MBO Elektrotechniek of vergelijkbaar niveau o.b.v. aantoonbare werkervaring<br \/>\u2022 Basiskennis van beeldtechniek en elektronica<br \/>\u2022 Minimaal 1 jaar werkervaring als TV-technicus<br \/>\u2022 Affiniteit met beeldtechniek<br \/>\u2022 Bonnes capacit\u00e9s de communication<\/p>\t\t\t\t\t\t\t\t<\/div>\n\t\t\t\t<\/div>\n\t\t\t\t<div class=\"elementor-element elementor-element-c93bfa2 elementor-widget elementor-widget-text-editor\" data-id=\"c93bfa2\" data-element_type=\"widget\" data-widget_type=\"text-editor.default\">\n\t\t\t\t<div class=\"elementor-widget-container\">\n\t\t\t\t\t\t\t\t\t<p><strong>Tarifs et disponibilit\u00e9s<\/strong><br \/>De prijs van deze training bedraagt \u20ac 395,- per cursist, exclusief btw en kosten voor eindtoets en certificaat (zie verder\u00a0<a href=\"https:\/\/www.ceacademy.eu\/nl\/tarieven\">Tarifs<\/a>).<br \/>La taille minimale du groupe est de 4 \u00e9tudiants. Avec une participation suffisante, cette formation est offerte tout au long de l'ann\u00e9e.\u00a0<br \/>Renseignez-vous sur les possibilit\u00e9s via notre\u00a0<a href=\"https:\/\/www.ceacademy.eu\/nl\/contact\">Formulaire de contact<\/a>\u00a0op deze website.<\/p>\t\t\t\t\t\t\t\t<\/div>\n\t\t\t\t<\/div>\n\t\t\t\t\t<\/div>\n\t\t<\/div>\n\t\t\t\t\t<\/div>\n\t\t<\/section>\n\t\t\t\t<\/div>","protected":false},"excerpt":{"rendered":"<p>Basisprinciples Tv-Reparatie(B2C) Praktijkgerichte training voor beginnende service technici In deze training worden de basisprincipes van een TV-reparatie herhaald en verder uitgediept aan de hand van de meest actuele technieken en service-oplossingen. Ook leer je hoe de gebruiker\/klant op een correcte manier uitleg te geven over de optimale instelling van zijn toestel. In deze training wordt &hellip;<\/p>\n<p class=\"read-more\"> <a class=\"\" href=\"https:\/\/cerepair.eu\/fr-be\/home-academy\/programs\/basic-principles-tv-repair\/\"> <span class=\"screen-reader-text\">Principes de base de la r\u00e9paration de t\u00e9l\u00e9viseurs (B2C)<\/span> Read More &raquo;<\/a><\/p>","protected":false},"author":3,"featured_media":0,"parent":14461,"menu_order":0,"comment_status":"closed","ping_status":"closed","template":"","meta":{"site-sidebar-layout":"no-sidebar","site-content-layout":"page-builder","ast-global-header-display":"","ast-banner-title-visibility":"","ast-main-header-display":"","ast-hfb-above-header-display":"","ast-hfb-below-header-display":"","ast-hfb-mobile-header-display":"","site-post-title":"disabled","ast-breadcrumbs-content":"","ast-featured-img":"disabled","footer-sml-layout":"","theme-transparent-header-meta":"","adv-header-id-meta":"","stick-header-meta":"","header-above-stick-meta":"","header-main-stick-meta":"","header-below-stick-meta":"","footnotes":""},"class_list":["post-14426","page","type-page","status-publish","hentry"],"_links":{"self":[{"href":"https:\/\/cerepair.eu\/fr-be\/wp-json\/wp\/v2\/pages\/14426","targetHints":{"allow":["GET"]}}],"collection":[{"href":"https:\/\/cerepair.eu\/fr-be\/wp-json\/wp\/v2\/pages"}],"about":[{"href":"https:\/\/cerepair.eu\/fr-be\/wp-json\/wp\/v2\/types\/page"}],"author":[{"embeddable":true,"href":"https:\/\/cerepair.eu\/fr-be\/wp-json\/wp\/v2\/users\/3"}],"replies":[{"embeddable":true,"href":"https:\/\/cerepair.eu\/fr-be\/wp-json\/wp\/v2\/comments?post=14426"}],"version-history":[{"count":13,"href":"https:\/\/cerepair.eu\/fr-be\/wp-json\/wp\/v2\/pages\/14426\/revisions"}],"predecessor-version":[{"id":14439,"href":"https:\/\/cerepair.eu\/fr-be\/wp-json\/wp\/v2\/pages\/14426\/revisions\/14439"}],"up":[{"embeddable":true,"href":"https:\/\/cerepair.eu\/fr-be\/wp-json\/wp\/v2\/pages\/14461"}],"wp:attachment":[{"href":"https:\/\/cerepair.eu\/fr-be\/wp-json\/wp\/v2\/media?parent=14426"}],"curies":[{"name":"wp","href":"https:\/\/api.w.org\/{rel}","templated":true}]}}