{"id":14440,"date":"2022-07-22T11:53:03","date_gmt":"2022-07-22T11:53:03","guid":{"rendered":"https:\/\/cerepair.eu\/?page_id=14440"},"modified":"2022-07-29T09:51:21","modified_gmt":"2022-07-29T09:51:21","slug":"built-in-equipment","status":"publish","type":"page","link":"https:\/\/cerepair.eu\/fr-be\/home-academy\/programs\/built-in-equipment\/","title":{"rendered":"Appareils Encastrables"},"content":{"rendered":"<div data-elementor-type=\"wp-page\" data-elementor-id=\"14440\" class=\"elementor elementor-14440\" data-elementor-post-type=\"page\">\n\t\t\t\t\t\t<section class=\"elementor-section elementor-top-section elementor-element elementor-element-cc420a0 elementor-section-boxed elementor-section-height-default elementor-section-height-default\" data-id=\"cc420a0\" data-element_type=\"section\">\n\t\t\t\t\t\t<div class=\"elementor-container elementor-column-gap-default\">\n\t\t\t\t\t<div class=\"elementor-column elementor-col-100 elementor-top-column elementor-element elementor-element-e9d666b\" data-id=\"e9d666b\" data-element_type=\"column\">\n\t\t\t<div class=\"elementor-widget-wrap elementor-element-populated\">\n\t\t\t\t\t\t<div class=\"elementor-element elementor-element-af98bd1 elementor-widget elementor-widget-heading\" data-id=\"af98bd1\" data-element_type=\"widget\" data-widget_type=\"heading.default\">\n\t\t\t\t<div class=\"elementor-widget-container\">\n\t\t\t\t\t<h2 class=\"elementor-heading-title elementor-size-default\">Inbouwapparatuur<\/h2>\t\t\t\t<\/div>\n\t\t\t\t<\/div>\n\t\t\t\t<div class=\"elementor-element elementor-element-8da58d5 elementor-widget elementor-widget-heading\" data-id=\"8da58d5\" data-element_type=\"widget\" data-widget_type=\"heading.default\">\n\t\t\t\t<div class=\"elementor-widget-container\">\n\t\t\t\t\t<h2 class=\"elementor-heading-title elementor-size-default\">Praktijkgerichte training voor gevorderde service technici<\/h2>\t\t\t\t<\/div>\n\t\t\t\t<\/div>\n\t\t\t\t<div class=\"elementor-element elementor-element-df0c1df elementor-widget elementor-widget-text-editor\" data-id=\"df0c1df\" data-element_type=\"widget\" data-widget_type=\"text-editor.default\">\n\t\t\t\t<div class=\"elementor-widget-container\">\n\t\t\t\t\t\t\t\t\t<p>Het repareren van een wasmachine of koelkast die vrij in een ruimte staat en goed toegankelijk is, scheelt een technicus een hoop tijd. Maar wat als je een defecte vaatwasser moet repareren die netjes is ingebouwd in een design keuken? Of wat te denken van een wijnkoelkast die ook nog eens gevuld is met een voorraadje dure wijnflessen? In deze training wordt naast de technische aspecten van het repareren van diverse merken inbouwapparatuur dieper ingegaan op de diversiteit aan gebruikssituaties waar een witgoedtechnicus mee te maken krijgt en de klant een passende oplossing moet kunnen bieden.<\/p>\t\t\t\t\t\t\t\t<\/div>\n\t\t\t\t<\/div>\n\t\t\t\t<div class=\"elementor-element elementor-element-7d2bd10 elementor-widget elementor-widget-text-editor\" data-id=\"7d2bd10\" data-element_type=\"widget\" data-widget_type=\"text-editor.default\">\n\t\t\t\t<div class=\"elementor-widget-container\">\n\t\t\t\t\t\t\t\t\t<p><strong>Public cible<\/strong><br \/>Deze training is bedoeld voor gevorderde witgoed technici, die al enkele jaren service verlenen aan verschillende merken witgoedapparatuur bij consumenten thuis (B2C). Na afloop van deze training weet je om te gaan met verschillende gebruikssituaties en kun je zelfstandig reparaties uitvoeren aan inbouwapparatuur en weet je de bijbehorende problemen vakkundig oplossen.<\/p>\t\t\t\t\t\t\t\t<\/div>\n\t\t\t\t<\/div>\n\t\t\t\t<div class=\"elementor-element elementor-element-eeb0e49 elementor-widget elementor-widget-text-editor\" data-id=\"eeb0e49\" data-element_type=\"widget\" data-widget_type=\"text-editor.default\">\n\t\t\t\t<div class=\"elementor-widget-container\">\n\t\t\t\t\t\t\t\t\t<p><strong>Dur\u00e9e et nature de la formation<\/strong><br \/>Deze training wordt gegeven in klassikale vorm en beslaat in totaal 2 dagdelen. Tijdens het eerste dagdeel wordt met behulp van demonstraties door de instructeur de theorie behandeld. In deel 2 van de training gaat de cursist zelf aan de slag, aan de hand van een aantal concrete en praktijk gerelateerde opdrachten. Toetsing vindt plaats door middel van een digitale toets met open en meerkeuze vragen. Bij succesvolle afronding van de toets ontvangt de cursist een Certificaat.<br \/>Cette formation est un module du\u00a0<a href=\"\/fr-be\/home-academy\/training-technician\/\">Opleiding Service &amp; Reparatie Technicus Gevorderd<\/a>.<\/p>\t\t\t\t\t\t\t\t<\/div>\n\t\t\t\t<\/div>\n\t\t\t\t<div class=\"elementor-element elementor-element-99ca88b elementor-widget elementor-widget-text-editor\" data-id=\"99ca88b\" data-element_type=\"widget\" data-widget_type=\"text-editor.default\">\n\t\t\t\t<div class=\"elementor-widget-container\">\n\t\t\t\t\t\t\t\t\t<p><strong>Conditions d'entr\u00e9e<\/strong><br \/>Pour participer \u00e0 cette formation, les candidats doivent poss\u00e9der les comp\u00e9tences, l'exp\u00e9rience et le niveau de connaissances suivants :<br \/>\u2022 Dipl\u00f4me en technologie MBO ou niveau de r\u00e9flexion comparable bas\u00e9 sur exp\u00e9rience de travail d\u00e9montrable<br \/>\u2022 Basiskennis van was- en wasdroog- technieken<br \/>\u2022 Minimaal 1 jaar werkervaring als service technicus<br \/>\u2022 Affiniteit met huishoudelijke apparatuur<br \/>\u2022 Bonnes capacit\u00e9s de communication<\/p>\t\t\t\t\t\t\t\t<\/div>\n\t\t\t\t<\/div>\n\t\t\t\t<div class=\"elementor-element elementor-element-c93bfa2 elementor-widget elementor-widget-text-editor\" data-id=\"c93bfa2\" data-element_type=\"widget\" data-widget_type=\"text-editor.default\">\n\t\t\t\t<div class=\"elementor-widget-container\">\n\t\t\t\t\t\t\t\t\t<p><strong>Tarifs et disponibilit\u00e9s<\/strong><br \/>De prijs van deze training bedraagt \u20ac 395,- per cursist, exclusief btw en kosten voor eindtoets en certificaat (zie verder\u00a0<a href=\"https:\/\/www.ceacademy.eu\/nl\/tarieven\">Tarifs<\/a>).<br \/>La taille minimale du groupe est de 4 \u00e9tudiants. Avec une participation suffisante, cette formation est offerte tout au long de l'ann\u00e9e.\u00a0<br \/>Renseignez-vous sur les possibilit\u00e9s via notre\u00a0<a href=\"https:\/\/www.ceacademy.eu\/nl\/contact\">Formulaire de contact<\/a>\u00a0op deze website.<\/p>\t\t\t\t\t\t\t\t<\/div>\n\t\t\t\t<\/div>\n\t\t\t\t\t<\/div>\n\t\t<\/div>\n\t\t\t\t\t<\/div>\n\t\t<\/section>\n\t\t\t\t<\/div>","protected":false},"excerpt":{"rendered":"<p>Inbouwapparatuur Praktijkgerichte training voor gevorderde service technici Het repareren van een wasmachine of koelkast die vrij in een ruimte staat en goed toegankelijk is, scheelt een technicus een hoop tijd. Maar wat als je een defecte vaatwasser moet repareren die netjes is ingebouwd in een design keuken? Of wat te denken van een wijnkoelkast die &hellip;<\/p>\n<p class=\"read-more\"> <a class=\"\" href=\"https:\/\/cerepair.eu\/fr-be\/home-academy\/programs\/built-in-equipment\/\"> <span class=\"screen-reader-text\">Appareils Encastrables<\/span> Read More &raquo;<\/a><\/p>","protected":false},"author":3,"featured_media":0,"parent":14461,"menu_order":0,"comment_status":"closed","ping_status":"closed","template":"","meta":{"site-sidebar-layout":"no-sidebar","site-content-layout":"page-builder","ast-global-header-display":"","ast-banner-title-visibility":"","ast-main-header-display":"","ast-hfb-above-header-display":"","ast-hfb-below-header-display":"","ast-hfb-mobile-header-display":"","site-post-title":"disabled","ast-breadcrumbs-content":"","ast-featured-img":"disabled","footer-sml-layout":"","theme-transparent-header-meta":"","adv-header-id-meta":"","stick-header-meta":"","header-above-stick-meta":"","header-main-stick-meta":"","header-below-stick-meta":"","footnotes":""},"class_list":["post-14440","page","type-page","status-publish","hentry"],"_links":{"self":[{"href":"https:\/\/cerepair.eu\/fr-be\/wp-json\/wp\/v2\/pages\/14440","targetHints":{"allow":["GET"]}}],"collection":[{"href":"https:\/\/cerepair.eu\/fr-be\/wp-json\/wp\/v2\/pages"}],"about":[{"href":"https:\/\/cerepair.eu\/fr-be\/wp-json\/wp\/v2\/types\/page"}],"author":[{"embeddable":true,"href":"https:\/\/cerepair.eu\/fr-be\/wp-json\/wp\/v2\/users\/3"}],"replies":[{"embeddable":true,"href":"https:\/\/cerepair.eu\/fr-be\/wp-json\/wp\/v2\/comments?post=14440"}],"version-history":[{"count":5,"href":"https:\/\/cerepair.eu\/fr-be\/wp-json\/wp\/v2\/pages\/14440\/revisions"}],"predecessor-version":[{"id":14453,"href":"https:\/\/cerepair.eu\/fr-be\/wp-json\/wp\/v2\/pages\/14440\/revisions\/14453"}],"up":[{"embeddable":true,"href":"https:\/\/cerepair.eu\/fr-be\/wp-json\/wp\/v2\/pages\/14461"}],"wp:attachment":[{"href":"https:\/\/cerepair.eu\/fr-be\/wp-json\/wp\/v2\/media?parent=14440"}],"curies":[{"name":"wp","href":"https:\/\/api.w.org\/{rel}","templated":true}]}}