{"id":14445,"date":"2022-07-22T12:15:10","date_gmt":"2022-07-22T12:15:10","guid":{"rendered":"https:\/\/cerepair.eu\/?page_id=14445"},"modified":"2022-07-29T09:51:28","modified_gmt":"2022-07-29T09:51:28","slug":"cooling-repair","status":"publish","type":"page","link":"https:\/\/cerepair.eu\/fr-be\/home-academy\/programs\/cooling-repair\/","title":{"rendered":"R\u00e9paration de Refroidissement"},"content":{"rendered":"<div data-elementor-type=\"wp-page\" data-elementor-id=\"14445\" class=\"elementor elementor-14445\" data-elementor-post-type=\"page\">\n\t\t\t\t\t\t<section class=\"elementor-section elementor-top-section elementor-element elementor-element-cc420a0 elementor-section-boxed elementor-section-height-default elementor-section-height-default\" data-id=\"cc420a0\" data-element_type=\"section\">\n\t\t\t\t\t\t<div class=\"elementor-container elementor-column-gap-default\">\n\t\t\t\t\t<div class=\"elementor-column elementor-col-100 elementor-top-column elementor-element elementor-element-e9d666b\" data-id=\"e9d666b\" data-element_type=\"column\">\n\t\t\t<div class=\"elementor-widget-wrap elementor-element-populated\">\n\t\t\t\t\t\t<div class=\"elementor-element elementor-element-af98bd1 elementor-widget elementor-widget-heading\" data-id=\"af98bd1\" data-element_type=\"widget\" data-widget_type=\"heading.default\">\n\t\t\t\t<div class=\"elementor-widget-container\">\n\t\t\t\t\t<h2 class=\"elementor-heading-title elementor-size-default\">R\u00e9paration de r\u00e9frig\u00e9ration<\/h2>\t\t\t\t<\/div>\n\t\t\t\t<\/div>\n\t\t\t\t<div class=\"elementor-element elementor-element-8da58d5 elementor-widget elementor-widget-heading\" data-id=\"8da58d5\" data-element_type=\"widget\" data-widget_type=\"heading.default\">\n\t\t\t\t<div class=\"elementor-widget-container\">\n\t\t\t\t\t<h2 class=\"elementor-heading-title elementor-size-default\">Formation pratique pour sp\u00e9cialistes<\/h2>\t\t\t\t<\/div>\n\t\t\t\t<\/div>\n\t\t\t\t<div class=\"elementor-element elementor-element-df0c1df elementor-widget elementor-widget-text-editor\" data-id=\"df0c1df\" data-element_type=\"widget\" data-widget_type=\"text-editor.default\">\n\t\t\t\t<div class=\"elementor-widget-container\">\n\t\t\t\t\t\t\t\t\t<p>Pour une r\u00e9paration esth\u00e9tique d'un r\u00e9frig\u00e9rateur ou le remplacement d'une pi\u00e8ce, comme une porte ou une machine \u00e0 gla\u00e7ons, vous ne vous retournez plus. Mais r\u00e9soudre les pannes de r\u00e9frig\u00e9ration est une toute autre histoire. Dans cette formation, tous les aspects pour pouvoir le faire de mani\u00e8re professionnelle et en toute s\u00e9curit\u00e9 sont abord\u00e9s.<\/p>\t\t\t\t\t\t\t\t<\/div>\n\t\t\t\t<\/div>\n\t\t\t\t<div class=\"elementor-element elementor-element-7d2bd10 elementor-widget elementor-widget-text-editor\" data-id=\"7d2bd10\" data-element_type=\"widget\" data-widget_type=\"text-editor.default\">\n\t\t\t\t<div class=\"elementor-widget-container\">\n\t\t\t\t\t\t\t\t\t<p><strong>Public cible<\/strong><br \/>Cette formation est destin\u00e9e au technicien \u00e9lectrom\u00e9nager avanc\u00e9 qui poss\u00e8de une vaste exp\u00e9rience de travail dans la prestation de services \u00e0 diff\u00e9rentes marques d'\u00e9quipements \u00e9lectrom\u00e9nagers au domicile des consommateurs (B2C). Apr\u00e8s cette formation, vous serez en mesure d'effectuer des r\u00e9parations de r\u00e9frig\u00e9ration de mani\u00e8re autonome et en toute s\u00e9curit\u00e9.<\/p>\t\t\t\t\t\t\t\t<\/div>\n\t\t\t\t<\/div>\n\t\t\t\t<div class=\"elementor-element elementor-element-eeb0e49 elementor-widget elementor-widget-text-editor\" data-id=\"eeb0e49\" data-element_type=\"widget\" data-widget_type=\"text-editor.default\">\n\t\t\t\t<div class=\"elementor-widget-container\">\n\t\t\t\t\t\t\t\t\t<p><strong>Dur\u00e9e et nature de la formation<\/strong><br \/>Cette formation se donne sous forme de cours et couvre un total de 4 demi-journ\u00e9es. Durant la premi\u00e8re partie de la formation, la th\u00e9orie est trait\u00e9e \u00e0 l'aide de d\u00e9monstrations par l'instructeur. Dans la partie 2 de la formation, l'\u00e9tudiant se met au travail sur la base d'un certain nombre de missions concr\u00e8tes et li\u00e9es \u00e0 la pratique. Le test se d\u00e9roule au moyen d'un test num\u00e9rique avec des questions ouvertes et \u00e0 choix multiples. Pour participer au test final de cette formation, l'obtention d'une certification STEK (et non par CE Academy) est une exigence. Apr\u00e8s avoir r\u00e9ussi le test, l'\u00e9tudiant recevra un certificat.<br \/>Cette formation est un module du\u00a0<a href=\"\/fr-be\/home-academy\/training-technician\/\">Technicien sp\u00e9cialis\u00e9 en entretien et r\u00e9paration de formation<\/a><\/p>\t\t\t\t\t\t\t\t<\/div>\n\t\t\t\t<\/div>\n\t\t\t\t<div class=\"elementor-element elementor-element-99ca88b elementor-widget elementor-widget-text-editor\" data-id=\"99ca88b\" data-element_type=\"widget\" data-widget_type=\"text-editor.default\">\n\t\t\t\t<div class=\"elementor-widget-container\">\n\t\t\t\t\t\t\t\t\t<p><strong>Conditions d'entr\u00e9e<\/strong><br \/>Pour participer \u00e0 cette formation, les candidats doivent poss\u00e9der les comp\u00e9tences, l'exp\u00e9rience et le niveau de connaissances suivants :<br \/>\u2022 Dipl\u00f4me en technologie MBO ou niveau de r\u00e9flexion comparable bas\u00e9 sur exp\u00e9rience de travail d\u00e9montrable<br \/>\u2022 Bonne connaissance des techniques de refroidissement<br \/>\u2022 Minimum 3 ans d'exp\u00e9rience professionnelle en tant que technicien de service<br \/>\u2022 Certifi\u00e9 VCA\/VOL<br \/>\u2022 Bonnes capacit\u00e9s de communication<\/p>\t\t\t\t\t\t\t\t<\/div>\n\t\t\t\t<\/div>\n\t\t\t\t<div class=\"elementor-element elementor-element-c93bfa2 elementor-widget elementor-widget-text-editor\" data-id=\"c93bfa2\" data-element_type=\"widget\" data-widget_type=\"text-editor.default\">\n\t\t\t\t<div class=\"elementor-widget-container\">\n\t\t\t\t\t\t\t\t\t<p><strong>Tarifs et disponibilit\u00e9s<\/strong><br \/>Le prix de cette formation est de 1580 \u20ac par \u00e9tudiant, hors : TVA, frais de test final et certificat, certification STEK (voir ci-dessous).\u00a0<a href=\"https:\/\/www.ceacademy.eu\/nl\/tarieven\">Tarifs<\/a>).<br \/>La taille minimale du groupe est de 4 \u00e9tudiants. Avec une participation suffisante, cette formation est offerte tout au long de l'ann\u00e9e.\u00a0<br \/>Renseignez-vous sur les possibilit\u00e9s via notre\u00a0<a href=\"https:\/\/www.ceacademy.eu\/nl\/contact\">Formulaire de contact<\/a>\u00a0sur ce site. La taille minimale d'un groupe est de 4 \u00e9tudiants.<\/p>\t\t\t\t\t\t\t\t<\/div>\n\t\t\t\t<\/div>\n\t\t\t\t\t<\/div>\n\t\t<\/div>\n\t\t\t\t\t<\/div>\n\t\t<\/section>\n\t\t\t\t<\/div>","protected":false},"excerpt":{"rendered":"<p>Koeltechnisch repareren Praktijkgerichte training voor specialisten Voor een cosmetische reparatie aan een koelkast of het vervangen van een onderdeel, zoals bijvoorbeeld een deur of een ijsmaker, draai jij je hand niet meer om. Maar het verhelpen van koeltechnische storingen is een heel ander verhaal. In deze training komen alle aspecten om dit vakkundig en veilig &hellip;<\/p>\n<p class=\"read-more\"> <a class=\"\" href=\"https:\/\/cerepair.eu\/fr-be\/home-academy\/programs\/cooling-repair\/\"> <span class=\"screen-reader-text\">R\u00e9paration de Refroidissement<\/span> Read More &raquo;<\/a><\/p>","protected":false},"author":3,"featured_media":0,"parent":14461,"menu_order":0,"comment_status":"closed","ping_status":"closed","template":"","meta":{"site-sidebar-layout":"no-sidebar","site-content-layout":"page-builder","ast-global-header-display":"","ast-banner-title-visibility":"","ast-main-header-display":"","ast-hfb-above-header-display":"","ast-hfb-below-header-display":"","ast-hfb-mobile-header-display":"","site-post-title":"disabled","ast-breadcrumbs-content":"","ast-featured-img":"disabled","footer-sml-layout":"","theme-transparent-header-meta":"","adv-header-id-meta":"","stick-header-meta":"","header-above-stick-meta":"","header-main-stick-meta":"","header-below-stick-meta":"","footnotes":""},"class_list":["post-14445","page","type-page","status-publish","hentry"],"_links":{"self":[{"href":"https:\/\/cerepair.eu\/fr-be\/wp-json\/wp\/v2\/pages\/14445","targetHints":{"allow":["GET"]}}],"collection":[{"href":"https:\/\/cerepair.eu\/fr-be\/wp-json\/wp\/v2\/pages"}],"about":[{"href":"https:\/\/cerepair.eu\/fr-be\/wp-json\/wp\/v2\/types\/page"}],"author":[{"embeddable":true,"href":"https:\/\/cerepair.eu\/fr-be\/wp-json\/wp\/v2\/users\/3"}],"replies":[{"embeddable":true,"href":"https:\/\/cerepair.eu\/fr-be\/wp-json\/wp\/v2\/comments?post=14445"}],"version-history":[{"count":7,"href":"https:\/\/cerepair.eu\/fr-be\/wp-json\/wp\/v2\/pages\/14445\/revisions"}],"predecessor-version":[{"id":14452,"href":"https:\/\/cerepair.eu\/fr-be\/wp-json\/wp\/v2\/pages\/14445\/revisions\/14452"}],"up":[{"embeddable":true,"href":"https:\/\/cerepair.eu\/fr-be\/wp-json\/wp\/v2\/pages\/14461"}],"wp:attachment":[{"href":"https:\/\/cerepair.eu\/fr-be\/wp-json\/wp\/v2\/media?parent=14445"}],"curies":[{"name":"wp","href":"https:\/\/api.w.org\/{rel}","templated":true}]}}