{"id":15060,"date":"2022-08-02T13:46:17","date_gmt":"2022-08-02T13:46:17","guid":{"rendered":"https:\/\/cerepair.eu\/?page_id=15060"},"modified":"2022-08-08T10:51:23","modified_gmt":"2022-08-08T10:51:23","slug":"services","status":"publish","type":"page","link":"https:\/\/cerepair.eu\/fr-be\/home-logistics\/services\/","title":{"rendered":"Prestations de service"},"content":{"rendered":"<div data-elementor-type=\"wp-page\" data-elementor-id=\"15060\" class=\"elementor elementor-15060\" data-elementor-post-type=\"page\">\n\t\t\t\t\t\t<section class=\"elementor-section elementor-top-section elementor-element elementor-element-7442995c elementor-section-boxed elementor-section-height-default elementor-section-height-default\" data-id=\"7442995c\" data-element_type=\"section\" data-settings=\"{&quot;background_background&quot;:&quot;classic&quot;}\">\n\t\t\t\t\t\t<div class=\"elementor-container elementor-column-gap-no\">\n\t\t\t\t\t<div class=\"elementor-column elementor-col-100 elementor-top-column elementor-element elementor-element-50a71c97\" data-id=\"50a71c97\" data-element_type=\"column\">\n\t\t\t<div class=\"elementor-widget-wrap elementor-element-populated\">\n\t\t\t\t\t\t<section class=\"elementor-section elementor-inner-section elementor-element elementor-element-1da711ae elementor-section-boxed elementor-section-height-default elementor-section-height-default\" data-id=\"1da711ae\" data-element_type=\"section\" data-settings=\"{&quot;background_background&quot;:&quot;classic&quot;}\">\n\t\t\t\t\t\t\t<div class=\"elementor-background-overlay\"><\/div>\n\t\t\t\t\t\t\t<div class=\"elementor-container elementor-column-gap-default\">\n\t\t\t\t\t<div class=\"elementor-column elementor-col-100 elementor-inner-column elementor-element elementor-element-7bcc9cee\" data-id=\"7bcc9cee\" data-element_type=\"column\">\n\t\t\t<div class=\"elementor-widget-wrap elementor-element-populated\">\n\t\t\t\t\t\t<div class=\"elementor-element elementor-element-53c3fc9e elementor-widget elementor-widget-heading\" data-id=\"53c3fc9e\" data-element_type=\"widget\" data-widget_type=\"heading.default\">\n\t\t\t\t<div class=\"elementor-widget-container\">\n\t\t\t\t\t<h1 class=\"elementor-heading-title elementor-size-default\">Prestations de service<\/h1>\t\t\t\t<\/div>\n\t\t\t\t<\/div>\n\t\t\t\t<div class=\"elementor-element elementor-element-5a96b69c elementor-headline--style-rotate elementor-widget__width-inherit elementor-widget elementor-widget-animated-headline\" data-id=\"5a96b69c\" data-element_type=\"widget\" data-settings=\"{&quot;headline_style&quot;:&quot;rotate&quot;,&quot;animation_type&quot;:&quot;flip&quot;,&quot;rotating_text&quot;:&quot;40 jaar reparatie expertise\\nD\\u00e9 service specialist voor elektrische apparaten\\nGeautoriseerd voor en door alle bekende merken&quot;,&quot;rotate_iteration_delay&quot;:6000,&quot;loop&quot;:&quot;yes&quot;}\" data-widget_type=\"animated-headline.default\">\n\t\t\t\t<div class=\"elementor-widget-container\">\n\t\t\t\t\t\t\t<h3 class=\"elementor-headline elementor-headline-animation-type-flip\">\n\t\t\t\t<span class=\"elementor-headline-dynamic-wrapper elementor-headline-text-wrapper\">\n\t\t\t\t\t<span class=\"elementor-headline-dynamic-text elementor-headline-text-active\">\n\t\t\t\t40 ans d'expertise en r\u00e9paration\t\t\t<\/span>\n\t\t\t\t\t<span class=\"elementor-headline-dynamic-text\">\n\t\t\t\tLe sp\u00e9cialiste du service pour l'\u00e9lectronique grand public\t\t\t<\/span>\n\t\t\t\t\t<span class=\"elementor-headline-dynamic-text\">\n\t\t\t\tAutoris\u00e9 pour et par toutes les marques connues\t\t\t<\/span>\n\t\t\t\t\t\t<\/span>\n\t\t\t\t<\/h3>\n\t\t\t\t\t\t<\/div>\n\t\t\t\t<\/div>\n\t\t\t\t\t<\/div>\n\t\t<\/div>\n\t\t\t\t\t<\/div>\n\t\t<\/section>\n\t\t\t\t\t<\/div>\n\t\t<\/div>\n\t\t\t\t\t<\/div>\n\t\t<\/section>\n\t\t\t\t<section class=\"elementor-section elementor-top-section elementor-element elementor-element-f18c634 elementor-section-boxed elementor-section-height-default elementor-section-height-default\" data-id=\"f18c634\" data-element_type=\"section\">\n\t\t\t\t\t\t<div class=\"elementor-container elementor-column-gap-no\">\n\t\t\t\t\t<div class=\"elementor-column elementor-col-100 elementor-top-column elementor-element elementor-element-f55d564\" data-id=\"f55d564\" data-element_type=\"column\">\n\t\t\t<div class=\"elementor-widget-wrap elementor-element-populated\">\n\t\t\t\t\t\t<section class=\"elementor-section elementor-inner-section elementor-element elementor-element-0316b0f elementor-section-boxed elementor-section-height-default elementor-section-height-default\" data-id=\"0316b0f\" data-element_type=\"section\">\n\t\t\t\t\t\t<div class=\"elementor-container elementor-column-gap-no\">\n\t\t\t\t\t<div class=\"elementor-column elementor-col-100 elementor-inner-column elementor-element elementor-element-f2acd0f\" data-id=\"f2acd0f\" data-element_type=\"column\">\n\t\t\t<div class=\"elementor-widget-wrap elementor-element-populated\">\n\t\t\t\t\t\t<div class=\"elementor-element elementor-element-48fe8db elementor-widget elementor-widget-heading\" data-id=\"48fe8db\" data-element_type=\"widget\" data-widget_type=\"heading.default\">\n\t\t\t\t<div class=\"elementor-widget-container\">\n\t\t\t\t\t<h2 class=\"elementor-heading-title elementor-size-default\">Return Logistics<\/h2>\t\t\t\t<\/div>\n\t\t\t\t<\/div>\n\t\t\t\t<div class=\"elementor-element elementor-element-f503fee elementor-widget elementor-widget-text-editor\" data-id=\"f503fee\" data-element_type=\"widget\" data-widget_type=\"text-editor.default\">\n\t\t\t\t<div class=\"elementor-widget-container\">\n\t\t\t\t\t\t\t\t\t<p>Chaque jour, nous recevons des retours de marchandises de nombreux transporteurs et services de colis qui sont trait\u00e9s imm\u00e9diatement (dans le m\u00eame jour ouvrable) par nos employ\u00e9s logistiques. Les produits pr\u00eats \u2013 apr\u00e8s r\u00e9paration, remise \u00e0 neuf ou criblage\/nettoyage \u2013 sont \u00e9galement renvoy\u00e9s quotidiennement \u00e0 nos clients. Le statut de chaque produit peut \u00eatre suivi tout au long du processus et peut \u00eatre demand\u00e9 via des liens vers le syst\u00e8me de nos clients.<br \/>Les marchandises re\u00e7ues sont v\u00e9rifi\u00e9es pour les dommages, la non-conformit\u00e9, le DOA (Dead on Arrival) avant d'\u00eatre trait\u00e9es ult\u00e9rieurement. Les produits n\u00e9cessitant une r\u00e9paration sont imm\u00e9diatement achemin\u00e9s vers notre atelier interne (<a href=\"\/fr-be\/services\/\">CE Repair Services<\/a>), ou \u00e0 des partenaires de service externes.<\/p>\t\t\t\t\t\t\t\t<\/div>\n\t\t\t\t<\/div>\n\t\t\t\t<div class=\"elementor-element elementor-element-89be691 elementor-widget elementor-widget-heading\" data-id=\"89be691\" data-element_type=\"widget\" data-widget_type=\"heading.default\">\n\t\t\t\t<div class=\"elementor-widget-container\">\n\t\t\t\t\t<h4 class=\"elementor-heading-title elementor-size-default\">RMA &amp; Return management<\/h4>\t\t\t\t<\/div>\n\t\t\t\t<\/div>\n\t\t\t\t<div class=\"elementor-element elementor-element-cfda916 elementor-widget elementor-widget-text-editor\" data-id=\"cfda916\" data-element_type=\"widget\" data-widget_type=\"text-editor.default\">\n\t\t\t\t<div class=\"elementor-widget-container\">\n\t\t\t\t\t\t\t\t\t<p>Pour les produits cr\u00e9dit\u00e9s directement ou \u00e9chang\u00e9s, nous effectuons le r\u00e8glement administratif et financier pour nos clients aupr\u00e8s des fabricants, importateurs et distributeurs et, selon les souhaits, la transformation ult\u00e9rieure du produit. Si vous le souhaitez, nous effectuons la remise \u00e0 neuf d'un certain nombre de produits, les produits \u00e9tant ainsi remis \u00e0 neuf pour \u00eatre \u00e9chang\u00e9s ou r\u00e9utilis\u00e9s.<\/p>\t\t\t\t\t\t\t\t<\/div>\n\t\t\t\t<\/div>\n\t\t\t\t\t<\/div>\n\t\t<\/div>\n\t\t\t\t\t<\/div>\n\t\t<\/section>\n\t\t\t\t\t<\/div>\n\t\t<\/div>\n\t\t\t\t\t<\/div>\n\t\t<\/section>\n\t\t\t\t<section class=\"elementor-section elementor-top-section elementor-element elementor-element-2bc9d16 elementor-section-boxed elementor-section-height-default elementor-section-height-default\" data-id=\"2bc9d16\" data-element_type=\"section\">\n\t\t\t\t\t\t<div class=\"elementor-container elementor-column-gap-no\">\n\t\t\t\t\t<div class=\"elementor-column elementor-col-100 elementor-top-column elementor-element elementor-element-a071633\" data-id=\"a071633\" data-element_type=\"column\">\n\t\t\t<div class=\"elementor-widget-wrap elementor-element-populated\">\n\t\t\t\t\t\t<section class=\"elementor-section elementor-inner-section elementor-element elementor-element-282f6dd elementor-section-boxed elementor-section-height-default elementor-section-height-default\" data-id=\"282f6dd\" data-element_type=\"section\" data-settings=\"{&quot;background_background&quot;:&quot;classic&quot;}\">\n\t\t\t\t\t\t<div class=\"elementor-container elementor-column-gap-no\">\n\t\t\t\t\t<div class=\"elementor-column elementor-col-100 elementor-inner-column elementor-element elementor-element-5acfb59\" data-id=\"5acfb59\" data-element_type=\"column\">\n\t\t\t<div class=\"elementor-widget-wrap elementor-element-populated\">\n\t\t\t\t\t\t<div class=\"elementor-element elementor-element-2caf49f elementor-widget elementor-widget-heading\" data-id=\"2caf49f\" data-element_type=\"widget\" data-widget_type=\"heading.default\">\n\t\t\t\t<div class=\"elementor-widget-container\">\n\t\t\t\t\t<h2 class=\"elementor-heading-title elementor-size-default\">Services \u00e0 valeur ajout\u00e9e<\/h2>\t\t\t\t<\/div>\n\t\t\t\t<\/div>\n\t\t\t\t<div class=\"elementor-element elementor-element-2906d05 elementor-widget elementor-widget-heading\" data-id=\"2906d05\" data-element_type=\"widget\" data-widget_type=\"heading.default\">\n\t\t\t\t<div class=\"elementor-widget-container\">\n\t\t\t\t\t<h4 class=\"elementor-heading-title elementor-size-default\">Assemblage Services<\/h4>\t\t\t\t<\/div>\n\t\t\t\t<\/div>\n\t\t\t\t<div class=\"elementor-element elementor-element-d046557 elementor-widget elementor-widget-text-editor\" data-id=\"d046557\" data-element_type=\"widget\" data-widget_type=\"text-editor.default\">\n\t\t\t\t<div class=\"elementor-widget-container\">\n\t\t\t\t\t\t\t\t\t<p>Om producten geschikt te maken voor de lokale en Europese markt- en\/of aan te passen aan specifieke klantbehoeften (o.a. personaliseren) voeren wij voor diverse opdrachtgevers assemblage werkzaamheden uit aan diverse soorten consumenten elektronica producten. De producten worden geassembleerd, volledig getest, herverpakt en direct-verkoop-klaar opgeleverd.<\/p>\t\t\t\t\t\t\t\t<\/div>\n\t\t\t\t<\/div>\n\t\t\t\t<div class=\"elementor-element elementor-element-0d6398b elementor-widget elementor-widget-heading\" data-id=\"0d6398b\" data-element_type=\"widget\" data-widget_type=\"heading.default\">\n\t\t\t\t<div class=\"elementor-widget-container\">\n\t\t\t\t\t<h4 class=\"elementor-heading-title elementor-size-default\">Modificatie Services<\/h4>\t\t\t\t<\/div>\n\t\t\t\t<\/div>\n\t\t\t\t<div class=\"elementor-element elementor-element-69ff52e elementor-widget elementor-widget-text-editor\" data-id=\"69ff52e\" data-element_type=\"widget\" data-widget_type=\"text-editor.default\">\n\t\t\t\t<div class=\"elementor-widget-container\">\n\t\t\t\t\t\t\t\t\t<p>Hieronder verstaan wij diensten waarbij bepaalde onderdelen van elektronica producten (zoals bijvoorbeeld printplaten, voedingen, etc) batchgewijs worden gemodificeerd. Deze werkzaamheden worden door ons technische specialisten in onze werkplaatsen in nauwe samenwerking met de opdrachtgevers uitgevoerd. Ook het upgraden van software of firmware valt onder deze categorie services.<\/p>\t\t\t\t\t\t\t\t<\/div>\n\t\t\t\t<\/div>\n\t\t\t\t\t<\/div>\n\t\t<\/div>\n\t\t\t\t\t<\/div>\n\t\t<\/section>\n\t\t\t\t\t<\/div>\n\t\t<\/div>\n\t\t\t\t\t<\/div>\n\t\t<\/section>\n\t\t\t\t<section class=\"elementor-section elementor-top-section elementor-element elementor-element-0bae980 elementor-section-boxed elementor-section-height-default elementor-section-height-default\" data-id=\"0bae980\" data-element_type=\"section\">\n\t\t\t\t\t\t<div class=\"elementor-container elementor-column-gap-no\">\n\t\t\t\t\t<div class=\"elementor-column elementor-col-100 elementor-top-column elementor-element elementor-element-575bfc2\" data-id=\"575bfc2\" data-element_type=\"column\">\n\t\t\t<div class=\"elementor-widget-wrap elementor-element-populated\">\n\t\t\t\t\t\t<section class=\"elementor-section elementor-inner-section elementor-element elementor-element-0fdde03 elementor-section-boxed elementor-section-height-default elementor-section-height-default\" data-id=\"0fdde03\" data-element_type=\"section\">\n\t\t\t\t\t\t<div class=\"elementor-container elementor-column-gap-no\">\n\t\t\t\t\t<div class=\"elementor-column elementor-col-100 elementor-inner-column elementor-element elementor-element-800fe59\" data-id=\"800fe59\" data-element_type=\"column\">\n\t\t\t<div class=\"elementor-widget-wrap elementor-element-populated\">\n\t\t\t\t\t\t<div class=\"elementor-element elementor-element-fd0dcb9 elementor-widget elementor-widget-heading\" data-id=\"fd0dcb9\" data-element_type=\"widget\" data-widget_type=\"heading.default\">\n\t\t\t\t<div class=\"elementor-widget-container\">\n\t\t\t\t\t<h2 class=\"elementor-heading-title elementor-size-default\">Waste Management<\/h2>\t\t\t\t<\/div>\n\t\t\t\t<\/div>\n\t\t\t\t<div class=\"elementor-element elementor-element-23e8fbf elementor-widget elementor-widget-text-editor\" data-id=\"23e8fbf\" data-element_type=\"widget\" data-widget_type=\"text-editor.default\">\n\t\t\t\t<div class=\"elementor-widget-container\">\n\t\t\t\t\t\t\t\t\t<p>Producten die niet meer geschikt zijn voor (her) gebruik en niet retour gaan naar de eigenaar, worden door ons ontmanteld en vervolgens op duurzame wijze afgevoerd naar erkende recycle bedrijven zoals\u00a0<a href=\"http:\/\/www.wecycle.nl\/\" target=\"_blank\" rel=\"noopener noreferrer\">WeCycle<\/a>\u00a0et\u00a0<a href=\"http:\/\/www.dukdalfbv.nl\/\" target=\"_blank\" rel=\"noopener noreferrer\">De Dukdalf BV<\/a>. Ook voor deze producten verzorgen wij de volledige administratieve afhandeling en rapportage ten behoeve van onze opdrachtgevers.<\/p>\t\t\t\t\t\t\t\t<\/div>\n\t\t\t\t<\/div>\n\t\t\t\t\t<\/div>\n\t\t<\/div>\n\t\t\t\t\t<\/div>\n\t\t<\/section>\n\t\t\t\t\t<\/div>\n\t\t<\/div>\n\t\t\t\t\t<\/div>\n\t\t<\/section>\n\t\t\t\t<section class=\"elementor-section elementor-top-section elementor-element elementor-element-75317ec4 elementor-section-boxed elementor-section-height-default elementor-section-height-default\" data-id=\"75317ec4\" data-element_type=\"section\">\n\t\t\t\t\t\t<div class=\"elementor-container elementor-column-gap-no\">\n\t\t\t\t\t<div class=\"elementor-column elementor-col-100 elementor-top-column elementor-element elementor-element-12fca985\" data-id=\"12fca985\" data-element_type=\"column\">\n\t\t\t<div class=\"elementor-widget-wrap elementor-element-populated\">\n\t\t\t\t\t\t<section class=\"elementor-section elementor-inner-section elementor-element elementor-element-53e39ed4 elementor-section-boxed elementor-section-height-default elementor-section-height-default\" data-id=\"53e39ed4\" data-element_type=\"section\" data-settings=\"{&quot;background_background&quot;:&quot;classic&quot;}\">\n\t\t\t\t\t\t<div class=\"elementor-container elementor-column-gap-no\">\n\t\t\t\t\t<div class=\"elementor-column elementor-col-50 elementor-inner-column elementor-element elementor-element-1f958469\" data-id=\"1f958469\" data-element_type=\"column\">\n\t\t\t<div class=\"elementor-widget-wrap elementor-element-populated\">\n\t\t\t\t\t\t<div class=\"elementor-element elementor-element-4d5f4951 elementor-widget elementor-widget-heading\" data-id=\"4d5f4951\" data-element_type=\"widget\" data-widget_type=\"heading.default\">\n\t\t\t\t<div class=\"elementor-widget-container\">\n\t\t\t\t\t<h2 class=\"elementor-heading-title elementor-size-default\">Plus d'information?<\/h2>\t\t\t\t<\/div>\n\t\t\t\t<\/div>\n\t\t\t\t<div class=\"elementor-element elementor-element-1d6dc580 elementor-widget elementor-widget-text-editor\" data-id=\"1d6dc580\" data-element_type=\"widget\" data-widget_type=\"text-editor.default\">\n\t\t\t\t<div class=\"elementor-widget-container\">\n\t\t\t\t\t\t\t\t\t<p>Pour plus d'informations sur CE Academy et sur ce que nous pouvons faire pour vous, veuillez nous contacter en utilisant le formulaire de contact.<\/p>\t\t\t\t\t\t\t\t<\/div>\n\t\t\t\t<\/div>\n\t\t\t\t\t<\/div>\n\t\t<\/div>\n\t\t\t\t<div class=\"elementor-column elementor-col-50 elementor-inner-column elementor-element elementor-element-6046b802\" data-id=\"6046b802\" data-element_type=\"column\">\n\t\t\t<div class=\"elementor-widget-wrap elementor-element-populated\">\n\t\t\t\t\t\t<div class=\"elementor-element elementor-element-318bce42 elementor-align-center elementor-widget elementor-widget-button\" data-id=\"318bce42\" data-element_type=\"widget\" data-widget_type=\"button.default\">\n\t\t\t\t<div class=\"elementor-widget-container\">\n\t\t\t\t\t\t\t\t\t<div class=\"elementor-button-wrapper\">\n\t\t\t\t\t<a class=\"elementor-button elementor-button-link elementor-size-md\" href=\"\/fr-be\/contact\/\">\n\t\t\t\t\t\t<span class=\"elementor-button-content-wrapper\">\n\t\t\t\t\t\t<span class=\"elementor-button-icon\">\n\t\t\t\t<i aria-hidden=\"true\" class=\"fas fa-chevron-right\"><\/i>\t\t\t<\/span>\n\t\t\t\t\t\t\t\t\t<span class=\"elementor-button-text\">Contactez-nous<\/span>\n\t\t\t\t\t<\/span>\n\t\t\t\t\t<\/a>\n\t\t\t\t<\/div>\n\t\t\t\t\t\t\t\t<\/div>\n\t\t\t\t<\/div>\n\t\t\t\t\t<\/div>\n\t\t<\/div>\n\t\t\t\t\t<\/div>\n\t\t<\/section>\n\t\t\t\t\t<\/div>\n\t\t<\/div>\n\t\t\t\t\t<\/div>\n\t\t<\/section>\n\t\t\t\t<section class=\"elementor-section elementor-top-section elementor-element elementor-element-7e160e1 elementor-section-boxed elementor-section-height-default elementor-section-height-default\" data-id=\"7e160e1\" data-element_type=\"section\">\n\t\t\t\t\t\t<div class=\"elementor-container elementor-column-gap-default\">\n\t\t\t\t\t<div class=\"elementor-column elementor-col-100 elementor-top-column elementor-element elementor-element-8970f36\" data-id=\"8970f36\" data-element_type=\"column\">\n\t\t\t<div class=\"elementor-widget-wrap elementor-element-populated\">\n\t\t\t\t\t\t<div class=\"elementor-element elementor-element-ab55ceb elementor-widget elementor-widget-spacer\" data-id=\"ab55ceb\" data-element_type=\"widget\" data-widget_type=\"spacer.default\">\n\t\t\t\t<div class=\"elementor-widget-container\">\n\t\t\t\t\t\t\t<div class=\"elementor-spacer\">\n\t\t\t<div class=\"elementor-spacer-inner\"><\/div>\n\t\t<\/div>\n\t\t\t\t\t\t<\/div>\n\t\t\t\t<\/div>\n\t\t\t\t\t<\/div>\n\t\t<\/div>\n\t\t\t\t\t<\/div>\n\t\t<\/section>\n\t\t\t\t<\/div>","protected":false},"excerpt":{"rendered":"<p>Services 40&nbsp;jaar&nbsp;reparatie&nbsp;expertise D\u00e9&nbsp;service&nbsp;specialist&nbsp;voor&nbsp;elektrische&nbsp;apparaten Geautoriseerd&nbsp;voor&nbsp;en&nbsp;door&nbsp;alle&nbsp;bekende&nbsp;merken Return Logistics Dagelijks ontvangen wij van vele vervoerders en pakketdiensten retourgoederen door onze logistieke medewerkers direct (binnen dezelfde werkdag) in behandeling worden genomen. De producten die gereed zijn \u2013 na reparatie, refurbishment of screening\/cleaning \u2013worden eveneens dagelijks aan onze opdrachtgevers geretourneerd. Het statusverloop van ieder product is gedurende het gehele traject &hellip;<\/p>\n<p class=\"read-more\"> <a class=\"\" href=\"https:\/\/cerepair.eu\/fr-be\/home-logistics\/services\/\"> <span class=\"screen-reader-text\">Prestations de service<\/span> Read More &raquo;<\/a><\/p>","protected":false},"author":3,"featured_media":0,"parent":965,"menu_order":0,"comment_status":"closed","ping_status":"closed","template":"","meta":{"site-sidebar-layout":"no-sidebar","site-content-layout":"page-builder","ast-global-header-display":"","ast-banner-title-visibility":"","ast-main-header-display":"","ast-hfb-above-header-display":"","ast-hfb-below-header-display":"","ast-hfb-mobile-header-display":"","site-post-title":"disabled","ast-breadcrumbs-content":"","ast-featured-img":"disabled","footer-sml-layout":"","theme-transparent-header-meta":"","adv-header-id-meta":"","stick-header-meta":"","header-above-stick-meta":"","header-main-stick-meta":"","header-below-stick-meta":"","footnotes":""},"class_list":["post-15060","page","type-page","status-publish","hentry"],"_links":{"self":[{"href":"https:\/\/cerepair.eu\/fr-be\/wp-json\/wp\/v2\/pages\/15060","targetHints":{"allow":["GET"]}}],"collection":[{"href":"https:\/\/cerepair.eu\/fr-be\/wp-json\/wp\/v2\/pages"}],"about":[{"href":"https:\/\/cerepair.eu\/fr-be\/wp-json\/wp\/v2\/types\/page"}],"author":[{"embeddable":true,"href":"https:\/\/cerepair.eu\/fr-be\/wp-json\/wp\/v2\/users\/3"}],"replies":[{"embeddable":true,"href":"https:\/\/cerepair.eu\/fr-be\/wp-json\/wp\/v2\/comments?post=15060"}],"version-history":[{"count":42,"href":"https:\/\/cerepair.eu\/fr-be\/wp-json\/wp\/v2\/pages\/15060\/revisions"}],"predecessor-version":[{"id":15870,"href":"https:\/\/cerepair.eu\/fr-be\/wp-json\/wp\/v2\/pages\/15060\/revisions\/15870"}],"up":[{"embeddable":true,"href":"https:\/\/cerepair.eu\/fr-be\/wp-json\/wp\/v2\/pages\/965"}],"wp:attachment":[{"href":"https:\/\/cerepair.eu\/fr-be\/wp-json\/wp\/v2\/media?parent=15060"}],"curies":[{"name":"wp","href":"https:\/\/api.w.org\/{rel}","templated":true}]}}