{"id":3,"date":"2021-05-07T11:52:27","date_gmt":"2021-05-07T11:52:27","guid":{"rendered":"https:\/\/wordpress.ceonline.eu\/?page_id=3"},"modified":"2022-06-28T10:12:55","modified_gmt":"2022-06-28T10:12:55","slug":"privacy-policy","status":"publish","type":"page","link":"https:\/\/cerepair.eu\/fr-be\/privacy-policy\/","title":{"rendered":"Privacy Policy"},"content":{"rendered":"<div data-elementor-type=\"wp-page\" data-elementor-id=\"3\" class=\"elementor elementor-3\" data-elementor-post-type=\"page\">\n\t\t\t\t\t\t<section class=\"elementor-section elementor-top-section elementor-element elementor-element-7d5568d elementor-section-boxed elementor-section-height-default elementor-section-height-default\" data-id=\"7d5568d\" data-element_type=\"section\">\n\t\t\t\t\t\t<div class=\"elementor-container elementor-column-gap-default\">\n\t\t\t\t\t<div class=\"elementor-column elementor-col-100 elementor-top-column elementor-element elementor-element-75b8e79\" data-id=\"75b8e79\" data-element_type=\"column\">\n\t\t\t<div class=\"elementor-widget-wrap elementor-element-populated\">\n\t\t\t\t\t\t<div class=\"elementor-element elementor-element-36c2387 elementor-widget elementor-widget-spacer\" data-id=\"36c2387\" data-element_type=\"widget\" data-widget_type=\"spacer.default\">\n\t\t\t\t<div class=\"elementor-widget-container\">\n\t\t\t\t\t\t\t<div class=\"elementor-spacer\">\n\t\t\t<div class=\"elementor-spacer-inner\"><\/div>\n\t\t<\/div>\n\t\t\t\t\t\t<\/div>\n\t\t\t\t<\/div>\n\t\t\t\t\t<\/div>\n\t\t<\/div>\n\t\t\t\t\t<\/div>\n\t\t<\/section>\n\t\t\t\t<section class=\"elementor-section elementor-top-section elementor-element elementor-element-a23eed6 elementor-section-boxed elementor-section-height-default elementor-section-height-default\" data-id=\"a23eed6\" data-element_type=\"section\">\n\t\t\t\t\t\t<div class=\"elementor-container elementor-column-gap-default\">\n\t\t\t\t\t<div class=\"elementor-column elementor-col-100 elementor-top-column elementor-element elementor-element-754a4b8\" data-id=\"754a4b8\" data-element_type=\"column\">\n\t\t\t<div class=\"elementor-widget-wrap elementor-element-populated\">\n\t\t\t\t\t\t<div class=\"elementor-element elementor-element-48e7a13 elementor-widget elementor-widget-heading\" data-id=\"48e7a13\" data-element_type=\"widget\" data-widget_type=\"heading.default\">\n\t\t\t\t<div class=\"elementor-widget-container\">\n\t\t\t\t\t<h2 class=\"elementor-heading-title elementor-size-default\">D\u00e9claration de confidentialit\u00e9 des donn\u00e9es personnelles<\/h2>\t\t\t\t<\/div>\n\t\t\t\t<\/div>\n\t\t\t\t\t<\/div>\n\t\t<\/div>\n\t\t\t\t\t<\/div>\n\t\t<\/section>\n\t\t\t\t<section class=\"elementor-section elementor-top-section elementor-element elementor-element-fb560a7 elementor-section-boxed elementor-section-height-default elementor-section-height-default\" data-id=\"fb560a7\" data-element_type=\"section\">\n\t\t\t\t\t\t<div class=\"elementor-container elementor-column-gap-default\">\n\t\t\t\t\t<div class=\"elementor-column elementor-col-100 elementor-top-column elementor-element elementor-element-cbd5407\" data-id=\"cbd5407\" data-element_type=\"column\">\n\t\t\t<div class=\"elementor-widget-wrap elementor-element-populated\">\n\t\t\t\t\t\t<div class=\"elementor-element elementor-element-341ee40 elementor-widget elementor-widget-text-editor\" data-id=\"341ee40\" data-element_type=\"widget\" data-widget_type=\"text-editor.default\">\n\t\t\t\t<div class=\"elementor-widget-container\">\n\t\t\t\t\t\t\t\t\t<p>CE Services Group B.V., ses succursales et unit\u00e9s commerciales, ci-apr\u00e8s d\u00e9nomm\u00e9es \u00ab\u00a0CESG\u00a0\u00bb, est une soci\u00e9t\u00e9 n\u00e9erlandaise, ayant son si\u00e8ge social \u00e0 Daltonstraat 25, 3316 GD Dordrecht et enregistr\u00e9e sous le num\u00e9ro de chambre de commerce 58336613. CESG la consid\u00e8re comme son responsabilit\u00e9 de prot\u00e9ger au mieux votre vie priv\u00e9e et assure la confidentialit\u00e9 des donn\u00e9es personnelles qui nous sont fournies.<\/p><p>Cette d\u00e9claration de confidentialit\u00e9 des donn\u00e9es personnelles (ci-apr\u00e8s 'PSP') s'applique \u00e0 tous les services fournis par CESG. Cette PSP d\u00e9crit les donn\u00e9es que nous demandons, \u00e0 quelles fins ces donn\u00e9es sont n\u00e9cessaires et comment la CESG les traite. En utilisant nos services, vous acceptez et respectez le contenu de ce PSP.<\/p><p>CESG, d\u00e9clare au regard de la Loi Informatique et Libert\u00e9s et du R\u00e8glement G\u00e9n\u00e9ral sur la Protection des Donn\u00e9es (UE 2016\/679) ce qui suit :<\/p>\t\t\t\t\t\t\t\t<\/div>\n\t\t\t\t<\/div>\n\t\t\t\t\t<\/div>\n\t\t<\/div>\n\t\t\t\t\t<\/div>\n\t\t<\/section>\n\t\t\t\t<section class=\"elementor-section elementor-top-section elementor-element elementor-element-3585ca1 elementor-section-boxed elementor-section-height-default elementor-section-height-default\" data-id=\"3585ca1\" data-element_type=\"section\">\n\t\t\t\t\t\t<div class=\"elementor-container elementor-column-gap-default\">\n\t\t\t\t\t<div class=\"elementor-column elementor-col-100 elementor-top-column elementor-element elementor-element-6770c73\" data-id=\"6770c73\" data-element_type=\"column\">\n\t\t\t<div class=\"elementor-widget-wrap elementor-element-populated\">\n\t\t\t\t\t\t<div class=\"elementor-element elementor-element-6dc1d77 elementor-widget elementor-widget-heading\" data-id=\"6dc1d77\" data-element_type=\"widget\" data-widget_type=\"heading.default\">\n\t\t\t\t<div class=\"elementor-widget-container\">\n\t\t\t\t\t<h2 class=\"elementor-heading-title elementor-size-default\">Les donn\u00e9es personnelles qui comptent<\/h2>\t\t\t\t<\/div>\n\t\t\t\t<\/div>\n\t\t\t\t\t<\/div>\n\t\t<\/div>\n\t\t\t\t\t<\/div>\n\t\t<\/section>\n\t\t\t\t<section class=\"elementor-section elementor-top-section elementor-element elementor-element-bbd61f1 elementor-section-boxed elementor-section-height-default elementor-section-height-default\" data-id=\"bbd61f1\" data-element_type=\"section\">\n\t\t\t\t\t\t<div class=\"elementor-container elementor-column-gap-default\">\n\t\t\t\t\t<div class=\"elementor-column elementor-col-100 elementor-top-column elementor-element elementor-element-38700ab\" data-id=\"38700ab\" data-element_type=\"column\">\n\t\t\t<div class=\"elementor-widget-wrap elementor-element-populated\">\n\t\t\t\t\t\t<div class=\"elementor-element elementor-element-cd16649 elementor-widget elementor-widget-text-editor\" data-id=\"cd16649\" data-element_type=\"widget\" data-widget_type=\"text-editor.default\">\n\t\t\t\t<div class=\"elementor-widget-container\">\n\t\t\t\t\t\t\t\t\t<p>Lorsque vous vous inscrivez \u00e0 l'un de nos services, ou lorsqu'une tierce personne\/partie le fait pour vous\/en votre nom, nous vous demandons de nous fournir certaines donn\u00e9es personnelles pertinentes. Cela concerne\u00a0: le pr\u00e9nom et\/ou les initiales, le nom, les coordonn\u00e9es, l'adresse e-mail, le num\u00e9ro de t\u00e9l\u00e9phone (mobile), les d\u00e9tails de l'appareil concern\u00e9, tels que\u00a0: la marque, le mod\u00e8le\/type et le num\u00e9ro de s\u00e9rie, la preuve d'achat et \u00e9ventuellement un num\u00e9ro de police (en cas de r\u00e9paration aux frais d'un assureur). Attention : dans certains cas, il est possible de retrouver vos coordonn\u00e9es bancaires gr\u00e2ce \u00e0 la preuve d'achat.<\/p>\t\t\t\t\t\t\t\t<\/div>\n\t\t\t\t<\/div>\n\t\t\t\t\t<\/div>\n\t\t<\/div>\n\t\t\t\t\t<\/div>\n\t\t<\/section>\n\t\t\t\t<section class=\"elementor-section elementor-top-section elementor-element elementor-element-bbd7ea2 elementor-section-boxed elementor-section-height-default elementor-section-height-default\" data-id=\"bbd7ea2\" data-element_type=\"section\">\n\t\t\t\t\t\t<div class=\"elementor-container elementor-column-gap-default\">\n\t\t\t\t\t<div class=\"elementor-column elementor-col-100 elementor-top-column elementor-element elementor-element-bc1a30c\" data-id=\"bc1a30c\" data-element_type=\"column\">\n\t\t\t<div class=\"elementor-widget-wrap elementor-element-populated\">\n\t\t\t\t\t\t<div class=\"elementor-element elementor-element-61c57ac elementor-widget elementor-widget-heading\" data-id=\"61c57ac\" data-element_type=\"widget\" data-widget_type=\"heading.default\">\n\t\t\t\t<div class=\"elementor-widget-container\">\n\t\t\t\t\t<h2 class=\"elementor-heading-title elementor-size-default\">Objectifs<\/h2>\t\t\t\t<\/div>\n\t\t\t\t<\/div>\n\t\t\t\t\t<\/div>\n\t\t<\/div>\n\t\t\t\t\t<\/div>\n\t\t<\/section>\n\t\t\t\t<section class=\"elementor-section elementor-top-section elementor-element elementor-element-316e304 elementor-section-boxed elementor-section-height-default elementor-section-height-default\" data-id=\"316e304\" data-element_type=\"section\">\n\t\t\t\t\t\t<div class=\"elementor-container elementor-column-gap-default\">\n\t\t\t\t\t<div class=\"elementor-column elementor-col-100 elementor-top-column elementor-element elementor-element-5d1d8a3\" data-id=\"5d1d8a3\" data-element_type=\"column\">\n\t\t\t<div class=\"elementor-widget-wrap elementor-element-populated\">\n\t\t\t\t\t\t<div class=\"elementor-element elementor-element-59ff306 elementor-widget elementor-widget-text-editor\" data-id=\"59ff306\" data-element_type=\"widget\" data-widget_type=\"text-editor.default\">\n\t\t\t\t<div class=\"elementor-widget-container\">\n\t\t\t\t\t\t\t\t\t<p>Les donn\u00e9es personnelles ne seront utilis\u00e9es que pour ex\u00e9cuter le service demand\u00e9 (rapidement et ad\u00e9quatement), y compris la communication associ\u00e9e. CESG utilise ces donn\u00e9es personnelles\u00a0<i>n'es pas<\/i>\u00a0\u00e0 d'autres fins que celles d\u00e9crites dans le pr\u00e9sent PSP, sauf si nous avons demand\u00e9 et obtenu votre autorisation expresse au pr\u00e9alable.<\/p>\t\t\t\t\t\t\t\t<\/div>\n\t\t\t\t<\/div>\n\t\t\t\t\t<\/div>\n\t\t<\/div>\n\t\t\t\t\t<\/div>\n\t\t<\/section>\n\t\t\t\t<section class=\"elementor-section elementor-top-section elementor-element elementor-element-446d1c9 elementor-section-boxed elementor-section-height-default elementor-section-height-default\" data-id=\"446d1c9\" data-element_type=\"section\">\n\t\t\t\t\t\t<div class=\"elementor-container elementor-column-gap-default\">\n\t\t\t\t\t<div class=\"elementor-column elementor-col-100 elementor-top-column elementor-element elementor-element-2d95407\" data-id=\"2d95407\" data-element_type=\"column\">\n\t\t\t<div class=\"elementor-widget-wrap elementor-element-populated\">\n\t\t\t\t\t\t<div class=\"elementor-element elementor-element-faf4392 elementor-widget elementor-widget-heading\" data-id=\"faf4392\" data-element_type=\"widget\" data-widget_type=\"heading.default\">\n\t\t\t\t<div class=\"elementor-widget-container\">\n\t\t\t\t\t<h2 class=\"elementor-heading-title elementor-size-default\">Partage de donn\u00e9es<\/h2>\t\t\t\t<\/div>\n\t\t\t\t<\/div>\n\t\t\t\t\t<\/div>\n\t\t<\/div>\n\t\t\t\t\t<\/div>\n\t\t<\/section>\n\t\t\t\t<section class=\"elementor-section elementor-top-section elementor-element elementor-element-8b5cc51 elementor-section-boxed elementor-section-height-default elementor-section-height-default\" data-id=\"8b5cc51\" data-element_type=\"section\">\n\t\t\t\t\t\t<div class=\"elementor-container elementor-column-gap-default\">\n\t\t\t\t\t<div class=\"elementor-column elementor-col-100 elementor-top-column elementor-element elementor-element-67d2042\" data-id=\"67d2042\" data-element_type=\"column\">\n\t\t\t<div class=\"elementor-widget-wrap elementor-element-populated\">\n\t\t\t\t\t\t<div class=\"elementor-element elementor-element-673cab1 elementor-widget elementor-widget-text-editor\" data-id=\"673cab1\" data-element_type=\"widget\" data-widget_type=\"text-editor.default\">\n\t\t\t\t<div class=\"elementor-widget-container\">\n\t\t\t\t\t\t\t\t\t<p>Les donn\u00e9es personnelles que vous fournissez peuvent \u00eatre partag\u00e9es avec des tiers concern\u00e9s tels que des partenaires de services, des transporteurs, des clients et\/ou des fournisseurs d'autorisation, etc. Nous avons conclu un accord de traitement avec chacune de ces parties pour garantir la confidentialit\u00e9 de vos donn\u00e9es personnelles. Nos propres employ\u00e9s sont \u00e9galement tenus de respecter et de garantir la confidentialit\u00e9 de vos donn\u00e9es dans tous les cas.<\/p>\t\t\t\t\t\t\t\t<\/div>\n\t\t\t\t<\/div>\n\t\t\t\t\t<\/div>\n\t\t<\/div>\n\t\t\t\t\t<\/div>\n\t\t<\/section>\n\t\t\t\t<section class=\"elementor-section elementor-top-section elementor-element elementor-element-38123a2 elementor-section-boxed elementor-section-height-default elementor-section-height-default\" data-id=\"38123a2\" data-element_type=\"section\">\n\t\t\t\t\t\t<div class=\"elementor-container elementor-column-gap-default\">\n\t\t\t\t\t<div class=\"elementor-column elementor-col-100 elementor-top-column elementor-element elementor-element-72abe80\" data-id=\"72abe80\" data-element_type=\"column\">\n\t\t\t<div class=\"elementor-widget-wrap elementor-element-populated\">\n\t\t\t\t\t\t<div class=\"elementor-element elementor-element-5c147c2 elementor-widget elementor-widget-heading\" data-id=\"5c147c2\" data-element_type=\"widget\" data-widget_type=\"heading.default\">\n\t\t\t\t<div class=\"elementor-widget-container\">\n\t\t\t\t\t<h2 class=\"elementor-heading-title elementor-size-default\">Acc\u00e8s et gestion des donn\u00e9es personnelles<\/h2>\t\t\t\t<\/div>\n\t\t\t\t<\/div>\n\t\t\t\t\t<\/div>\n\t\t<\/div>\n\t\t\t\t\t<\/div>\n\t\t<\/section>\n\t\t\t\t<section class=\"elementor-section elementor-top-section elementor-element elementor-element-0f359bd elementor-section-boxed elementor-section-height-default elementor-section-height-default\" data-id=\"0f359bd\" data-element_type=\"section\">\n\t\t\t\t\t\t<div class=\"elementor-container elementor-column-gap-default\">\n\t\t\t\t\t<div class=\"elementor-column elementor-col-100 elementor-top-column elementor-element elementor-element-2b6d6f3\" data-id=\"2b6d6f3\" data-element_type=\"column\">\n\t\t\t<div class=\"elementor-widget-wrap elementor-element-populated\">\n\t\t\t\t\t\t<div class=\"elementor-element elementor-element-e8af439 elementor-widget elementor-widget-text-editor\" data-id=\"e8af439\" data-element_type=\"widget\" data-widget_type=\"text-editor.default\">\n\t\t\t\t<div class=\"elementor-widget-container\">\n\t\t\t\t\t\t\t\t\t<p>Les donn\u00e9es personnelles fournies, ainsi que tout message \u00e9lectronique ou autre correspondance concernant les services fournis, sont stock\u00e9s sous cl\u00e9 sur un serveur s\u00e9curis\u00e9 en vue d'\u00e9ventuels services futurs. CESG offre \u00e0 ses clients, par un acc\u00e8s personnel et s\u00e9curis\u00e9, la possibilit\u00e9 de consulter et\/ou de modifier \u00e0 tout moment leurs donn\u00e9es personnelles fournies \u00e0 CESG.<\/p>\t\t\t\t\t\t\t\t<\/div>\n\t\t\t\t<\/div>\n\t\t\t\t\t<\/div>\n\t\t<\/div>\n\t\t\t\t\t<\/div>\n\t\t<\/section>\n\t\t\t\t<section class=\"elementor-section elementor-top-section elementor-element elementor-element-32efd2a elementor-section-boxed elementor-section-height-default elementor-section-height-default\" data-id=\"32efd2a\" data-element_type=\"section\">\n\t\t\t\t\t\t<div class=\"elementor-container elementor-column-gap-default\">\n\t\t\t\t\t<div class=\"elementor-column elementor-col-100 elementor-top-column elementor-element elementor-element-2454753\" data-id=\"2454753\" data-element_type=\"column\">\n\t\t\t<div class=\"elementor-widget-wrap elementor-element-populated\">\n\t\t\t\t\t\t<div class=\"elementor-element elementor-element-50f10a8 elementor-widget elementor-widget-heading\" data-id=\"50f10a8\" data-element_type=\"widget\" data-widget_type=\"heading.default\">\n\t\t\t\t<div class=\"elementor-widget-container\">\n\t\t\t\t\t<h2 class=\"elementor-heading-title elementor-size-default\">Dur\u00e9e de conservation<\/h2>\t\t\t\t<\/div>\n\t\t\t\t<\/div>\n\t\t\t\t\t<\/div>\n\t\t<\/div>\n\t\t\t\t\t<\/div>\n\t\t<\/section>\n\t\t\t\t<section class=\"elementor-section elementor-top-section elementor-element elementor-element-c47de68 elementor-section-boxed elementor-section-height-default elementor-section-height-default\" data-id=\"c47de68\" data-element_type=\"section\">\n\t\t\t\t\t\t<div class=\"elementor-container elementor-column-gap-default\">\n\t\t\t\t\t<div class=\"elementor-column elementor-col-100 elementor-top-column elementor-element elementor-element-e55263e\" data-id=\"e55263e\" data-element_type=\"column\">\n\t\t\t<div class=\"elementor-widget-wrap elementor-element-populated\">\n\t\t\t\t\t\t<div class=\"elementor-element elementor-element-d2278be elementor-widget elementor-widget-text-editor\" data-id=\"d2278be\" data-element_type=\"widget\" data-widget_type=\"text-editor.default\">\n\t\t\t\t<div class=\"elementor-widget-container\">\n\t\t\t\t\t\t\t\t\t<p>La dur\u00e9e de conservation des donn\u00e9es personnelles est de cinq (5) ans, mesur\u00e9e \u00e0 compter du dernier moment de contact et sous r\u00e9serve des obligations l\u00e9gales de conservation applicables. Cependant, chaque client a toujours la possibilit\u00e9 de faire supprimer ses donn\u00e9es personnelles imm\u00e9diatement d\u00e8s que les donn\u00e9es ne sont plus n\u00e9cessaires pour le service (droit \u00e0 l'oubli). Remarque : la suppression des donn\u00e9es personnelles rendra\/pourra rendre impossible toute demande de garantie (sur le service fourni) et retardera consid\u00e9rablement tout service futur et\/ou de suivi.<br \/>Si vous souhaitez faire usage de votre droit \u00e0 l'oubli et \u00e0 la suppression de vos donn\u00e9es personnelles, vous pouvez nous le faire savoir via le formulaire de contact sur notre site Web.<\/p>\t\t\t\t\t\t\t\t<\/div>\n\t\t\t\t<\/div>\n\t\t\t\t\t<\/div>\n\t\t<\/div>\n\t\t\t\t\t<\/div>\n\t\t<\/section>\n\t\t\t\t<section class=\"elementor-section elementor-top-section elementor-element elementor-element-779c50b elementor-section-boxed elementor-section-height-default elementor-section-height-default\" data-id=\"779c50b\" data-element_type=\"section\">\n\t\t\t\t\t\t<div class=\"elementor-container elementor-column-gap-default\">\n\t\t\t\t\t<div class=\"elementor-column elementor-col-100 elementor-top-column elementor-element elementor-element-7480e37\" data-id=\"7480e37\" data-element_type=\"column\">\n\t\t\t<div class=\"elementor-widget-wrap elementor-element-populated\">\n\t\t\t\t\t\t<div class=\"elementor-element elementor-element-af89115 elementor-widget elementor-widget-heading\" data-id=\"af89115\" data-element_type=\"widget\" data-widget_type=\"heading.default\">\n\t\t\t\t<div class=\"elementor-widget-container\">\n\t\t\t\t\t<h2 class=\"elementor-heading-title elementor-size-default\">Changements<\/h2>\t\t\t\t<\/div>\n\t\t\t\t<\/div>\n\t\t\t\t\t<\/div>\n\t\t<\/div>\n\t\t\t\t\t<\/div>\n\t\t<\/section>\n\t\t\t\t<section class=\"elementor-section elementor-top-section elementor-element elementor-element-0cfd587 elementor-section-boxed elementor-section-height-default elementor-section-height-default\" data-id=\"0cfd587\" data-element_type=\"section\">\n\t\t\t\t\t\t<div class=\"elementor-container elementor-column-gap-default\">\n\t\t\t\t\t<div class=\"elementor-column elementor-col-100 elementor-top-column elementor-element elementor-element-27659df\" data-id=\"27659df\" data-element_type=\"column\">\n\t\t\t<div class=\"elementor-widget-wrap elementor-element-populated\">\n\t\t\t\t\t\t<div class=\"elementor-element elementor-element-9517397 elementor-widget elementor-widget-text-editor\" data-id=\"9517397\" data-element_type=\"widget\" data-widget_type=\"text-editor.default\">\n\t\t\t\t<div class=\"elementor-widget-container\">\n\t\t\t\t\t\t\t\t\t<p>Cette PSP est adapt\u00e9e \u00e0 nos services actuels. Tout ajout, ajustement et\/ou modification de nos services peut entra\u00eener des modifications de ce PSP. CESG se r\u00e9serve donc le droit de modifier cette d\u00e9claration \u00e0 tout moment et sans pr\u00e9avis.<\/p>\t\t\t\t\t\t\t\t<\/div>\n\t\t\t\t<\/div>\n\t\t\t\t\t<\/div>\n\t\t<\/div>\n\t\t\t\t\t<\/div>\n\t\t<\/section>\n\t\t\t\t<section class=\"elementor-section elementor-top-section elementor-element elementor-element-951c4fa elementor-section-boxed elementor-section-height-default elementor-section-height-default\" data-id=\"951c4fa\" data-element_type=\"section\">\n\t\t\t\t\t\t<div class=\"elementor-container elementor-column-gap-default\">\n\t\t\t\t\t<div class=\"elementor-column elementor-col-100 elementor-top-column elementor-element elementor-element-342685a\" data-id=\"342685a\" data-element_type=\"column\">\n\t\t\t<div class=\"elementor-widget-wrap elementor-element-populated\">\n\t\t\t\t\t\t<div class=\"elementor-element elementor-element-2e96691 elementor-widget elementor-widget-heading\" data-id=\"2e96691\" data-element_type=\"widget\" data-widget_type=\"heading.default\">\n\t\t\t\t<div class=\"elementor-widget-container\">\n\t\t\t\t\t<h2 class=\"elementor-heading-title elementor-size-default\">Plus d'information<\/h2>\t\t\t\t<\/div>\n\t\t\t\t<\/div>\n\t\t\t\t\t<\/div>\n\t\t<\/div>\n\t\t\t\t\t<\/div>\n\t\t<\/section>\n\t\t\t\t<section class=\"elementor-section elementor-top-section elementor-element elementor-element-53e8510 elementor-section-boxed elementor-section-height-default elementor-section-height-default\" data-id=\"53e8510\" data-element_type=\"section\">\n\t\t\t\t\t\t<div class=\"elementor-container elementor-column-gap-default\">\n\t\t\t\t\t<div class=\"elementor-column elementor-col-100 elementor-top-column elementor-element elementor-element-7b9ec9a\" data-id=\"7b9ec9a\" data-element_type=\"column\">\n\t\t\t<div class=\"elementor-widget-wrap elementor-element-populated\">\n\t\t\t\t\t\t<div class=\"elementor-element elementor-element-1620687 elementor-widget elementor-widget-text-editor\" data-id=\"1620687\" data-element_type=\"widget\" data-widget_type=\"text-editor.default\">\n\t\t\t\t<div class=\"elementor-widget-container\">\n\t\t\t\t\t\t\t\t\t<p>Plus d'informations peuvent \u00eatre trouv\u00e9es sur le site de la\u00a0<a title=\"Autoriteit Persoonsgegevens\" href=\"https:\/\/autoriteitpersoonsgegevens.nl\/\" target=\"_blank\" rel=\"noopener noreferrer\">Autoriteit Persoonsgegevens<\/a>.<\/p><p>\u00a9 CE Services Group, mai 2018<\/p>\t\t\t\t\t\t\t\t<\/div>\n\t\t\t\t<\/div>\n\t\t\t\t\t<\/div>\n\t\t<\/div>\n\t\t\t\t\t<\/div>\n\t\t<\/section>\n\t\t\t\t<section class=\"elementor-section elementor-top-section elementor-element elementor-element-87061bd elementor-section-boxed elementor-section-height-default elementor-section-height-default\" data-id=\"87061bd\" data-element_type=\"section\">\n\t\t\t\t\t\t<div class=\"elementor-container elementor-column-gap-default\">\n\t\t\t\t\t<div class=\"elementor-column elementor-col-100 elementor-top-column elementor-element elementor-element-d122168\" data-id=\"d122168\" data-element_type=\"column\">\n\t\t\t<div class=\"elementor-widget-wrap elementor-element-populated\">\n\t\t\t\t\t\t<div class=\"elementor-element elementor-element-c728d92 elementor-widget elementor-widget-spacer\" data-id=\"c728d92\" data-element_type=\"widget\" data-widget_type=\"spacer.default\">\n\t\t\t\t<div class=\"elementor-widget-container\">\n\t\t\t\t\t\t\t<div class=\"elementor-spacer\">\n\t\t\t<div class=\"elementor-spacer-inner\"><\/div>\n\t\t<\/div>\n\t\t\t\t\t\t<\/div>\n\t\t\t\t<\/div>\n\t\t\t\t\t<\/div>\n\t\t<\/div>\n\t\t\t\t\t<\/div>\n\t\t<\/section>\n\t\t\t\t<\/div>","protected":false},"excerpt":{"rendered":"<p>Privacy statement persoonsgegevens CE Services Group B.V., haar vestigingen en businessunits, hierna te noemen \u2018CESG\u2019, is een Nederlandse onderneming, gevestigd te Daltonstraat 25, 3316 GD Dordrecht en geregistreerd onder KvK nr. 58336613. CESG ziet het als haar verantwoordelijkheid om uw privacy zo goed mogelijk te beschermen en zorgt ervoor dat de vertrouwelijkheid van persoonsgegevens, die &hellip;<\/p>\n<p class=\"read-more\"> <a class=\"\" href=\"https:\/\/cerepair.eu\/fr-be\/privacy-policy\/\"> <span class=\"screen-reader-text\">Privacy Policy<\/span> Read More &raquo;<\/a><\/p>","protected":false},"author":3,"featured_media":0,"parent":0,"menu_order":0,"comment_status":"closed","ping_status":"closed","template":"","meta":{"site-sidebar-layout":"no-sidebar","site-content-layout":"page-builder","ast-global-header-display":"","ast-banner-title-visibility":"","ast-main-header-display":"","ast-hfb-above-header-display":"","ast-hfb-below-header-display":"","ast-hfb-mobile-header-display":"","site-post-title":"disabled","ast-breadcrumbs-content":"","ast-featured-img":"disabled","footer-sml-layout":"","theme-transparent-header-meta":"","adv-header-id-meta":"","stick-header-meta":"","header-above-stick-meta":"","header-main-stick-meta":"","header-below-stick-meta":"","footnotes":""},"class_list":["post-3","page","type-page","status-publish","hentry"],"_links":{"self":[{"href":"https:\/\/cerepair.eu\/fr-be\/wp-json\/wp\/v2\/pages\/3","targetHints":{"allow":["GET"]}}],"collection":[{"href":"https:\/\/cerepair.eu\/fr-be\/wp-json\/wp\/v2\/pages"}],"about":[{"href":"https:\/\/cerepair.eu\/fr-be\/wp-json\/wp\/v2\/types\/page"}],"author":[{"embeddable":true,"href":"https:\/\/cerepair.eu\/fr-be\/wp-json\/wp\/v2\/users\/3"}],"replies":[{"embeddable":true,"href":"https:\/\/cerepair.eu\/fr-be\/wp-json\/wp\/v2\/comments?post=3"}],"version-history":[{"count":37,"href":"https:\/\/cerepair.eu\/fr-be\/wp-json\/wp\/v2\/pages\/3\/revisions"}],"predecessor-version":[{"id":11387,"href":"https:\/\/cerepair.eu\/fr-be\/wp-json\/wp\/v2\/pages\/3\/revisions\/11387"}],"wp:attachment":[{"href":"https:\/\/cerepair.eu\/fr-be\/wp-json\/wp\/v2\/media?parent=3"}],"curies":[{"name":"wp","href":"https:\/\/api.w.org\/{rel}","templated":true}]}}