{"id":3134,"date":"2021-10-29T07:36:56","date_gmt":"2021-10-29T07:36:56","guid":{"rendered":"https:\/\/wordpress.ceonline.eu\/?page_id=3134"},"modified":"2026-03-09T13:16:14","modified_gmt":"2026-03-09T13:16:14","slug":"tariff","status":"publish","type":"page","link":"https:\/\/cerepair.eu\/fr-be\/tariff\/","title":{"rendered":"Tariff"},"content":{"rendered":"<div data-elementor-type=\"wp-page\" data-elementor-id=\"3134\" class=\"elementor elementor-3134\" data-elementor-post-type=\"page\">\n\t\t\t\t\t\t<section class=\"elementor-section elementor-top-section elementor-element elementor-element-a2d286b elementor-section-boxed elementor-section-height-default elementor-section-height-default\" data-id=\"a2d286b\" data-element_type=\"section\">\n\t\t\t\t\t\t<div class=\"elementor-container elementor-column-gap-default\">\n\t\t\t\t\t<div class=\"elementor-column elementor-col-100 elementor-top-column elementor-element elementor-element-3b17f96\" data-id=\"3b17f96\" data-element_type=\"column\">\n\t\t\t<div class=\"elementor-widget-wrap elementor-element-populated\">\n\t\t\t\t\t\t<div class=\"elementor-element elementor-element-3b22574 elementor-widget elementor-widget-spacer\" data-id=\"3b22574\" data-element_type=\"widget\" data-widget_type=\"spacer.default\">\n\t\t\t\t<div class=\"elementor-widget-container\">\n\t\t\t\t\t\t\t<div class=\"elementor-spacer\">\n\t\t\t<div class=\"elementor-spacer-inner\"><\/div>\n\t\t<\/div>\n\t\t\t\t\t\t<\/div>\n\t\t\t\t<\/div>\n\t\t\t\t\t<\/div>\n\t\t<\/div>\n\t\t\t\t\t<\/div>\n\t\t<\/section>\n\t\t\t\t<section class=\"elementor-section elementor-top-section elementor-element elementor-element-1cc9843 elementor-section-boxed elementor-section-height-default elementor-section-height-default\" data-id=\"1cc9843\" data-element_type=\"section\">\n\t\t\t\t\t\t<div class=\"elementor-container elementor-column-gap-default\">\n\t\t\t\t\t<div class=\"elementor-column elementor-col-100 elementor-top-column elementor-element elementor-element-c19cddc\" data-id=\"c19cddc\" data-element_type=\"column\">\n\t\t\t<div class=\"elementor-widget-wrap elementor-element-populated\">\n\t\t\t\t\t\t<div class=\"elementor-element elementor-element-ed05006 elementor-widget elementor-widget-heading\" data-id=\"ed05006\" data-element_type=\"widget\" data-widget_type=\"heading.default\">\n\t\t\t\t<div class=\"elementor-widget-container\">\n\t\t\t\t\t<h2 class=\"elementor-heading-title elementor-size-default\">Frais pour les produits hors garantie<\/h2>\t\t\t\t<\/div>\n\t\t\t\t<\/div>\n\t\t\t\t\t<\/div>\n\t\t<\/div>\n\t\t\t\t\t<\/div>\n\t\t<\/section>\n\t\t\t\t<section class=\"elementor-section elementor-top-section elementor-element elementor-element-c46dcf4 elementor-section-boxed elementor-section-height-default elementor-section-height-default\" data-id=\"c46dcf4\" data-element_type=\"section\">\n\t\t\t\t\t\t<div class=\"elementor-container elementor-column-gap-default\">\n\t\t\t\t\t<div class=\"elementor-column elementor-col-100 elementor-top-column elementor-element elementor-element-721d5cf\" data-id=\"721d5cf\" data-element_type=\"column\">\n\t\t\t<div class=\"elementor-widget-wrap elementor-element-populated\">\n\t\t\t\t\t\t<div class=\"elementor-element elementor-element-8fc9d87 elementor-widget elementor-widget-heading\" data-id=\"8fc9d87\" data-element_type=\"widget\" data-widget_type=\"heading.default\">\n\t\t\t\t<div class=\"elementor-widget-container\">\n\t\t\t\t\t<h4 class=\"elementor-heading-title elementor-size-default\">Tarifs pour les r\u00e9parations avec la bonne volont\u00e9 du fabricant<\/h4>\t\t\t\t<\/div>\n\t\t\t\t<\/div>\n\t\t\t\t\t<\/div>\n\t\t<\/div>\n\t\t\t\t\t<\/div>\n\t\t<\/section>\n\t\t\t\t<section class=\"elementor-section elementor-top-section elementor-element elementor-element-104b1f2 elementor-section-boxed elementor-section-height-default elementor-section-height-default\" data-id=\"104b1f2\" data-element_type=\"section\">\n\t\t\t\t\t\t<div class=\"elementor-container elementor-column-gap-default\">\n\t\t\t\t\t<div class=\"elementor-column elementor-col-100 elementor-top-column elementor-element elementor-element-db240fd\" data-id=\"db240fd\" data-element_type=\"column\">\n\t\t\t<div class=\"elementor-widget-wrap elementor-element-populated\">\n\t\t\t\t\t\t<div class=\"elementor-element elementor-element-f0349a7 elementor-widget elementor-widget-text-editor\" data-id=\"f0349a7\" data-element_type=\"widget\" data-widget_type=\"text-editor.default\">\n\t\t\t\t<div class=\"elementor-widget-container\">\n\t\t\t\t\t\t\t\t\t<p><span style=\"font-weight: 400;\">Si la garantie de votre produit est termin\u00e9e, dans certains cas, le fabricant vous offre une certaine r\u00e9duction (appel\u00e9e \u00ab Coulance \u00bb) sur les frais de r\u00e9paration. Dans ce cas, CE Repair Services r\u00e9parera le produit sur la base des tarifs du fabricant. Ces tarifs sont diff\u00e9rents pour chaque fabricant, c'est pourquoi vous ne trouverez que les tarifs correspondants sur le devis.<\/span><\/p><p><span style=\"font-weight: 400;\">Si la bonne volont\u00e9 ne s'applique pas, par exemple parce que le produit est trop vieux pour cela ou que le d\u00e9faut a \u00e9t\u00e9 caus\u00e9 par une chute ext\u00e9rieure, un choc ou des dommages li\u00e9s \u00e0 l'utilisation, les tarifs ci-dessous s'appliquent.\u00a0<\/span><span style=\"font-style: inherit; color: var( --e-global-color-text );\">Alle genoemde tarieven zijn inclusief BTW.<\/span><\/p><p><span style=\"font-style: inherit; font-weight: inherit; color: var( --e-global-color-text );\">Si l'appareil n'est pas r\u00e9parable, vous avez g\u00e9n\u00e9ralement droit \u00e0 une autre solution de la part de votre point de vente. Dans ce cas, nous facturons des frais d'enqu\u00eate de 42,50 \u20ac. Si nous nous sommes d\u00e9j\u00e0 rendus chez vous une ou plusieurs fois, nous facturons des frais d'intervention uniques de 69,50 \u20ac, soit 112 \u20ac.<\/span><\/p>\t\t\t\t\t\t\t\t<\/div>\n\t\t\t\t<\/div>\n\t\t\t\t\t<\/div>\n\t\t<\/div>\n\t\t\t\t\t<\/div>\n\t\t<\/section>\n\t\t\t\t<section class=\"elementor-section elementor-top-section elementor-element elementor-element-6550d97 elementor-section-boxed elementor-section-height-default elementor-section-height-default\" data-id=\"6550d97\" data-element_type=\"section\">\n\t\t\t\t\t\t<div class=\"elementor-container elementor-column-gap-default\">\n\t\t\t\t\t<div class=\"elementor-column elementor-col-100 elementor-top-column elementor-element elementor-element-9e6e802\" data-id=\"9e6e802\" data-element_type=\"column\">\n\t\t\t<div class=\"elementor-widget-wrap elementor-element-populated\">\n\t\t\t\t\t\t<div class=\"elementor-element elementor-element-930e46d elementor-widget elementor-widget-heading\" data-id=\"930e46d\" data-element_type=\"widget\" data-widget_type=\"heading.default\">\n\t\t\t\t<div class=\"elementor-widget-container\">\n\t\t\t\t\t<h4 class=\"elementor-heading-title elementor-size-default\">Tarifs sans bonne volont\u00e9 - R\u00e9parations \u00e0 domicile<\/h4>\t\t\t\t<\/div>\n\t\t\t\t<\/div>\n\t\t\t\t\t<\/div>\n\t\t<\/div>\n\t\t\t\t\t<\/div>\n\t\t<\/section>\n\t\t\t\t<section class=\"elementor-section elementor-top-section elementor-element elementor-element-b9c8c41 elementor-section-boxed elementor-section-height-default elementor-section-height-default\" data-id=\"b9c8c41\" data-element_type=\"section\">\n\t\t\t\t\t\t<div class=\"elementor-container elementor-column-gap-default\">\n\t\t\t\t\t<div class=\"elementor-column elementor-col-100 elementor-top-column elementor-element elementor-element-a182fe2\" data-id=\"a182fe2\" data-element_type=\"column\">\n\t\t\t<div class=\"elementor-widget-wrap elementor-element-populated\">\n\t\t\t\t\t\t<div class=\"elementor-element elementor-element-0690943 elementor-widget elementor-widget-text-editor\" data-id=\"0690943\" data-element_type=\"widget\" data-widget_type=\"text-editor.default\">\n\t\t\t\t<div class=\"elementor-widget-container\">\n\t\t\t\t\t\t\t\t\t<p><span style=\"font-weight: 400;\">Les appareils \u00e9lectrom\u00e9nagers ou les t\u00e9l\u00e9viseurs de grande taille sont g\u00e9n\u00e9ralement r\u00e9par\u00e9s \u00e0 votre domicile. Il s'agit notamment des r\u00e9frig\u00e9rateurs, des lave-linge, des s\u00e8che-linge et des t\u00e9l\u00e9viseurs de plus de 55 pouces.<\/span><\/p><p><span style=\"font-style: inherit; color: var( --e-global-color-text );\">Le co\u00fbt de l'\u00e9tablissement d'un devis est de <\/span><i style=\"font-weight: inherit; color: var( --e-global-color-text );\">\u20ac 42,50<\/i><span style=\"font-style: inherit; color: var( --e-global-color-text );\">. Ces frais doivent \u00eatre pay\u00e9s \u00e0 l'avance. Si vous acceptez le devis, ces frais seront d\u00e9duits du montant total. En cas de refus, ces frais ne seront pas rembours\u00e9s, car nous avons travaill\u00e9 \u00e0 l'\u00e9laboration du devis.<\/span><\/p><p><span style=\"font-style: inherit; color: var( --e-global-color-text );\">Une fois que vous avez pay\u00e9 les frais de dossier, notre service technique vous envoie un devis. Vous y trouverez les co\u00fbts standard suivants :<\/span><\/p><ul><li style=\"font-weight: 400;\" aria-level=\"1\"><b>Pi\u00e8ces d\u00e9tach\u00e9es :<\/b><span style=\"font-weight: 400;\"> Bien entendu, cela varie d'un produit \u00e0 l'autre, d'une marque \u00e0 l'autre et d'un d\u00e9faut \u00e0 l'autre.<\/span><\/li><li style=\"font-weight: 400;\" aria-level=\"1\"><b>Co\u00fbts de main-d'\u0153uvre :<\/b><span style=\"font-weight: 400;\"> Le taux de d\u00e9part est de <\/span><i><span style=\"font-weight: 400;\">\u20ac 70,-<\/span><\/i><span style=\"font-weight: 400;\">mais peut s'\u00e9lever \u00e0 <\/span><i><span style=\"font-weight: 400;\">\u20ac 149,-<\/span><\/i><span style=\"font-weight: 400;\"> en fonction de la n\u00e9cessit\u00e9 ou non de remplacer certaines pi\u00e8ces et, le cas \u00e9ch\u00e9ant, de quelles pi\u00e8ces il s'agit.<\/span><\/li><li style=\"font-weight: 400;\" aria-level=\"1\"><b>Frais de d\u00e9placement<\/b><span style=\"font-weight: 400;\"> Notre technicien vous rendra visite avec sa camionnette de service. Les co\u00fbts sont les suivants <\/span><i><span style=\"font-weight: 400;\">\u20ac 69,50<\/span><\/i><span style=\"font-weight: 400;\">.<\/span><\/li><\/ul><p><span style=\"font-weight: 400;\">Si vous \u00eates d'accord, notre service technique commandera les pi\u00e8ces n\u00e9cessaires. Vous serez alors contact\u00e9 pour un rendez-vous de visite. Le co\u00fbt figurant sur le devis doit \u00eatre pay\u00e9 directement au technicien par \u00e9pingle.<\/span><\/p><p><span style=\"font-style: inherit; color: var( --e-global-color-text );\">Il arrive parfois que le probl\u00e8me soit plus important que ce que l'on pouvait \u00e9valuer au pr\u00e9alable. S'il s'av\u00e8re que l'appareil peut \u00eatre r\u00e9par\u00e9, mais qu'il n\u00e9cessite d'autres pi\u00e8ces, un nouveau devis vous sera d'abord propos\u00e9 gratuitement, que vous pourrez \u00e0 nouveau accepter ou refuser. La deuxi\u00e8me visite est \u00e0 votre charge <\/span><span style=\"font-style: inherit; color: var( --e-global-color-text );\">n'es pas<\/span><span style=\"font-style: inherit; color: var( --e-global-color-text );\"> wederom de voorrijkosten \u00e0 <\/span><i style=\"font-weight: inherit; color: var( --e-global-color-text );\">\u20ac 69,50<\/i><span style=\"font-style: inherit; color: var( --e-global-color-text );\">. Si vous n'\u00eates pas d'accord, ou si le produit s'av\u00e8re ne pas \u00eatre r\u00e9parable du tout, vous ne paierez que les frais d'appel et de manutention (ensemble des frais d'appel et de manutention). <\/span><i style=\"font-weight: inherit; color: var( --e-global-color-text );\">\u20ac 112,-<\/i><span style=\"font-style: inherit; color: var( --e-global-color-text );\">).<\/span><\/p>\t\t\t\t\t\t\t\t<\/div>\n\t\t\t\t<\/div>\n\t\t\t\t\t<\/div>\n\t\t<\/div>\n\t\t\t\t\t<\/div>\n\t\t<\/section>\n\t\t\t\t<section class=\"elementor-section elementor-top-section elementor-element elementor-element-7e501a3 elementor-section-boxed elementor-section-height-default elementor-section-height-default\" data-id=\"7e501a3\" data-element_type=\"section\">\n\t\t\t\t\t\t<div class=\"elementor-container elementor-column-gap-default\">\n\t\t\t\t\t<div class=\"elementor-column elementor-col-100 elementor-top-column elementor-element elementor-element-86aefdc\" data-id=\"86aefdc\" data-element_type=\"column\">\n\t\t\t<div class=\"elementor-widget-wrap elementor-element-populated\">\n\t\t\t\t\t\t<div class=\"elementor-element elementor-element-37f7779 elementor-widget elementor-widget-heading\" data-id=\"37f7779\" data-element_type=\"widget\" data-widget_type=\"heading.default\">\n\t\t\t\t<div class=\"elementor-widget-container\">\n\t\t\t\t\t<h4 class=\"elementor-heading-title elementor-size-default\">Tarifs sans bonne volont\u00e9 - R\u00e9paration dans notre atelier<\/h4>\t\t\t\t<\/div>\n\t\t\t\t<\/div>\n\t\t\t\t\t<\/div>\n\t\t<\/div>\n\t\t\t\t\t<\/div>\n\t\t<\/section>\n\t\t\t\t<section class=\"elementor-section elementor-top-section elementor-element elementor-element-6daf549 elementor-section-boxed elementor-section-height-default elementor-section-height-default\" data-id=\"6daf549\" data-element_type=\"section\">\n\t\t\t\t\t\t<div class=\"elementor-container elementor-column-gap-default\">\n\t\t\t\t\t<div class=\"elementor-column elementor-col-100 elementor-top-column elementor-element elementor-element-4325244\" data-id=\"4325244\" data-element_type=\"column\">\n\t\t\t<div class=\"elementor-widget-wrap elementor-element-populated\">\n\t\t\t\t\t\t<div class=\"elementor-element elementor-element-cacc2fc elementor-widget elementor-widget-text-editor\" data-id=\"cacc2fc\" data-element_type=\"widget\" data-widget_type=\"text-editor.default\">\n\t\t\t\t<div class=\"elementor-widget-container\">\n\t\t\t\t\t\t\t\t\t<p><span style=\"font-weight: 400;\">Les t\u00e9l\u00e9viseurs de 55 pouces et moins, ainsi que les petits appareils m\u00e9nagers tels que les micro-ondes, les aspirateurs et autres appareils sont g\u00e9n\u00e9ralement r\u00e9par\u00e9s dans notre atelier. Vous pouvez g\u00e9n\u00e9ralement nous livrer ces produits vous-m\u00eame, nous les envoyer ou les r\u00e9cup\u00e9rer chez vous.<\/span><\/p>\n<h5><span style=\"font-weight: 400;\">Devis \u00e0 l'avance<\/span><\/h5>\n<p><span style=\"font-weight: 400;\">Dans certains cas, nous pouvons \u00e9tablir un devis \u00e0 l'avance pour vous donner une id\u00e9e du co\u00fbt de la r\u00e9paration. Vous serez alors contact\u00e9 pour le faire <\/span><i><span style=\"font-weight: 400;\">\u20ac 42,50<\/span><\/i><span style=\"font-weight: 400;\"> les frais de manutention. Si vous acceptez le devis, un rendez-vous sera pris avec vous pour le transport du produit. Si vous n'\u00eates pas d'accord, le <\/span><i><span style=\"font-weight: 400;\">\u20ac 42,50<\/span><\/i><span style=\"font-weight: 400;\"> behandelingskosten bij ons.<\/span><\/p>\n<h5><span style=\"font-weight: 400;\">Livraison du produit<\/span><\/h5>\n<p><span style=\"font-weight: 400;\">Sur notre site web, vous pouvez soumettre une demande de r\u00e9paration et enregistrer ainsi votre produit. <\/span><b>Remarque :<\/b><span style=\"font-weight: 400;\"> Vous ne pouvez pas nous envoyer un produit pour lequel nous ne sommes pas autoris\u00e9s. Si vous nous envoyez un tel produit, nous sommes tenus de <\/span><i><span style=\"font-weight: 400;\">\u20ac 18,-<\/span><\/i><span style=\"font-weight: 400;\"> facturer des frais de manutention pour le traitement de votre produit. Si nous devons vous renvoyer le produit, nous vous facturerons des frais de manutention suppl\u00e9mentaires. <\/span><i><span style=\"font-weight: 400;\">\u20ac 14,95<\/span><\/i><span style=\"font-weight: 400;\"> of <\/span><i><span style=\"font-weight: 400;\">\u20ac 29,95<\/span><\/i><span style=\"font-weight: 400;\"> en fonction de la taille de votre produit. Si vous venez chercher le produit vous-m\u00eame, vous ne payez \u00e9videmment pas de frais d'exp\u00e9dition au-del\u00e0 des frais de manutention.<\/span><\/p>\n<p><span style=\"font-weight: 400;\">Si nous sommes agr\u00e9\u00e9s pour votre produit, vous trouverez ci-dessous les diff\u00e9rents moyens par lesquels votre produit peut nous parvenir:<\/span><\/p>\n<ul>\n<li style=\"list-style-type: none;\">\n<ul>\n<li style=\"font-weight: 400;\" aria-level=\"1\"><b>Livraison et enl\u00e8vement par le client lui-m\u00eame:<\/b><span style=\"font-weight: 400;\"> Si vous venez ensuite livrer le produit, veuillez vous munir du num\u00e9ro de commande que vous avez re\u00e7u lors de votre inscription en ligne. Bien entendu, la livraison et l'enl\u00e8vement du produit par vos soins ne vous seront pas factur\u00e9s. Vous devez cependant prendre rendez-vous avec notre agence de Mijdrecht.&nbsp;<\/span><\/li>\n<li style=\"font-weight: 400;\" aria-level=\"1\"><b>Soumettre:<\/b><span style=\"font-weight: 400;\"> Si vous le souhaitez, vous pouvez utiliser PostNL pour envoyer un appareil pour r\u00e9paration \u00e0 notre atelier. Pour conna\u00eetre les tarifs d'exp\u00e9dition en vigueur, veuillez consulter le site Web de <\/span><a href=\"https:\/\/www.postnl.nl\/\"><span style=\"font-weight: 400;\">PostNL<\/span><\/a><span style=\"font-weight: 400;\">.<\/span><\/li>\n<li aria-level=\"1\"><span data-teams=\"true\"><b>Samsung producten<\/b>: Bijvoorbeeld een Samsung televisies van 55 inch of kleiner worden bij u thuis opgehaald. Dit kan ook uw stofzuiger zijn (Samsung bepaald dit). Is het apparaat buiten garantie, dan betaalt u zowel de onderzoekskosten \u00e0 \u20ac 42,50 en de transportkosten van CE Logistics \u00e0 \u20ac 58,- wat samen \u20ac 100,50 kost.&nbsp;<\/span><span data-teams=\"true\">Ce montant doit \u00eatre pay\u00e9 au chauffeur lors de sa visite.<\/span><\/li>\n<\/ul>\n<\/li>\n<\/ul>\n<h5><span style=\"font-weight: 400;\">R\u00e9paration<\/span><\/h5>\n<p><span style=\"font-weight: 400;\">Si le produit est arriv\u00e9 dans nos ateliers et que vous n'avez pas re\u00e7u de devis au pr\u00e9alable, notre service technique vous enverra un devis.<\/span><\/p>\n<p><span style=\"font-weight: 400;\">Si vous acceptez ce devis, les pi\u00e8ces sp\u00e9cifi\u00e9es seront command\u00e9es et le produit r\u00e9par\u00e9. Une fois le produit r\u00e9par\u00e9, il vous sera demand\u00e9 de payer le montant indiqu\u00e9 sur la facture afin que nous puissions vous renvoyer le produit. Si vous souhaitez venir chercher le produit vous-m\u00eame, vous pouvez payer au guichet et emporter le produit imm\u00e9diatement.<\/span><\/p>\n<p><span style=\"font-weight: 400;\">Si vous n'\u00eates pas d'accord avec la citation, vous avez deux possibilit\u00e9s :<\/span><\/p>\n<ul>\n<li style=\"font-weight: 400;\" aria-level=\"1\"><b>Vous voulez r\u00e9cup\u00e9rer l'appareil :<\/b><span style=\"font-weight: 400;\"> Vous devez payer les frais de dossier \u00e0 <\/span><i><span style=\"font-weight: 400;\">\u20ac 42,50<\/span><\/i><span style=\"font-weight: 400;\"> te voldoen, en de retourkosten als u het product niet zelf komt ophalen. (is uw product door ons opgehaald, dan brengen wij uw product ook weer terug, zie retourtransport CE Logistics)<\/span><\/li>\n<li style=\"font-weight: 400;\" aria-level=\"1\"><b>Vous ne voulez pas r\u00e9cup\u00e9rer l'appareil :<\/b><span style=\"font-weight: 400;\"> Vous devez payer les frais de dossier \u00e0 <\/span><i><span style=\"font-weight: 400;\">\u20ac 42,50<\/span><\/i><span style=\"font-weight: 400;\"> co\u00fbt de destruction <\/span><i><span style=\"font-weight: 400;\">\u20ac 6,35<\/span><\/i><span style=\"font-weight: 400;\"> se conformer. Nous veillons \u00e0 ce que l'\u00e9limination et la destruction du produit se fassent dans le respect de l'environnement.<\/span><\/li>\n<\/ul>\n<h5><span style=\"font-weight: 400;\">Retour produit<\/span><\/h5>\n<p><span style=\"font-weight: 400;\">Une fois que le produit est pr\u00eat, il y a plusieurs fa\u00e7ons de vous le renvoyer.<\/span><\/p>\n<ul>\n<li aria-level=\"1\"><b>Nous avons repris le flambeau : <\/b><span style=\"font-weight: 400;\">Ce service est gratuit, mais ne peut \u00eatre effectu\u00e9 que sur rendez-vous.<\/span><\/li>\n<li aria-level=\"1\"><b>Transport de retour \u00ab Small \u00bb :<\/b><span style=\"font-weight: 400;\"> Emballages jusqu'\u00e0 100x50x50 cm, jusqu'\u00e0 9 kg. <\/span><i><span style=\"font-weight: 400;\">Co\u00fbt : \u20ac 14,95<\/span><\/i><\/li>\n<li aria-level=\"1\"><b>Transport de retour \u00ab Large \u00bb :<\/b><span style=\"font-weight: 400;\"> Emballages jusqu'\u00e0 176x78x58 cm, jusqu'\u00e0 23 kg. <\/span><i><span style=\"font-weight: 400;\">Co\u00fbt : \u20ac 29,95<\/span><\/i><\/li>\n<\/ul>\n<p><span style=\"font-size: 16px; font-weight: 400;\">Les \u00e9l\u00e9ments ci-dessus sont soumis aux conditions d'exp\u00e9dition de PostNL.<\/span><br><b><\/b><\/p>\n<p><b>Retourtransport via CE Logistics:<\/b><span style=\"font-weight: 400;\"> CE Logistics est notre service de transport, sp\u00e9cialis\u00e9 dans l'\u00e9lectronique grand public. Le service de messagerie vous ram\u00e8nera le produit le jour ouvrable de votre choix. Les frais sont \u00e0 la charge du client : <\/span><i><span style=\"font-weight: 400;\">\u20ac 58,-<\/span><\/i><\/p>\t\t\t\t\t\t\t\t<\/div>\n\t\t\t\t<\/div>\n\t\t\t\t\t<\/div>\n\t\t<\/div>\n\t\t\t\t\t<\/div>\n\t\t<\/section>\n\t\t\t\t<section class=\"elementor-section elementor-top-section elementor-element elementor-element-9255833 elementor-section-boxed elementor-section-height-default elementor-section-height-default\" data-id=\"9255833\" data-element_type=\"section\">\n\t\t\t\t\t\t<div class=\"elementor-container elementor-column-gap-default\">\n\t\t\t\t\t<div class=\"elementor-column elementor-col-100 elementor-top-column elementor-element elementor-element-5edb933\" data-id=\"5edb933\" data-element_type=\"column\">\n\t\t\t<div class=\"elementor-widget-wrap elementor-element-populated\">\n\t\t\t\t\t\t<div class=\"elementor-element elementor-element-3c04d23 elementor-widget elementor-widget-heading\" data-id=\"3c04d23\" data-element_type=\"widget\" data-widget_type=\"heading.default\">\n\t\t\t\t<div class=\"elementor-widget-container\">\n\t\t\t\t\t<h4 class=\"elementor-heading-title elementor-size-default\">Autres co\u00fbts (pour les r\u00e9parations de la maison et de l'atelier)<\/h4>\t\t\t\t<\/div>\n\t\t\t\t<\/div>\n\t\t\t\t\t<\/div>\n\t\t<\/div>\n\t\t\t\t\t<\/div>\n\t\t<\/section>\n\t\t\t\t<section class=\"elementor-section elementor-top-section elementor-element elementor-element-12c0cb4 elementor-section-boxed elementor-section-height-default elementor-section-height-default\" data-id=\"12c0cb4\" data-element_type=\"section\">\n\t\t\t\t\t\t<div class=\"elementor-container elementor-column-gap-default\">\n\t\t\t\t\t<div class=\"elementor-column elementor-col-100 elementor-top-column elementor-element elementor-element-a8d7069\" data-id=\"a8d7069\" data-element_type=\"column\">\n\t\t\t<div class=\"elementor-widget-wrap elementor-element-populated\">\n\t\t\t\t\t\t<div class=\"elementor-element elementor-element-1d084b4 elementor-widget elementor-widget-text-editor\" data-id=\"1d084b4\" data-element_type=\"widget\" data-widget_type=\"text-editor.default\">\n\t\t\t\t<div class=\"elementor-widget-container\">\n\t\t\t\t\t\t\t\t\t<ul>\n<li style=\"font-weight: 400;\" aria-level=\"1\"><b>Frais non li\u00e9s au domicile :<\/b><span style=\"font-weight: 400;\">&nbsp;<\/span><span data-teams=\"true\"><span data-teams=\"true\">Bent u niet thuis op het moment dat u een afspraak heeft met een monteur of chauffeur van ons?&#8217;<\/span>&nbsp;Dan zijn wij genoodzaakt \u20ac 69,50 in rekening te brengen.<\/span><\/li>\n<li aria-level=\"1\"><b style=\"font-style: inherit;\">Te laat wijzigen<\/b><b style=\"font-weight: 400; font-style: inherit;\">:<\/b><span style=\"font-weight: 400;\"> Le rendez-vous doit \u00eatre modifi\u00e9, mais il faut l'indiquer <\/span><b>na <\/b><span style=\"font-weight: 400;\">12:00 uur de werkdag voorafgaand aan de afspraak<\/span><span style=\"font-weight: 400;\"> door, dan zijn wij genoodzaakt <\/span><i style=\"font-weight: inherit;\"><span style=\"font-weight: 400;\">\u20ac 69,50<\/span><\/i><span style=\"font-weight: 400;\"> bij u in rekening te brengen.<\/span><\/li>\n<li aria-level=\"1\"><b>Retourkosten <\/b><span style=\"font-weight: 400;\">bij g\u00e9\u00e9n reactie op de prijsopgave bedragen \u20ac 75,46.<\/span><\/li>\n<\/ul>\t\t\t\t\t\t\t\t<\/div>\n\t\t\t\t<\/div>\n\t\t\t\t\t<\/div>\n\t\t<\/div>\n\t\t\t\t\t<\/div>\n\t\t<\/section>\n\t\t\t\t<section class=\"elementor-section elementor-top-section elementor-element elementor-element-3036f92 elementor-section-boxed elementor-section-height-default elementor-section-height-default\" data-id=\"3036f92\" data-element_type=\"section\">\n\t\t\t\t\t\t<div class=\"elementor-container elementor-column-gap-default\">\n\t\t\t\t\t<div class=\"elementor-column elementor-col-100 elementor-top-column elementor-element elementor-element-4af47e0\" data-id=\"4af47e0\" data-element_type=\"column\">\n\t\t\t<div class=\"elementor-widget-wrap elementor-element-populated\">\n\t\t\t\t\t\t<div class=\"elementor-element elementor-element-e17feb3 elementor-widget elementor-widget-spacer\" data-id=\"e17feb3\" data-element_type=\"widget\" data-widget_type=\"spacer.default\">\n\t\t\t\t<div class=\"elementor-widget-container\">\n\t\t\t\t\t\t\t<div class=\"elementor-spacer\">\n\t\t\t<div class=\"elementor-spacer-inner\"><\/div>\n\t\t<\/div>\n\t\t\t\t\t\t<\/div>\n\t\t\t\t<\/div>\n\t\t\t\t\t<\/div>\n\t\t<\/div>\n\t\t\t\t\t<\/div>\n\t\t<\/section>\n\t\t\t\t<\/div>","protected":false},"excerpt":{"rendered":"<p>Tarieven voor producten buiten garantie Tarieven voor reparaties met coulance vanuit fabrikant Is de garantie op uw product voorbij, dan biedt de fabrikant u in sommige gevallen een bepaalde korting (genaamd \u2018Coulance\u2019) op de reparatiekosten. CE Repair Services repareert het product in zo\u2019n geval op basis van de tarieven van de fabrikant. Deze tarieven zijn &hellip;<\/p>\n<p class=\"read-more\"> <a class=\"\" href=\"https:\/\/cerepair.eu\/fr-be\/tariff\/\"> <span class=\"screen-reader-text\">Tariff<\/span> Read More &raquo;<\/a><\/p>","protected":false},"author":3,"featured_media":0,"parent":0,"menu_order":0,"comment_status":"closed","ping_status":"closed","template":"","meta":{"site-sidebar-layout":"no-sidebar","site-content-layout":"page-builder","ast-global-header-display":"","ast-banner-title-visibility":"","ast-main-header-display":"","ast-hfb-above-header-display":"","ast-hfb-below-header-display":"","ast-hfb-mobile-header-display":"","site-post-title":"disabled","ast-breadcrumbs-content":"","ast-featured-img":"disabled","footer-sml-layout":"","theme-transparent-header-meta":"","adv-header-id-meta":"","stick-header-meta":"","header-above-stick-meta":"","header-main-stick-meta":"","header-below-stick-meta":"","footnotes":""},"class_list":["post-3134","page","type-page","status-publish","hentry"],"_links":{"self":[{"href":"https:\/\/cerepair.eu\/fr-be\/wp-json\/wp\/v2\/pages\/3134","targetHints":{"allow":["GET"]}}],"collection":[{"href":"https:\/\/cerepair.eu\/fr-be\/wp-json\/wp\/v2\/pages"}],"about":[{"href":"https:\/\/cerepair.eu\/fr-be\/wp-json\/wp\/v2\/types\/page"}],"author":[{"embeddable":true,"href":"https:\/\/cerepair.eu\/fr-be\/wp-json\/wp\/v2\/users\/3"}],"replies":[{"embeddable":true,"href":"https:\/\/cerepair.eu\/fr-be\/wp-json\/wp\/v2\/comments?post=3134"}],"version-history":[{"count":250,"href":"https:\/\/cerepair.eu\/fr-be\/wp-json\/wp\/v2\/pages\/3134\/revisions"}],"predecessor-version":[{"id":17881,"href":"https:\/\/cerepair.eu\/fr-be\/wp-json\/wp\/v2\/pages\/3134\/revisions\/17881"}],"wp:attachment":[{"href":"https:\/\/cerepair.eu\/fr-be\/wp-json\/wp\/v2\/media?parent=3134"}],"curies":[{"name":"wp","href":"https:\/\/api.w.org\/{rel}","templated":true}]}}