{"id":3596,"date":"2021-11-03T09:41:25","date_gmt":"2021-11-03T09:41:25","guid":{"rendered":"https:\/\/wordpress.ceonline.eu\/?page_id=3596"},"modified":"2022-07-08T09:16:40","modified_gmt":"2022-07-08T09:16:40","slug":"cookie-policy","status":"publish","type":"page","link":"https:\/\/cerepair.eu\/fr-be\/cookie-policy\/","title":{"rendered":"Cookie Policy"},"content":{"rendered":"<div data-elementor-type=\"wp-page\" data-elementor-id=\"3596\" class=\"elementor elementor-3596\" data-elementor-post-type=\"page\">\n\t\t\t\t\t\t<section class=\"elementor-section elementor-top-section elementor-element elementor-element-7d5568d elementor-section-boxed elementor-section-height-default elementor-section-height-default\" data-id=\"7d5568d\" data-element_type=\"section\">\n\t\t\t\t\t\t<div class=\"elementor-container elementor-column-gap-default\">\n\t\t\t\t\t<div class=\"elementor-column elementor-col-100 elementor-top-column elementor-element elementor-element-75b8e79\" data-id=\"75b8e79\" data-element_type=\"column\">\n\t\t\t<div class=\"elementor-widget-wrap elementor-element-populated\">\n\t\t\t\t\t\t<div class=\"elementor-element elementor-element-36c2387 elementor-widget elementor-widget-spacer\" data-id=\"36c2387\" data-element_type=\"widget\" data-widget_type=\"spacer.default\">\n\t\t\t\t<div class=\"elementor-widget-container\">\n\t\t\t\t\t\t\t<div class=\"elementor-spacer\">\n\t\t\t<div class=\"elementor-spacer-inner\"><\/div>\n\t\t<\/div>\n\t\t\t\t\t\t<\/div>\n\t\t\t\t<\/div>\n\t\t\t\t\t<\/div>\n\t\t<\/div>\n\t\t\t\t\t<\/div>\n\t\t<\/section>\n\t\t\t\t<section class=\"elementor-section elementor-top-section elementor-element elementor-element-fb560a7 elementor-section-boxed elementor-section-height-default elementor-section-height-default\" data-id=\"fb560a7\" data-element_type=\"section\">\n\t\t\t\t\t\t<div class=\"elementor-container elementor-column-gap-default\">\n\t\t\t\t\t<div class=\"elementor-column elementor-col-100 elementor-top-column elementor-element elementor-element-cbd5407\" data-id=\"cbd5407\" data-element_type=\"column\">\n\t\t\t<div class=\"elementor-widget-wrap elementor-element-populated\">\n\t\t\t\t\t\t<div class=\"elementor-element elementor-element-341ee40 elementor-widget elementor-widget-text-editor\" data-id=\"341ee40\" data-element_type=\"widget\" data-widget_type=\"text-editor.default\">\n\t\t\t\t<div class=\"elementor-widget-container\">\n\t\t\t\t\t\t\t\t\t<p>CE Services Group B.V., ses succursales et unit\u00e9s commerciales, ci-apr\u00e8s d\u00e9nomm\u00e9es \u00ab\u00a0CESG\u00a0\u00bb, est une soci\u00e9t\u00e9 n\u00e9erlandaise, dont le si\u00e8ge social est situ\u00e9 Daltonstraat 25, 3316 GD Dordrecht, Pays-Bas et enregistr\u00e9e sous le num\u00e9ro de chambre de commerce 58336613.\u00a0\u00a0<br \/><br \/>Lors d'une visite sur les sites Web du CESG, les donn\u00e9es des visiteurs sont collect\u00e9es et stock\u00e9es. Nous utilisons des cookies pour cela. Sur cette page, vous pouvez lire exactement quelles informations sont collect\u00e9es et ce qui en est fait. De plus, nous vous expliquons ce que vous pouvez faire si vous ne souhaitez pas accepter tout ou partie des cookies.<\/p>\t\t\t\t\t\t\t\t<\/div>\n\t\t\t\t<\/div>\n\t\t\t\t\t<\/div>\n\t\t<\/div>\n\t\t\t\t\t<\/div>\n\t\t<\/section>\n\t\t\t\t<section class=\"elementor-section elementor-top-section elementor-element elementor-element-3585ca1 elementor-section-boxed elementor-section-height-default elementor-section-height-default\" data-id=\"3585ca1\" data-element_type=\"section\">\n\t\t\t\t\t\t<div class=\"elementor-container elementor-column-gap-default\">\n\t\t\t\t\t<div class=\"elementor-column elementor-col-100 elementor-top-column elementor-element elementor-element-6770c73\" data-id=\"6770c73\" data-element_type=\"column\">\n\t\t\t<div class=\"elementor-widget-wrap elementor-element-populated\">\n\t\t\t\t\t\t<div class=\"elementor-element elementor-element-6dc1d77 elementor-widget elementor-widget-heading\" data-id=\"6dc1d77\" data-element_type=\"widget\" data-widget_type=\"heading.default\">\n\t\t\t\t<div class=\"elementor-widget-container\">\n\t\t\t\t\t<h2 class=\"elementor-heading-title elementor-size-default\">Que sont les cookies ?<\/h2>\t\t\t\t<\/div>\n\t\t\t\t<\/div>\n\t\t\t\t\t<\/div>\n\t\t<\/div>\n\t\t\t\t\t<\/div>\n\t\t<\/section>\n\t\t\t\t<section class=\"elementor-section elementor-top-section elementor-element elementor-element-bbd61f1 elementor-section-boxed elementor-section-height-default elementor-section-height-default\" data-id=\"bbd61f1\" data-element_type=\"section\">\n\t\t\t\t\t\t<div class=\"elementor-container elementor-column-gap-default\">\n\t\t\t\t\t<div class=\"elementor-column elementor-col-100 elementor-top-column elementor-element elementor-element-38700ab\" data-id=\"38700ab\" data-element_type=\"column\">\n\t\t\t<div class=\"elementor-widget-wrap elementor-element-populated\">\n\t\t\t\t\t\t<div class=\"elementor-element elementor-element-cd16649 elementor-widget elementor-widget-text-editor\" data-id=\"cd16649\" data-element_type=\"widget\" data-widget_type=\"text-editor.default\">\n\t\t\t\t<div class=\"elementor-widget-container\">\n\t\t\t\t\t\t\t\t\t<p>Les cookies sont de petits fichiers qui sont stock\u00e9s via votre navigateur sur le disque dur de votre propre ordinateur lors d'une visite sur les sites Web du CESG. L'utilisation des cookies est totalement s\u00e9curis\u00e9e et les cookies ne sont jamais utilis\u00e9s pour r\u00e9cup\u00e9rer des informations priv\u00e9es telles que des mots de passe. Les cookies ont diverses fonctions telles que:<\/p><ul><li>Se souvenir du nom de connexion ou des param\u00e8tres;<\/li><li>Vos pr\u00e9f\u00e9rences sont enregistr\u00e9es, de sorte que vous n'avez qu'\u00e0 les indiquer\/remplir une seule fois;<\/li><li>\u00c0 l'aide de cookies, les publicit\u00e9s peuvent \u00eatre adapt\u00e9es \u00e0 votre domaine d'int\u00e9r\u00eat.<\/li><\/ul><p>\u00a0<\/p>\t\t\t\t\t\t\t\t<\/div>\n\t\t\t\t<\/div>\n\t\t\t\t\t<\/div>\n\t\t<\/div>\n\t\t\t\t\t<\/div>\n\t\t<\/section>\n\t\t\t\t<section class=\"elementor-section elementor-top-section elementor-element elementor-element-bbd7ea2 elementor-section-boxed elementor-section-height-default elementor-section-height-default\" data-id=\"bbd7ea2\" data-element_type=\"section\">\n\t\t\t\t\t\t<div class=\"elementor-container elementor-column-gap-default\">\n\t\t\t\t\t<div class=\"elementor-column elementor-col-100 elementor-top-column elementor-element elementor-element-bc1a30c\" data-id=\"bc1a30c\" data-element_type=\"column\">\n\t\t\t<div class=\"elementor-widget-wrap elementor-element-populated\">\n\t\t\t\t\t\t<div class=\"elementor-element elementor-element-61c57ac elementor-widget elementor-widget-heading\" data-id=\"61c57ac\" data-element_type=\"widget\" data-widget_type=\"heading.default\">\n\t\t\t\t<div class=\"elementor-widget-container\">\n\t\t\t\t\t<h2 class=\"elementor-heading-title elementor-size-default\">Quels sont les cookies?<\/h2>\t\t\t\t<\/div>\n\t\t\t\t<\/div>\n\t\t\t\t\t<\/div>\n\t\t<\/div>\n\t\t\t\t\t<\/div>\n\t\t<\/section>\n\t\t\t\t<section class=\"elementor-section elementor-top-section elementor-element elementor-element-316e304 elementor-section-boxed elementor-section-height-default elementor-section-height-default\" data-id=\"316e304\" data-element_type=\"section\">\n\t\t\t\t\t\t<div class=\"elementor-container elementor-column-gap-default\">\n\t\t\t\t\t<div class=\"elementor-column elementor-col-100 elementor-top-column elementor-element elementor-element-5d1d8a3\" data-id=\"5d1d8a3\" data-element_type=\"column\">\n\t\t\t<div class=\"elementor-widget-wrap elementor-element-populated\">\n\t\t\t\t\t\t<div class=\"elementor-element elementor-element-bfe8553 elementor-widget elementor-widget-text-editor\" data-id=\"bfe8553\" data-element_type=\"widget\" data-widget_type=\"text-editor.default\">\n\t\t\t\t<div class=\"elementor-widget-container\">\n\t\t\t\t\t\t\t\t\t<ul><li style=\"background: transparent;\"><strong style=\"background: transparent; border: 0px; margin: 0px; padding: 0px; vertical-align: baseline;\">N\u00e9cessaire<\/strong>\u00a0\u2013 Ces cookies sont n\u00e9cessaires pour naviguer sur les sites Web. Par exemple, la commande et le paiement \u00e9lectronique ne sont pas possibles sans ces cookies;<\/li><li style=\"background: transparent;\"><strong style=\"background: transparent; border: 0px; margin: 0px; padding: 0px; vertical-align: baseline;\">Fonctionnel<\/strong>\u00a0\u2013 Cela permet aux sites Web de se souvenir des choix que vous avez faits lors de la visite du site Web. Par exemple, ces cookies sont utilis\u00e9s pour stocker des pr\u00e9f\u00e9rences telles que la taille et la police du texte;<\/li><li style=\"background: transparent;\"><strong style=\"background: transparent; border: 0px; margin: 0px; padding: 0px; vertical-align: baseline;\">Performance<\/strong>\u00a0\u2013 Ces cookies collectent des informations sur le comportement des visiteurs sur les sites Web, par exemple les pages que vous visitez souvent. Sur la base de ces donn\u00e9es, les sites Web et leur navigation peuvent \u00eatre optimis\u00e9s. Ces cookies sont \u00e9galement utilis\u00e9s pour garder une trace de la fa\u00e7on dont vous \u00eates arriv\u00e9 sur un site Web. Ces cookies ne stockent aucune information permettant de retracer votre identit\u00e9 et les donn\u00e9es restent anonymes;<\/li><li style=\"background: transparent;\"><strong style=\"background: transparent; border: 0px; margin: 0px; padding: 0px; vertical-align: baseline;\">Ciblage<\/strong>\u00a0\u2013 Ces cookies suivent un utilisateur pendant une plus longue p\u00e9riode sur diff\u00e9rents sites Web et sont capables de cr\u00e9er un profil. Cela permet \u00e0 un utilisateur d'\u00eatre segment\u00e9 par int\u00e9r\u00eat sp\u00e9cifique. Ces cookies sont largement utilis\u00e9s pour pouvoir faire de la publicit\u00e9 en ligne de mani\u00e8re plus cibl\u00e9e. Un r\u00e9seau publicitaire d\u00e9pose un cookie sur l'ordinateur de l'utilisateur via un site tiers. Ce cookie peut \u00eatre lu par le r\u00e9seau sur le site Internet situ\u00e9 dans ce r\u00e9seau publicitaire;<\/li><\/ul>\t\t\t\t\t\t\t\t<\/div>\n\t\t\t\t<\/div>\n\t\t\t\t\t<\/div>\n\t\t<\/div>\n\t\t\t\t\t<\/div>\n\t\t<\/section>\n\t\t\t\t<section class=\"elementor-section elementor-top-section elementor-element elementor-element-446d1c9 elementor-section-boxed elementor-section-height-default elementor-section-height-default\" data-id=\"446d1c9\" data-element_type=\"section\">\n\t\t\t\t\t\t<div class=\"elementor-container elementor-column-gap-default\">\n\t\t\t\t\t<div class=\"elementor-column elementor-col-100 elementor-top-column elementor-element elementor-element-2d95407\" data-id=\"2d95407\" data-element_type=\"column\">\n\t\t\t<div class=\"elementor-widget-wrap elementor-element-populated\">\n\t\t\t\t\t\t<div class=\"elementor-element elementor-element-faf4392 elementor-widget elementor-widget-heading\" data-id=\"faf4392\" data-element_type=\"widget\" data-widget_type=\"heading.default\">\n\t\t\t\t<div class=\"elementor-widget-container\">\n\t\t\t\t\t<h2 class=\"elementor-heading-title elementor-size-default\">Which cookies are used by CESG?<\/h2>\t\t\t\t<\/div>\n\t\t\t\t<\/div>\n\t\t\t\t\t<\/div>\n\t\t<\/div>\n\t\t\t\t\t<\/div>\n\t\t<\/section>\n\t\t\t\t<section class=\"elementor-section elementor-top-section elementor-element elementor-element-8b5cc51 elementor-section-boxed elementor-section-height-default elementor-section-height-default\" data-id=\"8b5cc51\" data-element_type=\"section\">\n\t\t\t\t\t\t<div class=\"elementor-container elementor-column-gap-default\">\n\t\t\t\t\t<div class=\"elementor-column elementor-col-100 elementor-top-column elementor-element elementor-element-67d2042\" data-id=\"67d2042\" data-element_type=\"column\">\n\t\t\t<div class=\"elementor-widget-wrap elementor-element-populated\">\n\t\t\t\t\t\t<div class=\"elementor-element elementor-element-673cab1 elementor-widget elementor-widget-text-editor\" data-id=\"673cab1\" data-element_type=\"widget\" data-widget_type=\"text-editor.default\">\n\t\t\t\t<div class=\"elementor-widget-container\">\n\t\t\t\t\t\t\t\t\t<p>Pour faciliter la visite de nos sites Web pour nos visiteurs, CE Services utilise uniquement des cookies n\u00e9cessaires, fonctionnels et de performance sur ses sites Web.<\/p>\t\t\t\t\t\t\t\t<\/div>\n\t\t\t\t<\/div>\n\t\t\t\t\t<\/div>\n\t\t<\/div>\n\t\t\t\t\t<\/div>\n\t\t<\/section>\n\t\t\t\t<section class=\"elementor-section elementor-top-section elementor-element elementor-element-38123a2 elementor-section-boxed elementor-section-height-default elementor-section-height-default\" data-id=\"38123a2\" data-element_type=\"section\">\n\t\t\t\t\t\t<div class=\"elementor-container elementor-column-gap-default\">\n\t\t\t\t\t<div class=\"elementor-column elementor-col-100 elementor-top-column elementor-element elementor-element-72abe80\" data-id=\"72abe80\" data-element_type=\"column\">\n\t\t\t<div class=\"elementor-widget-wrap elementor-element-populated\">\n\t\t\t\t\t\t<div class=\"elementor-element elementor-element-5c147c2 elementor-widget elementor-widget-heading\" data-id=\"5c147c2\" data-element_type=\"widget\" data-widget_type=\"heading.default\">\n\t\t\t\t<div class=\"elementor-widget-container\">\n\t\t\t\t\t<h2 class=\"elementor-heading-title elementor-size-default\">Vous ne souhaitez pas accepter les cookies?<\/h2>\t\t\t\t<\/div>\n\t\t\t\t<\/div>\n\t\t\t\t\t<\/div>\n\t\t<\/div>\n\t\t\t\t\t<\/div>\n\t\t<\/section>\n\t\t\t\t<section class=\"elementor-section elementor-top-section elementor-element elementor-element-0f359bd elementor-section-boxed elementor-section-height-default elementor-section-height-default\" data-id=\"0f359bd\" data-element_type=\"section\">\n\t\t\t\t\t\t<div class=\"elementor-container elementor-column-gap-default\">\n\t\t\t\t\t<div class=\"elementor-column elementor-col-100 elementor-top-column elementor-element elementor-element-2b6d6f3\" data-id=\"2b6d6f3\" data-element_type=\"column\">\n\t\t\t<div class=\"elementor-widget-wrap elementor-element-populated\">\n\t\t\t\t\t\t<div class=\"elementor-element elementor-element-e8af439 elementor-widget elementor-widget-text-editor\" data-id=\"e8af439\" data-element_type=\"widget\" data-widget_type=\"text-editor.default\">\n\t\t\t\t<div class=\"elementor-widget-container\">\n\t\t\t\t\t\t\t\t\t<p>CESG est l\u00e9galement tenu de demander aux visiteurs de ses sites Web l'autorisation de placer des cookies fonctionnels et de performance. Ces cookies ne stockent aucune donn\u00e9e personnelle ni mot de passe. Si vous ne souhaitez pas que des cookies soient plac\u00e9s sur notre site Web, vous pouvez choisir de le faire dans la notification relative aux cookies que vous verrez lors de votre premi\u00e8re visite sur notre site Web. Si vous avez d\u00e9j\u00e0 accept\u00e9 nos cookies, vous ne verrez plus ce message et vous devez d'abord supprimer nos cookies. La suppression des cookies diff\u00e8re selon le type de navigateur.Vous pouvez \u00e9galement choisir de bloquer l'installation de cookies via votre navigateur. Si vous bloquez tous les cookies, les sites Web pourraient moins bien fonctionner, il est donc conseill\u00e9 de d\u00e9sactiver de mani\u00e8re s\u00e9lective uniquement les cookies ind\u00e9sirables. Vous pouvez le faire dans votre navigateur dans les param\u00e8tres, ce qui vous permet \u00e9galement de bloquer imm\u00e9diatement les cookies des autres sites Web que vous visitez.<\/p><p>\u00a9 CE Services Group, juin 2020<\/p>\t\t\t\t\t\t\t\t<\/div>\n\t\t\t\t<\/div>\n\t\t\t\t\t<\/div>\n\t\t<\/div>\n\t\t\t\t\t<\/div>\n\t\t<\/section>\n\t\t\t\t<section class=\"elementor-section elementor-top-section elementor-element elementor-element-87061bd elementor-section-boxed elementor-section-height-default elementor-section-height-default\" data-id=\"87061bd\" data-element_type=\"section\">\n\t\t\t\t\t\t<div class=\"elementor-container elementor-column-gap-default\">\n\t\t\t\t\t<div class=\"elementor-column elementor-col-100 elementor-top-column elementor-element elementor-element-d122168\" data-id=\"d122168\" data-element_type=\"column\">\n\t\t\t<div class=\"elementor-widget-wrap elementor-element-populated\">\n\t\t\t\t\t\t<div class=\"elementor-element elementor-element-c728d92 elementor-widget elementor-widget-spacer\" data-id=\"c728d92\" data-element_type=\"widget\" data-widget_type=\"spacer.default\">\n\t\t\t\t<div class=\"elementor-widget-container\">\n\t\t\t\t\t\t\t<div class=\"elementor-spacer\">\n\t\t\t<div class=\"elementor-spacer-inner\"><\/div>\n\t\t<\/div>\n\t\t\t\t\t\t<\/div>\n\t\t\t\t<\/div>\n\t\t\t\t\t<\/div>\n\t\t<\/div>\n\t\t\t\t\t<\/div>\n\t\t<\/section>\n\t\t\t\t<\/div>","protected":false},"excerpt":{"rendered":"<p>CE Services Group B.V. en haar vestigingen en business units, hierna te noemen \u2018CESG\u2019, is een Nederlandse onderneming, gevestigd te Daltonstraat 25, 3316 GD Dordrecht en geregistreerd onder KvK nr. 58336613.\u00a0\u00a0 Tijdens een bezoek aan de websites van CESG worden gegevens van bezoekers verzameld en opgeslagen. Hiervoor gebruiken wij cookies. Op deze pagina kunt u &hellip;<\/p>\n<p class=\"read-more\"> <a class=\"\" href=\"https:\/\/cerepair.eu\/fr-be\/cookie-policy\/\"> <span class=\"screen-reader-text\">Cookie Policy<\/span> Read More &raquo;<\/a><\/p>","protected":false},"author":3,"featured_media":0,"parent":0,"menu_order":0,"comment_status":"closed","ping_status":"closed","template":"","meta":{"site-sidebar-layout":"no-sidebar","site-content-layout":"page-builder","ast-global-header-display":"","ast-banner-title-visibility":"","ast-main-header-display":"","ast-hfb-above-header-display":"","ast-hfb-below-header-display":"","ast-hfb-mobile-header-display":"","site-post-title":"disabled","ast-breadcrumbs-content":"","ast-featured-img":"disabled","footer-sml-layout":"","theme-transparent-header-meta":"","adv-header-id-meta":"","stick-header-meta":"","header-above-stick-meta":"","header-main-stick-meta":"","header-below-stick-meta":"","footnotes":""},"class_list":["post-3596","page","type-page","status-publish","hentry"],"_links":{"self":[{"href":"https:\/\/cerepair.eu\/fr-be\/wp-json\/wp\/v2\/pages\/3596","targetHints":{"allow":["GET"]}}],"collection":[{"href":"https:\/\/cerepair.eu\/fr-be\/wp-json\/wp\/v2\/pages"}],"about":[{"href":"https:\/\/cerepair.eu\/fr-be\/wp-json\/wp\/v2\/types\/page"}],"author":[{"embeddable":true,"href":"https:\/\/cerepair.eu\/fr-be\/wp-json\/wp\/v2\/users\/3"}],"replies":[{"embeddable":true,"href":"https:\/\/cerepair.eu\/fr-be\/wp-json\/wp\/v2\/comments?post=3596"}],"version-history":[{"count":40,"href":"https:\/\/cerepair.eu\/fr-be\/wp-json\/wp\/v2\/pages\/3596\/revisions"}],"predecessor-version":[{"id":12983,"href":"https:\/\/cerepair.eu\/fr-be\/wp-json\/wp\/v2\/pages\/3596\/revisions\/12983"}],"wp:attachment":[{"href":"https:\/\/cerepair.eu\/fr-be\/wp-json\/wp\/v2\/media?parent=3596"}],"curies":[{"name":"wp","href":"https:\/\/api.w.org\/{rel}","templated":true}]}}