{"id":3831,"date":"2021-11-09T08:58:43","date_gmt":"2021-11-09T08:58:43","guid":{"rendered":"https:\/\/wordpress.ceonline.eu\/?page_id=3831"},"modified":"2022-08-09T13:55:41","modified_gmt":"2022-08-09T13:55:41","slug":"home-ict","status":"publish","type":"page","link":"https:\/\/cerepair.eu\/fr-be\/home-ict\/","title":{"rendered":"Home ICT"},"content":{"rendered":"<div data-elementor-type=\"wp-page\" data-elementor-id=\"3831\" class=\"elementor elementor-3831\" data-elementor-post-type=\"page\">\n\t\t\t\t\t\t<section class=\"elementor-section elementor-top-section elementor-element elementor-element-3a39452d elementor-section-boxed elementor-section-height-default elementor-section-height-default\" data-id=\"3a39452d\" data-element_type=\"section\" data-settings=\"{&quot;background_background&quot;:&quot;classic&quot;}\">\n\t\t\t\t\t\t<div class=\"elementor-container elementor-column-gap-no\">\n\t\t\t\t\t<div class=\"elementor-column elementor-col-100 elementor-top-column elementor-element elementor-element-27e8a1fc\" data-id=\"27e8a1fc\" data-element_type=\"column\">\n\t\t\t<div class=\"elementor-widget-wrap elementor-element-populated\">\n\t\t\t\t\t\t<section class=\"elementor-section elementor-inner-section elementor-element elementor-element-29b1788d elementor-section-boxed elementor-section-height-default elementor-section-height-default\" data-id=\"29b1788d\" data-element_type=\"section\" data-settings=\"{&quot;background_background&quot;:&quot;classic&quot;}\">\n\t\t\t\t\t\t\t<div class=\"elementor-background-overlay\"><\/div>\n\t\t\t\t\t\t\t<div class=\"elementor-container elementor-column-gap-default\">\n\t\t\t\t\t<div class=\"elementor-column elementor-col-100 elementor-inner-column elementor-element elementor-element-558f84d2\" data-id=\"558f84d2\" data-element_type=\"column\">\n\t\t\t<div class=\"elementor-widget-wrap elementor-element-populated\">\n\t\t\t\t\t\t<div class=\"elementor-element elementor-element-4551a1da elementor-widget elementor-widget-heading\" data-id=\"4551a1da\" data-element_type=\"widget\" data-widget_type=\"heading.default\">\n\t\t\t\t<div class=\"elementor-widget-container\">\n\t\t\t\t\t<h1 class=\"elementor-heading-title elementor-size-default\">CE ICT Services<\/h1>\t\t\t\t<\/div>\n\t\t\t\t<\/div>\n\t\t\t\t<div class=\"elementor-element elementor-element-4867837b elementor-headline--style-rotate elementor-widget elementor-widget-animated-headline\" data-id=\"4867837b\" data-element_type=\"widget\" data-settings=\"{&quot;headline_style&quot;:&quot;rotate&quot;,&quot;animation_type&quot;:&quot;slide&quot;,&quot;rotating_text&quot;:&quot;Cloud oplossing om technische service te ondersteunen\\nOrder tracking, Parts management, Claiming, Planning\\nVolledige controle door interne ontwikkeling&quot;,&quot;rotate_iteration_delay&quot;:6000,&quot;loop&quot;:&quot;yes&quot;}\" data-widget_type=\"animated-headline.default\">\n\t\t\t\t<div class=\"elementor-widget-container\">\n\t\t\t\t\t\t\t<h3 class=\"elementor-headline elementor-headline-animation-type-slide\">\n\t\t\t\t<span class=\"elementor-headline-dynamic-wrapper elementor-headline-text-wrapper\">\n\t\t\t\t\t<span class=\"elementor-headline-dynamic-text elementor-headline-text-active\">\n\t\t\t\tCloud&nbsp;oplossing&nbsp;om&nbsp;technische&nbsp;service&nbsp;te&nbsp;ondersteunen\t\t\t<\/span>\n\t\t\t\t\t<span class=\"elementor-headline-dynamic-text\">\n\t\t\t\tOrder&nbsp;tracking,&nbsp;Parts&nbsp;management,&nbsp;Claiming,&nbsp;Planning\t\t\t<\/span>\n\t\t\t\t\t<span class=\"elementor-headline-dynamic-text\">\n\t\t\t\tVolledige&nbsp;controle&nbsp;door&nbsp;interne&nbsp;ontwikkeling\t\t\t<\/span>\n\t\t\t\t\t\t<\/span>\n\t\t\t\t<\/h3>\n\t\t\t\t\t\t<\/div>\n\t\t\t\t<\/div>\n\t\t\t\t\t<\/div>\n\t\t<\/div>\n\t\t\t\t\t<\/div>\n\t\t<\/section>\n\t\t\t\t\t<\/div>\n\t\t<\/div>\n\t\t\t\t\t<\/div>\n\t\t<\/section>\n\t\t\t\t<section class=\"elementor-section elementor-top-section elementor-element elementor-element-41e780e elementor-section-boxed elementor-section-height-default elementor-section-height-default\" data-id=\"41e780e\" data-element_type=\"section\">\n\t\t\t\t\t\t<div class=\"elementor-container elementor-column-gap-no\">\n\t\t\t\t\t<div class=\"elementor-column elementor-col-100 elementor-top-column elementor-element elementor-element-88e3280\" data-id=\"88e3280\" data-element_type=\"column\">\n\t\t\t<div class=\"elementor-widget-wrap elementor-element-populated\">\n\t\t\t\t\t\t<div class=\"elementor-element elementor-element-042b539 elementor-widget elementor-widget-text-editor\" data-id=\"042b539\" data-element_type=\"widget\" data-widget_type=\"text-editor.default\">\n\t\t\t\t<div class=\"elementor-widget-container\">\n\t\t\t\t\t\t\t\t\t<p>Les connexions de donn\u00e9es sont maintenues \u00e0 partir de CE Online afin que nos clients disposent d'informations en temps r\u00e9el concernant les r\u00e9parations, les pi\u00e8ces, les retours, les statuts des commandes, etc. Cela permet une int\u00e9gration transparente des flux de travail et des processus des diff\u00e9rentes parties.<\/p>\t\t\t\t\t\t\t\t<\/div>\n\t\t\t\t<\/div>\n\t\t\t\t\t<\/div>\n\t\t<\/div>\n\t\t\t\t\t<\/div>\n\t\t<\/section>\n\t\t\t\t<section class=\"elementor-section elementor-top-section elementor-element elementor-element-93c9ea6 elementor-section-boxed elementor-section-height-default elementor-section-height-default\" data-id=\"93c9ea6\" data-element_type=\"section\">\n\t\t\t\t\t\t<div class=\"elementor-container elementor-column-gap-no\">\n\t\t\t\t\t<div class=\"elementor-column elementor-col-50 elementor-top-column elementor-element elementor-element-d72fe38\" data-id=\"d72fe38\" data-element_type=\"column\">\n\t\t\t<div class=\"elementor-widget-wrap elementor-element-populated\">\n\t\t\t\t\t\t<div class=\"elementor-element elementor-element-72d3450 elementor-widget elementor-widget-image\" data-id=\"72d3450\" data-element_type=\"widget\" data-widget_type=\"image.default\">\n\t\t\t\t<div class=\"elementor-widget-container\">\n\t\t\t\t\t\t\t\t\t\t\t\t\t\t\t<img fetchpriority=\"high\" decoding=\"async\" width=\"1024\" height=\"585\" src=\"https:\/\/cerepair.eu\/wp-content\/uploads\/2022\/08\/Portal-1-1024x585.jpg\" class=\"attachment-large size-large wp-image-14873\" alt=\"\" srcset=\"https:\/\/cerepair.eu\/wp-content\/uploads\/2022\/08\/Portal-1-1024x585.jpg 1024w, https:\/\/cerepair.eu\/wp-content\/uploads\/2022\/08\/Portal-1-300x171.jpg 300w, https:\/\/cerepair.eu\/wp-content\/uploads\/2022\/08\/Portal-1-768x438.jpg 768w, https:\/\/cerepair.eu\/wp-content\/uploads\/2022\/08\/Portal-1-1536x877.jpg 1536w, https:\/\/cerepair.eu\/wp-content\/uploads\/2022\/08\/Portal-1-18x10.jpg 18w, https:\/\/cerepair.eu\/wp-content\/uploads\/2022\/08\/Portal-1.jpg 1920w\" sizes=\"(max-width: 1024px) 100vw, 1024px\" \/>\t\t\t\t\t\t\t\t\t\t\t\t\t\t\t<\/div>\n\t\t\t\t<\/div>\n\t\t\t\t\t<\/div>\n\t\t<\/div>\n\t\t\t\t<div class=\"elementor-column elementor-col-50 elementor-top-column elementor-element elementor-element-cf8cb71\" data-id=\"cf8cb71\" data-element_type=\"column\">\n\t\t\t<div class=\"elementor-widget-wrap elementor-element-populated\">\n\t\t\t\t\t\t<div class=\"elementor-element elementor-element-4533940 elementor-widget elementor-widget-heading\" data-id=\"4533940\" data-element_type=\"widget\" data-widget_type=\"heading.default\">\n\t\t\t\t<div class=\"elementor-widget-container\">\n\t\t\t\t\t<h2 class=\"elementor-heading-title elementor-size-default\">Portails<\/h2>\t\t\t\t<\/div>\n\t\t\t\t<\/div>\n\t\t\t\t<div class=\"elementor-element elementor-element-9a530f1 elementor-widget elementor-widget-text-editor\" data-id=\"9a530f1\" data-element_type=\"widget\" data-widget_type=\"text-editor.default\">\n\t\t\t\t<div class=\"elementor-widget-container\">\n\t\t\t\t\t\t\t\t\t<p>Des portails peuvent \u00eatre mis \u00e0 la disposition des fabricants, des importateurs, des distributeurs et des d\u00e9taillants (en ligne), avec lesquels ils peuvent uniquement suivre leurs propres commandes et prendre des d\u00e9cisions interactives. Cela favorise une gestion int\u00e9gr\u00e9e des processus avec le d\u00e9lai d'ex\u00e9cution le plus court possible.<\/p>\t\t\t\t\t\t\t\t<\/div>\n\t\t\t\t<\/div>\n\t\t\t\t\t<\/div>\n\t\t<\/div>\n\t\t\t\t\t<\/div>\n\t\t<\/section>\n\t\t\t\t<section class=\"elementor-section elementor-top-section elementor-element elementor-element-e3f58e5 elementor-section-boxed elementor-section-height-default elementor-section-height-default\" data-id=\"e3f58e5\" data-element_type=\"section\">\n\t\t\t\t\t\t<div class=\"elementor-container elementor-column-gap-default\">\n\t\t\t\t\t<div class=\"elementor-column elementor-col-100 elementor-top-column elementor-element elementor-element-263cb08\" data-id=\"263cb08\" data-element_type=\"column\">\n\t\t\t<div class=\"elementor-widget-wrap elementor-element-populated\">\n\t\t\t\t\t\t<div class=\"elementor-element elementor-element-8020e48 elementor-widget elementor-widget-spacer\" data-id=\"8020e48\" data-element_type=\"widget\" data-widget_type=\"spacer.default\">\n\t\t\t\t<div class=\"elementor-widget-container\">\n\t\t\t\t\t\t\t<div class=\"elementor-spacer\">\n\t\t\t<div class=\"elementor-spacer-inner\"><\/div>\n\t\t<\/div>\n\t\t\t\t\t\t<\/div>\n\t\t\t\t<\/div>\n\t\t\t\t\t<\/div>\n\t\t<\/div>\n\t\t\t\t\t<\/div>\n\t\t<\/section>\n\t\t\t\t<section class=\"elementor-section elementor-top-section elementor-element elementor-element-968755e elementor-section-height-min-height elementor-section-boxed elementor-section-height-default elementor-section-items-middle\" data-id=\"968755e\" data-element_type=\"section\">\n\t\t\t\t\t\t<div class=\"elementor-container elementor-column-gap-no\">\n\t\t\t\t\t<div class=\"elementor-column elementor-col-100 elementor-top-column elementor-element elementor-element-8b8842b\" data-id=\"8b8842b\" data-element_type=\"column\" data-settings=\"{&quot;background_background&quot;:&quot;classic&quot;}\">\n\t\t\t<div class=\"elementor-widget-wrap elementor-element-populated\">\n\t\t\t\t\t\t<section class=\"elementor-section elementor-inner-section elementor-element elementor-element-789ba25 elementor-section-boxed elementor-section-height-default elementor-section-height-default\" data-id=\"789ba25\" data-element_type=\"section\" data-settings=\"{&quot;background_background&quot;:&quot;gradient&quot;}\">\n\t\t\t\t\t\t<div class=\"elementor-container elementor-column-gap-default\">\n\t\t\t\t\t<div class=\"elementor-column elementor-col-50 elementor-inner-column elementor-element elementor-element-cd06c4a\" data-id=\"cd06c4a\" data-element_type=\"column\">\n\t\t\t<div class=\"elementor-widget-wrap elementor-element-populated\">\n\t\t\t\t\t\t<div class=\"elementor-element elementor-element-d74ae37 elementor-widget elementor-widget-heading\" data-id=\"d74ae37\" data-element_type=\"widget\" data-widget_type=\"heading.default\">\n\t\t\t\t<div class=\"elementor-widget-container\">\n\t\t\t\t\t<h2 class=\"elementor-heading-title elementor-size-default\">CE Online \u00a9<\/h2>\t\t\t\t<\/div>\n\t\t\t\t<\/div>\n\t\t\t\t<div class=\"elementor-element elementor-element-5f1f6be elementor-widget elementor-widget-text-editor\" data-id=\"5f1f6be\" data-element_type=\"widget\" data-widget_type=\"text-editor.default\">\n\t\t\t\t<div class=\"elementor-widget-container\">\n\t\t\t\t\t\t\t\t\t<p>CE Online est une solution TIC bas\u00e9e sur le Web sp\u00e9cifiquement destin\u00e9e aux organisations de services compos\u00e9e d'une gamme compl\u00e8te de modules pour g\u00e9rer les activit\u00e9s de service de bout en bout. En raison des exigences et des conditions du march\u00e9 en constante \u00e9volution, CE Online a \u00e9t\u00e9 d\u00e9velopp\u00e9 au fil des ans de mani\u00e8re \u00e0 ce que les processus puissent \u00eatre trait\u00e9s plus efficacement et plus rapidement.<\/p>\n<p>CE Online dispose de toutes les fonctionnalit\u00e9s et modules n\u00e9cessaires tels que : Gestion des commandes (r\u00e9paration, RMA\/Retour, installation, achat et vente, transport, remise \u00e0 neuf, DOA, ferraille, etc.), planification et optimisation des tourn\u00e9es, suivi et tra\u00e7abilit\u00e9 en temps r\u00e9el capacit\u00e9s, gestion WIP (Work-in-Progress), gestion des stocks (propres et en consignation), r\u00e9clamations, facturation et rapports KPI &amp; Management.<\/p>\t\t\t\t\t\t\t\t<\/div>\n\t\t\t\t<\/div>\n\t\t\t\t\t<\/div>\n\t\t<\/div>\n\t\t\t\t<div class=\"elementor-column elementor-col-50 elementor-inner-column elementor-element elementor-element-dd0778d\" data-id=\"dd0778d\" data-element_type=\"column\">\n\t\t\t<div class=\"elementor-widget-wrap elementor-element-populated\">\n\t\t\t\t\t\t<div class=\"elementor-element elementor-element-41b6452 elementor-widget elementor-widget-image\" data-id=\"41b6452\" data-element_type=\"widget\" data-widget_type=\"image.default\">\n\t\t\t\t<div class=\"elementor-widget-container\">\n\t\t\t\t\t\t\t\t\t\t\t\t\t\t\t<img decoding=\"async\" width=\"409\" height=\"586\" src=\"https:\/\/cerepair.eu\/wp-content\/uploads\/2021\/11\/about-image.png\" class=\"attachment-large size-large wp-image-3511\" alt=\"\" srcset=\"https:\/\/cerepair.eu\/wp-content\/uploads\/2021\/11\/about-image.png 409w, https:\/\/cerepair.eu\/wp-content\/uploads\/2021\/11\/about-image-209x300.png 209w\" sizes=\"(max-width: 409px) 100vw, 409px\" \/>\t\t\t\t\t\t\t\t\t\t\t\t\t\t\t<\/div>\n\t\t\t\t<\/div>\n\t\t\t\t\t<\/div>\n\t\t<\/div>\n\t\t\t\t\t<\/div>\n\t\t<\/section>\n\t\t\t\t\t<\/div>\n\t\t<\/div>\n\t\t\t\t\t<\/div>\n\t\t<\/section>\n\t\t\t\t<section class=\"elementor-section elementor-top-section elementor-element elementor-element-7f750ee elementor-section-boxed elementor-section-height-default elementor-section-height-default\" data-id=\"7f750ee\" data-element_type=\"section\">\n\t\t\t\t\t\t<div class=\"elementor-container elementor-column-gap-default\">\n\t\t\t\t\t<div class=\"elementor-column elementor-col-100 elementor-top-column elementor-element elementor-element-42efec5\" data-id=\"42efec5\" data-element_type=\"column\">\n\t\t\t<div class=\"elementor-widget-wrap elementor-element-populated\">\n\t\t\t\t\t\t<div class=\"elementor-element elementor-element-e169b1b elementor-widget elementor-widget-spacer\" data-id=\"e169b1b\" data-element_type=\"widget\" data-widget_type=\"spacer.default\">\n\t\t\t\t<div class=\"elementor-widget-container\">\n\t\t\t\t\t\t\t<div class=\"elementor-spacer\">\n\t\t\t<div class=\"elementor-spacer-inner\"><\/div>\n\t\t<\/div>\n\t\t\t\t\t\t<\/div>\n\t\t\t\t<\/div>\n\t\t\t\t\t<\/div>\n\t\t<\/div>\n\t\t\t\t\t<\/div>\n\t\t<\/section>\n\t\t\t\t<section class=\"elementor-section elementor-top-section elementor-element elementor-element-55979ff elementor-section-boxed elementor-section-height-default elementor-section-height-default\" data-id=\"55979ff\" data-element_type=\"section\">\n\t\t\t\t\t\t<div class=\"elementor-container elementor-column-gap-no\">\n\t\t\t\t\t<div class=\"elementor-column elementor-col-50 elementor-top-column elementor-element elementor-element-ed30f67\" data-id=\"ed30f67\" data-element_type=\"column\">\n\t\t\t<div class=\"elementor-widget-wrap elementor-element-populated\">\n\t\t\t\t\t\t<div class=\"elementor-element elementor-element-065348a elementor-widget elementor-widget-heading\" data-id=\"065348a\" data-element_type=\"widget\" data-widget_type=\"heading.default\">\n\t\t\t\t<div class=\"elementor-widget-container\">\n\t\t\t\t\t<h2 class=\"elementor-heading-title elementor-size-default\">Communication de donn\u00e9es<\/h2>\t\t\t\t<\/div>\n\t\t\t\t<\/div>\n\t\t\t\t<div class=\"elementor-element elementor-element-cd52c6e elementor-widget elementor-widget-text-editor\" data-id=\"cd52c6e\" data-element_type=\"widget\" data-widget_type=\"text-editor.default\">\n\t\t\t\t<div class=\"elementor-widget-container\">\n\t\t\t\t\t\t\t\t\t<p>Si vous le souhaitez, des liaisons de donn\u00e9es peuvent \u00eatre d\u00e9velopp\u00e9es pour les clients. CE ICT Services utilise XML, FTP, EDI, API, entre autres.<\/p>\t\t\t\t\t\t\t\t<\/div>\n\t\t\t\t<\/div>\n\t\t\t\t\t<\/div>\n\t\t<\/div>\n\t\t\t\t<div class=\"elementor-column elementor-col-50 elementor-top-column elementor-element elementor-element-bb60960\" data-id=\"bb60960\" data-element_type=\"column\">\n\t\t\t<div class=\"elementor-widget-wrap elementor-element-populated\">\n\t\t\t\t\t\t<div class=\"elementor-element elementor-element-775f0aa elementor-widget elementor-widget-image\" data-id=\"775f0aa\" data-element_type=\"widget\" data-widget_type=\"image.default\">\n\t\t\t\t<div class=\"elementor-widget-container\">\n\t\t\t\t\t\t\t\t\t\t\t\t\t\t\t<img decoding=\"async\" width=\"306\" height=\"165\" src=\"https:\/\/cerepair.eu\/wp-content\/uploads\/2022\/08\/DataComm.jpg\" class=\"attachment-large size-large wp-image-14880\" alt=\"\" srcset=\"https:\/\/cerepair.eu\/wp-content\/uploads\/2022\/08\/DataComm.jpg 306w, https:\/\/cerepair.eu\/wp-content\/uploads\/2022\/08\/DataComm-300x162.jpg 300w, https:\/\/cerepair.eu\/wp-content\/uploads\/2022\/08\/DataComm-18x10.jpg 18w\" sizes=\"(max-width: 306px) 100vw, 306px\" \/>\t\t\t\t\t\t\t\t\t\t\t\t\t\t\t<\/div>\n\t\t\t\t<\/div>\n\t\t\t\t\t<\/div>\n\t\t<\/div>\n\t\t\t\t\t<\/div>\n\t\t<\/section>\n\t\t\t\t<section class=\"elementor-section elementor-top-section elementor-element elementor-element-b9bc044 elementor-section-boxed elementor-section-height-default elementor-section-height-default\" data-id=\"b9bc044\" data-element_type=\"section\">\n\t\t\t\t\t\t<div class=\"elementor-container elementor-column-gap-default\">\n\t\t\t\t\t<div class=\"elementor-column elementor-col-100 elementor-top-column elementor-element elementor-element-23b7997\" data-id=\"23b7997\" data-element_type=\"column\">\n\t\t\t<div class=\"elementor-widget-wrap elementor-element-populated\">\n\t\t\t\t\t\t<div class=\"elementor-element elementor-element-0659013 elementor-widget elementor-widget-spacer\" data-id=\"0659013\" data-element_type=\"widget\" data-widget_type=\"spacer.default\">\n\t\t\t\t<div class=\"elementor-widget-container\">\n\t\t\t\t\t\t\t<div class=\"elementor-spacer\">\n\t\t\t<div class=\"elementor-spacer-inner\"><\/div>\n\t\t<\/div>\n\t\t\t\t\t\t<\/div>\n\t\t\t\t<\/div>\n\t\t\t\t\t<\/div>\n\t\t<\/div>\n\t\t\t\t\t<\/div>\n\t\t<\/section>\n\t\t\t\t<\/div>","protected":false},"excerpt":{"rendered":"<p>CE ICT Services Cloud&nbsp;oplossing&nbsp;om&nbsp;technische&nbsp;service&nbsp;te&nbsp;ondersteunen Order&nbsp;tracking,&nbsp;Parts&nbsp;management,&nbsp;Claiming,&nbsp;Planning Volledige&nbsp;controle&nbsp;door&nbsp;interne&nbsp;ontwikkeling CE ICT Services heeft in eigen beheer een service management systeem ontwikkeld (CE Online \u00a9), wat door CE Services Group wordt gebruikt en inmiddels ook door meerdere externe service organisaties. Vanuit CE Online worden data connecties onderhouden zodat onze opdrachtgevers real-time informatie ter beschikking hebben ten aanzien van reparaties, &hellip;<\/p>\n<p class=\"read-more\"> <a class=\"\" href=\"https:\/\/cerepair.eu\/fr-be\/home-ict\/\"> <span class=\"screen-reader-text\">Home ICT<\/span> Read More &raquo;<\/a><\/p>","protected":false},"author":3,"featured_media":0,"parent":0,"menu_order":0,"comment_status":"closed","ping_status":"closed","template":"","meta":{"site-sidebar-layout":"no-sidebar","site-content-layout":"page-builder","ast-global-header-display":"","ast-banner-title-visibility":"","ast-main-header-display":"","ast-hfb-above-header-display":"","ast-hfb-below-header-display":"","ast-hfb-mobile-header-display":"","site-post-title":"disabled","ast-breadcrumbs-content":"","ast-featured-img":"disabled","footer-sml-layout":"","theme-transparent-header-meta":"","adv-header-id-meta":"","stick-header-meta":"","header-above-stick-meta":"","header-main-stick-meta":"","header-below-stick-meta":"","footnotes":""},"class_list":["post-3831","page","type-page","status-publish","hentry"],"_links":{"self":[{"href":"https:\/\/cerepair.eu\/fr-be\/wp-json\/wp\/v2\/pages\/3831","targetHints":{"allow":["GET"]}}],"collection":[{"href":"https:\/\/cerepair.eu\/fr-be\/wp-json\/wp\/v2\/pages"}],"about":[{"href":"https:\/\/cerepair.eu\/fr-be\/wp-json\/wp\/v2\/types\/page"}],"author":[{"embeddable":true,"href":"https:\/\/cerepair.eu\/fr-be\/wp-json\/wp\/v2\/users\/3"}],"replies":[{"embeddable":true,"href":"https:\/\/cerepair.eu\/fr-be\/wp-json\/wp\/v2\/comments?post=3831"}],"version-history":[{"count":397,"href":"https:\/\/cerepair.eu\/fr-be\/wp-json\/wp\/v2\/pages\/3831\/revisions"}],"predecessor-version":[{"id":16005,"href":"https:\/\/cerepair.eu\/fr-be\/wp-json\/wp\/v2\/pages\/3831\/revisions\/16005"}],"wp:attachment":[{"href":"https:\/\/cerepair.eu\/fr-be\/wp-json\/wp\/v2\/media?parent=3831"}],"curies":[{"name":"wp","href":"https:\/\/api.w.org\/{rel}","templated":true}]}}