{"id":4163,"date":"2021-11-10T08:13:30","date_gmt":"2021-11-10T08:13:30","guid":{"rendered":"https:\/\/wordpress.ceonline.eu\/?page_id=4163"},"modified":"2023-11-09T09:54:21","modified_gmt":"2023-11-09T09:54:21","slug":"home-servicesgroup","status":"publish","type":"page","link":"https:\/\/cerepair.eu\/fr-be\/home-servicesgroup\/","title":{"rendered":"Home Services Group"},"content":{"rendered":"<div data-elementor-type=\"wp-page\" data-elementor-id=\"4163\" class=\"elementor elementor-4163\" data-elementor-post-type=\"page\">\n\t\t\t\t\t\t<section class=\"elementor-section elementor-top-section elementor-element elementor-element-139cd073 elementor-section-boxed elementor-section-height-default elementor-section-height-default\" data-id=\"139cd073\" data-element_type=\"section\" data-settings=\"{&quot;background_background&quot;:&quot;classic&quot;}\">\n\t\t\t\t\t\t<div class=\"elementor-container elementor-column-gap-no\">\n\t\t\t\t\t<div class=\"elementor-column elementor-col-100 elementor-top-column elementor-element elementor-element-631c5b7c\" data-id=\"631c5b7c\" data-element_type=\"column\">\n\t\t\t<div class=\"elementor-widget-wrap elementor-element-populated\">\n\t\t\t\t\t\t<section class=\"elementor-section elementor-inner-section elementor-element elementor-element-4b2ade43 elementor-section-boxed elementor-section-height-default elementor-section-height-default\" data-id=\"4b2ade43\" data-element_type=\"section\" data-settings=\"{&quot;background_background&quot;:&quot;classic&quot;}\">\n\t\t\t\t\t\t\t<div class=\"elementor-background-overlay\"><\/div>\n\t\t\t\t\t\t\t<div class=\"elementor-container elementor-column-gap-default\">\n\t\t\t\t\t<div class=\"elementor-column elementor-col-100 elementor-inner-column elementor-element elementor-element-497ad859\" data-id=\"497ad859\" data-element_type=\"column\">\n\t\t\t<div class=\"elementor-widget-wrap elementor-element-populated\">\n\t\t\t\t\t\t<div class=\"elementor-element elementor-element-35f63ef6 elementor-widget elementor-widget-heading\" data-id=\"35f63ef6\" data-element_type=\"widget\" data-widget_type=\"heading.default\">\n\t\t\t\t<div class=\"elementor-widget-container\">\n\t\t\t\t\t<h1 class=\"elementor-heading-title elementor-size-default\">CE Services Group<\/h1>\t\t\t\t<\/div>\n\t\t\t\t<\/div>\n\t\t\t\t<div class=\"elementor-element elementor-element-2f6312c4 elementor-headline--style-rotate elementor-widget__width-inherit elementor-widget elementor-widget-animated-headline\" data-id=\"2f6312c4\" data-element_type=\"widget\" data-settings=\"{&quot;headline_style&quot;:&quot;rotate&quot;,&quot;animation_type&quot;:&quot;flip&quot;,&quot;rotating_text&quot;:&quot;40 jaar reparatie expertise\\nD\\u00e9 service specialist voor elektrische apparaten\\nGeautoriseerd voor en door alle bekende merken&quot;,&quot;rotate_iteration_delay&quot;:6000,&quot;loop&quot;:&quot;yes&quot;}\" data-widget_type=\"animated-headline.default\">\n\t\t\t\t<div class=\"elementor-widget-container\">\n\t\t\t\t\t\t\t<h3 class=\"elementor-headline elementor-headline-animation-type-flip\">\n\t\t\t\t<span class=\"elementor-headline-dynamic-wrapper elementor-headline-text-wrapper\">\n\t\t\t\t\t<span class=\"elementor-headline-dynamic-text elementor-headline-text-active\">\n\t\t\t\t40 ans d'expertise en r\u00e9paration\t\t\t<\/span>\n\t\t\t\t\t<span class=\"elementor-headline-dynamic-text\">\n\t\t\t\tLe sp\u00e9cialiste du service pour l'\u00e9lectronique grand public\t\t\t<\/span>\n\t\t\t\t\t<span class=\"elementor-headline-dynamic-text\">\n\t\t\t\tAutoris\u00e9 pour et par toutes les marques connues\t\t\t<\/span>\n\t\t\t\t\t\t<\/span>\n\t\t\t\t<\/h3>\n\t\t\t\t\t\t<\/div>\n\t\t\t\t<\/div>\n\t\t\t\t\t<\/div>\n\t\t<\/div>\n\t\t\t\t\t<\/div>\n\t\t<\/section>\n\t\t\t\t\t<\/div>\n\t\t<\/div>\n\t\t\t\t\t<\/div>\n\t\t<\/section>\n\t\t\t\t<section class=\"elementor-section elementor-top-section elementor-element elementor-element-19f32a6 elementor-section-boxed elementor-section-height-default elementor-section-height-default\" data-id=\"19f32a6\" data-element_type=\"section\">\n\t\t\t\t\t\t<div class=\"elementor-container elementor-column-gap-no\">\n\t\t\t\t\t<div class=\"elementor-column elementor-col-100 elementor-top-column elementor-element elementor-element-94e9d9d\" data-id=\"94e9d9d\" data-element_type=\"column\">\n\t\t\t<div class=\"elementor-widget-wrap elementor-element-populated\">\n\t\t\t\t\t\t<div class=\"elementor-element elementor-element-32c6d97 elementor-widget elementor-widget-text-editor\" data-id=\"32c6d97\" data-element_type=\"widget\" data-widget_type=\"text-editor.default\">\n\t\t\t\t<div class=\"elementor-widget-container\">\n\t\t\t\t\t\t\t\t\t<p>CE Services Group est une organisation de services leader au Benelux dans le domaine des appareils \u00e9lectriques, tels que les t\u00e9l\u00e9viseurs, les moniteurs, les \u00e9quipements audio, les \u00e9quipements m\u00e9nagers, les ordinateurs et \u00e9galement la climatisation, y compris les pompes \u00e0 chaleur et la climatisation.<\/p>\t\t\t\t\t\t\t\t<\/div>\n\t\t\t\t<\/div>\n\t\t\t\t\t<\/div>\n\t\t<\/div>\n\t\t\t\t\t<\/div>\n\t\t<\/section>\n\t\t\t\t<section class=\"elementor-section elementor-top-section elementor-element elementor-element-9252d10 elementor-section-boxed elementor-section-height-default elementor-section-height-default\" data-id=\"9252d10\" data-element_type=\"section\" data-settings=\"{&quot;background_background&quot;:&quot;classic&quot;}\">\n\t\t\t\t\t\t<div class=\"elementor-container elementor-column-gap-no\">\n\t\t\t\t\t<div class=\"elementor-column elementor-col-100 elementor-top-column elementor-element elementor-element-786d6fe\" data-id=\"786d6fe\" data-element_type=\"column\">\n\t\t\t<div class=\"elementor-widget-wrap elementor-element-populated\">\n\t\t\t\t\t\t<div class=\"elementor-element elementor-element-d15b9bf elementor-widget elementor-widget-image\" data-id=\"d15b9bf\" data-element_type=\"widget\" data-widget_type=\"image.default\">\n\t\t\t\t<div class=\"elementor-widget-container\">\n\t\t\t\t\t\t\t\t\t\t\t\t\t\t\t<img fetchpriority=\"high\" decoding=\"async\" width=\"1024\" height=\"80\" src=\"https:\/\/cerepair.eu\/wp-content\/uploads\/2023\/11\/Logos-op-1-rij-1024x57-1.png\" class=\"attachment-large size-large wp-image-16883\" alt=\"\" srcset=\"https:\/\/cerepair.eu\/wp-content\/uploads\/2023\/11\/Logos-op-1-rij-1024x57-1.png 1024w, https:\/\/cerepair.eu\/wp-content\/uploads\/2023\/11\/Logos-op-1-rij-1024x57-1-300x23.png 300w, https:\/\/cerepair.eu\/wp-content\/uploads\/2023\/11\/Logos-op-1-rij-1024x57-1-768x60.png 768w, https:\/\/cerepair.eu\/wp-content\/uploads\/2023\/11\/Logos-op-1-rij-1024x57-1-18x1.png 18w\" sizes=\"(max-width: 1024px) 100vw, 1024px\" \/>\t\t\t\t\t\t\t\t\t\t\t\t\t\t\t<\/div>\n\t\t\t\t<\/div>\n\t\t\t\t<div class=\"elementor-element elementor-element-a9ab3e8 elementor-widget elementor-widget-text-editor\" data-id=\"a9ab3e8\" data-element_type=\"widget\" data-widget_type=\"text-editor.default\">\n\t\t\t\t<div class=\"elementor-widget-container\">\n\t\t\t\t\t\t\t\t\t<p>Avec plusieurs unit\u00e9s d'affaires, chacune avec sa propre sp\u00e9cialit\u00e9 et expertise sp\u00e9cifique, CE Services Group fournit un ensemble complet de services pour ces produits. Nos services vont des services apr\u00e8s-vente tels que les r\u00e9parations techniques, la gestion des retours et le contr\u00f4le, aux services d'installation, aux retouches, aux modifications et aux solutions logicielles personnalis\u00e9es. Nous sommes autoris\u00e9s par de nombreux fabricants, importateurs et distributeurs et coop\u00e9rons avec tous les revendeurs d'\u00e9lectronique et d'appareils \u00e9lectrom\u00e9nagers.<\/p>\t\t\t\t\t\t\t\t<\/div>\n\t\t\t\t<\/div>\n\t\t\t\t\t<\/div>\n\t\t<\/div>\n\t\t\t\t\t<\/div>\n\t\t<\/section>\n\t\t\t\t<section class=\"elementor-section elementor-top-section elementor-element elementor-element-90ae827 elementor-section-boxed elementor-section-height-default elementor-section-height-default\" data-id=\"90ae827\" data-element_type=\"section\">\n\t\t\t\t\t\t<div class=\"elementor-container elementor-column-gap-no\">\n\t\t\t\t\t<div class=\"elementor-column elementor-col-100 elementor-top-column elementor-element elementor-element-37a88fd\" data-id=\"37a88fd\" data-element_type=\"column\">\n\t\t\t<div class=\"elementor-widget-wrap elementor-element-populated\">\n\t\t\t\t\t\t<section class=\"elementor-section elementor-inner-section elementor-element elementor-element-8023460 elementor-section-boxed elementor-section-height-default elementor-section-height-default\" data-id=\"8023460\" data-element_type=\"section\" data-settings=\"{&quot;background_background&quot;:&quot;gradient&quot;}\">\n\t\t\t\t\t\t<div class=\"elementor-container elementor-column-gap-no\">\n\t\t\t\t\t<div class=\"elementor-column elementor-col-50 elementor-inner-column elementor-element elementor-element-807b03b\" data-id=\"807b03b\" data-element_type=\"column\">\n\t\t\t<div class=\"elementor-widget-wrap elementor-element-populated\">\n\t\t\t\t\t\t<div class=\"elementor-element elementor-element-6530698 elementor-widget elementor-widget-text-editor\" data-id=\"6530698\" data-element_type=\"widget\" data-widget_type=\"text-editor.default\">\n\t\t\t\t<div class=\"elementor-widget-container\">\n\t\t\t\t\t\t\t\t\t<p>Notre mission est de d\u00e9charger compl\u00e8tement nos clients en fournissant un service de haute qualit\u00e9.<\/p>\n<p>CE Services Group est une entreprise dynamique et innovante avec une mentalit\u00e9 d'entreprise ouverte (dialogue et partenariat) qui place l'int\u00e9r\u00eat du client au premier plan. Depuis 1981, CE Services Group, avec 8 succursales r\u00e9parties dans tout le Benelux et environ 250 professionnels du service, fournit des services fiables et de haute qualit\u00e9 aux consommateurs et aux entreprises.<\/p>\t\t\t\t\t\t\t\t<\/div>\n\t\t\t\t<\/div>\n\t\t\t\t\t<\/div>\n\t\t<\/div>\n\t\t\t\t<div class=\"elementor-column elementor-col-50 elementor-inner-column elementor-element elementor-element-8f79f83\" data-id=\"8f79f83\" data-element_type=\"column\">\n\t\t\t<div class=\"elementor-widget-wrap elementor-element-populated\">\n\t\t\t\t\t\t<div class=\"elementor-element elementor-element-320f500 elementor-widget elementor-widget-image\" data-id=\"320f500\" data-element_type=\"widget\" data-widget_type=\"image.default\">\n\t\t\t\t<div class=\"elementor-widget-container\">\n\t\t\t\t\t\t\t\t\t\t\t\t\t\t\t<img decoding=\"async\" width=\"768\" height=\"461\" src=\"https:\/\/cerepair.eu\/wp-content\/uploads\/2022\/07\/core-values-1-768x461.png\" class=\"attachment-medium_large size-medium_large wp-image-14367\" alt=\"\" srcset=\"https:\/\/cerepair.eu\/wp-content\/uploads\/2022\/07\/core-values-1-768x461.png 768w, https:\/\/cerepair.eu\/wp-content\/uploads\/2022\/07\/core-values-1-300x180.png 300w, https:\/\/cerepair.eu\/wp-content\/uploads\/2022\/07\/core-values-1-1024x615.png 1024w, https:\/\/cerepair.eu\/wp-content\/uploads\/2022\/07\/core-values-1-18x12.png 18w, https:\/\/cerepair.eu\/wp-content\/uploads\/2022\/07\/core-values-1.png 1336w\" sizes=\"(max-width: 768px) 100vw, 768px\" \/>\t\t\t\t\t\t\t\t\t\t\t\t\t\t\t<\/div>\n\t\t\t\t<\/div>\n\t\t\t\t\t<\/div>\n\t\t<\/div>\n\t\t\t\t\t<\/div>\n\t\t<\/section>\n\t\t\t\t\t<\/div>\n\t\t<\/div>\n\t\t\t\t\t<\/div>\n\t\t<\/section>\n\t\t\t\t<section class=\"elementor-section elementor-top-section elementor-element elementor-element-ff11cef elementor-section-boxed elementor-section-height-default elementor-section-height-default\" data-id=\"ff11cef\" data-element_type=\"section\">\n\t\t\t\t\t\t<div class=\"elementor-container elementor-column-gap-no\">\n\t\t\t\t\t<div class=\"elementor-column elementor-col-50 elementor-top-column elementor-element elementor-element-f749695\" data-id=\"f749695\" data-element_type=\"column\">\n\t\t\t<div class=\"elementor-widget-wrap elementor-element-populated\">\n\t\t\t\t\t\t<div class=\"elementor-element elementor-element-f71ca6c elementor-widget elementor-widget-image\" data-id=\"f71ca6c\" data-element_type=\"widget\" data-widget_type=\"image.default\">\n\t\t\t\t<div class=\"elementor-widget-container\">\n\t\t\t\t\t\t\t\t\t\t\t\t\t\t\t<img decoding=\"async\" width=\"300\" height=\"100\" src=\"https:\/\/cerepair.eu\/wp-content\/uploads\/2022\/04\/CE-Repair-Services-now-ServiceTech-300x100.png\" class=\"elementor-animation-grow attachment-medium size-medium wp-image-16843\" alt=\"\" srcset=\"https:\/\/cerepair.eu\/wp-content\/uploads\/2022\/04\/CE-Repair-Services-now-ServiceTech-300x100.png 300w, https:\/\/cerepair.eu\/wp-content\/uploads\/2022\/04\/CE-Repair-Services-now-ServiceTech-1024x341.png 1024w, https:\/\/cerepair.eu\/wp-content\/uploads\/2022\/04\/CE-Repair-Services-now-ServiceTech-768x256.png 768w, https:\/\/cerepair.eu\/wp-content\/uploads\/2022\/04\/CE-Repair-Services-now-ServiceTech-1536x512.png 1536w, https:\/\/cerepair.eu\/wp-content\/uploads\/2022\/04\/CE-Repair-Services-now-ServiceTech-18x6.png 18w, https:\/\/cerepair.eu\/wp-content\/uploads\/2022\/04\/CE-Repair-Services-now-ServiceTech.png 1800w\" sizes=\"(max-width: 300px) 100vw, 300px\" \/>\t\t\t\t\t\t\t\t\t\t\t\t\t\t\t<\/div>\n\t\t\t\t<\/div>\n\t\t\t\t\t<\/div>\n\t\t<\/div>\n\t\t\t\t<div class=\"elementor-column elementor-col-50 elementor-top-column elementor-element elementor-element-931071b\" data-id=\"931071b\" data-element_type=\"column\">\n\t\t\t<div class=\"elementor-widget-wrap elementor-element-populated\">\n\t\t\t\t\t\t<div class=\"elementor-element elementor-element-f596464 elementor-widget elementor-widget-text-editor\" data-id=\"f596464\" data-element_type=\"widget\" data-widget_type=\"text-editor.default\">\n\t\t\t\t<div class=\"elementor-widget-container\">\n\t\t\t\t\t\t\t\t\t<p>Services de r\u00e9paration et services associ\u00e9s \u00e0 domicile ou en atelier pour les \u00e9quipements \u00e9lectriques.<\/p>\t\t\t\t\t\t\t\t<\/div>\n\t\t\t\t<\/div>\n\t\t\t\t<div class=\"elementor-element elementor-element-a6e2d9f elementor-align-left elementor-mobile-align-center elementor-widget elementor-widget-button\" data-id=\"a6e2d9f\" data-element_type=\"widget\" data-widget_type=\"button.default\">\n\t\t\t\t<div class=\"elementor-widget-container\">\n\t\t\t\t\t\t\t\t\t<div class=\"elementor-button-wrapper\">\n\t\t\t\t\t<a class=\"elementor-button elementor-button-link elementor-size-sm\" href=\"\/fr-be\/home-repair\/\">\n\t\t\t\t\t\t<span class=\"elementor-button-content-wrapper\">\n\t\t\t\t\t\t\t\t\t<span class=\"elementor-button-text\">Aller sur un site Internet<\/span>\n\t\t\t\t\t<\/span>\n\t\t\t\t\t<\/a>\n\t\t\t\t<\/div>\n\t\t\t\t\t\t\t\t<\/div>\n\t\t\t\t<\/div>\n\t\t\t\t\t<\/div>\n\t\t<\/div>\n\t\t\t\t\t<\/div>\n\t\t<\/section>\n\t\t\t\t<section class=\"elementor-section elementor-top-section elementor-element elementor-element-6ed69ec elementor-section-boxed elementor-section-height-default elementor-section-height-default\" data-id=\"6ed69ec\" data-element_type=\"section\">\n\t\t\t\t\t\t<div class=\"elementor-container elementor-column-gap-default\">\n\t\t\t\t\t<div class=\"elementor-column elementor-col-50 elementor-top-column elementor-element elementor-element-a5a615d\" data-id=\"a5a615d\" data-element_type=\"column\">\n\t\t\t<div class=\"elementor-widget-wrap elementor-element-populated\">\n\t\t\t\t\t\t<div class=\"elementor-element elementor-element-ae873ec elementor-widget elementor-widget-image\" data-id=\"ae873ec\" data-element_type=\"widget\" data-widget_type=\"image.default\">\n\t\t\t\t<div class=\"elementor-widget-container\">\n\t\t\t\t\t\t\t\t\t\t\t\t\t\t\t<img loading=\"lazy\" decoding=\"async\" width=\"300\" height=\"99\" src=\"https:\/\/cerepair.eu\/wp-content\/uploads\/2023\/11\/CE-Logistics-now-GXO-ServiceTech-300x99.png\" class=\"elementor-animation-grow attachment-medium size-medium wp-image-16878\" alt=\"\" srcset=\"https:\/\/cerepair.eu\/wp-content\/uploads\/2023\/11\/CE-Logistics-now-GXO-ServiceTech-300x99.png 300w, https:\/\/cerepair.eu\/wp-content\/uploads\/2023\/11\/CE-Logistics-now-GXO-ServiceTech-1024x337.png 1024w, https:\/\/cerepair.eu\/wp-content\/uploads\/2023\/11\/CE-Logistics-now-GXO-ServiceTech-768x252.png 768w, https:\/\/cerepair.eu\/wp-content\/uploads\/2023\/11\/CE-Logistics-now-GXO-ServiceTech-1536x505.png 1536w, https:\/\/cerepair.eu\/wp-content\/uploads\/2023\/11\/CE-Logistics-now-GXO-ServiceTech-18x6.png 18w, https:\/\/cerepair.eu\/wp-content\/uploads\/2023\/11\/CE-Logistics-now-GXO-ServiceTech.png 1558w\" sizes=\"(max-width: 300px) 100vw, 300px\" \/>\t\t\t\t\t\t\t\t\t\t\t\t\t\t\t<\/div>\n\t\t\t\t<\/div>\n\t\t\t\t\t<\/div>\n\t\t<\/div>\n\t\t\t\t<div class=\"elementor-column elementor-col-50 elementor-top-column elementor-element elementor-element-a7dc535\" data-id=\"a7dc535\" data-element_type=\"column\">\n\t\t\t<div class=\"elementor-widget-wrap elementor-element-populated\">\n\t\t\t\t\t\t<div class=\"elementor-element elementor-element-a3afcb5 elementor-widget elementor-widget-text-editor\" data-id=\"a3afcb5\" data-element_type=\"widget\" data-widget_type=\"text-editor.default\">\n\t\t\t\t<div class=\"elementor-widget-container\">\n\t\t\t\t\t\t\t\t\t<p>Gestion des retours pour les d\u00e9taillants (en ligne) dans le but d'offrir une d\u00e9charge totale \u00e0 nos clients.<\/p>\t\t\t\t\t\t\t\t<\/div>\n\t\t\t\t<\/div>\n\t\t\t\t<div class=\"elementor-element elementor-element-407533f elementor-align-left elementor-mobile-align-center elementor-widget elementor-widget-button\" data-id=\"407533f\" data-element_type=\"widget\" data-widget_type=\"button.default\">\n\t\t\t\t<div class=\"elementor-widget-container\">\n\t\t\t\t\t\t\t\t\t<div class=\"elementor-button-wrapper\">\n\t\t\t\t\t<a class=\"elementor-button elementor-button-link elementor-size-sm\" href=\"\/fr-be\/home-logistics\/\">\n\t\t\t\t\t\t<span class=\"elementor-button-content-wrapper\">\n\t\t\t\t\t\t\t\t\t<span class=\"elementor-button-text\">Aller sur un site Internet<\/span>\n\t\t\t\t\t<\/span>\n\t\t\t\t\t<\/a>\n\t\t\t\t<\/div>\n\t\t\t\t\t\t\t\t<\/div>\n\t\t\t\t<\/div>\n\t\t\t\t\t<\/div>\n\t\t<\/div>\n\t\t\t\t\t<\/div>\n\t\t<\/section>\n\t\t\t\t<section class=\"elementor-section elementor-top-section elementor-element elementor-element-e81fb73 elementor-section-boxed elementor-section-height-default elementor-section-height-default\" data-id=\"e81fb73\" data-element_type=\"section\">\n\t\t\t\t\t\t<div class=\"elementor-container elementor-column-gap-no\">\n\t\t\t\t\t<div class=\"elementor-column elementor-col-50 elementor-top-column elementor-element elementor-element-2581968\" data-id=\"2581968\" data-element_type=\"column\">\n\t\t\t<div class=\"elementor-widget-wrap elementor-element-populated\">\n\t\t\t\t\t\t<div class=\"elementor-element elementor-element-98d110d elementor-widget elementor-widget-image\" data-id=\"98d110d\" data-element_type=\"widget\" data-widget_type=\"image.default\">\n\t\t\t\t<div class=\"elementor-widget-container\">\n\t\t\t\t\t\t\t\t\t\t\t\t\t\t\t<img loading=\"lazy\" decoding=\"async\" width=\"300\" height=\"100\" src=\"https:\/\/cerepair.eu\/wp-content\/uploads\/2022\/04\/CE-Connect-Services-now-ServiceTech-300x100.png\" class=\"elementor-animation-grow attachment-medium size-medium wp-image-16840\" alt=\"\" srcset=\"https:\/\/cerepair.eu\/wp-content\/uploads\/2022\/04\/CE-Connect-Services-now-ServiceTech-300x100.png 300w, https:\/\/cerepair.eu\/wp-content\/uploads\/2022\/04\/CE-Connect-Services-now-ServiceTech-1024x341.png 1024w, https:\/\/cerepair.eu\/wp-content\/uploads\/2022\/04\/CE-Connect-Services-now-ServiceTech-768x256.png 768w, https:\/\/cerepair.eu\/wp-content\/uploads\/2022\/04\/CE-Connect-Services-now-ServiceTech-1536x512.png 1536w, https:\/\/cerepair.eu\/wp-content\/uploads\/2022\/04\/CE-Connect-Services-now-ServiceTech-18x6.png 18w, https:\/\/cerepair.eu\/wp-content\/uploads\/2022\/04\/CE-Connect-Services-now-ServiceTech.png 1800w\" sizes=\"(max-width: 300px) 100vw, 300px\" \/>\t\t\t\t\t\t\t\t\t\t\t\t\t\t\t<\/div>\n\t\t\t\t<\/div>\n\t\t\t\t\t<\/div>\n\t\t<\/div>\n\t\t\t\t<div class=\"elementor-column elementor-col-50 elementor-top-column elementor-element elementor-element-b05d2a2\" data-id=\"b05d2a2\" data-element_type=\"column\">\n\t\t\t<div class=\"elementor-widget-wrap elementor-element-populated\">\n\t\t\t\t\t\t<div class=\"elementor-element elementor-element-d532811 elementor-widget elementor-widget-text-editor\" data-id=\"d532811\" data-element_type=\"widget\" data-widget_type=\"text-editor.default\">\n\t\t\t\t<div class=\"elementor-widget-container\">\n\t\t\t\t\t\t\t\t\t<p>Installation et raccordement d'\u00e9quipements \u00e9lectriques, pour d\u00e9charger les utilisateurs (finaux) en ce qui concerne la mise en service et l'applicabilit\u00e9 des \u00e9quipements \u00e9lectriques.<\/p>\t\t\t\t\t\t\t\t<\/div>\n\t\t\t\t<\/div>\n\t\t\t\t<div class=\"elementor-element elementor-element-815fdc3 elementor-align-left elementor-mobile-align-center elementor-widget elementor-widget-button\" data-id=\"815fdc3\" data-element_type=\"widget\" data-widget_type=\"button.default\">\n\t\t\t\t<div class=\"elementor-widget-container\">\n\t\t\t\t\t\t\t\t\t<div class=\"elementor-button-wrapper\">\n\t\t\t\t\t<a class=\"elementor-button elementor-button-link elementor-size-sm\" href=\"\/fr-be\/home-connet\/\">\n\t\t\t\t\t\t<span class=\"elementor-button-content-wrapper\">\n\t\t\t\t\t\t\t\t\t<span class=\"elementor-button-text\">Aller sur un site Internet<\/span>\n\t\t\t\t\t<\/span>\n\t\t\t\t\t<\/a>\n\t\t\t\t<\/div>\n\t\t\t\t\t\t\t\t<\/div>\n\t\t\t\t<\/div>\n\t\t\t\t\t<\/div>\n\t\t<\/div>\n\t\t\t\t\t<\/div>\n\t\t<\/section>\n\t\t\t\t<section class=\"elementor-section elementor-top-section elementor-element elementor-element-3388c2b elementor-section-boxed elementor-section-height-default elementor-section-height-default\" data-id=\"3388c2b\" data-element_type=\"section\">\n\t\t\t\t\t\t<div class=\"elementor-container elementor-column-gap-no\">\n\t\t\t\t\t<div class=\"elementor-column elementor-col-50 elementor-top-column elementor-element elementor-element-959a483\" data-id=\"959a483\" data-element_type=\"column\">\n\t\t\t<div class=\"elementor-widget-wrap elementor-element-populated\">\n\t\t\t\t\t\t<div class=\"elementor-element elementor-element-c12160c elementor-widget elementor-widget-image\" data-id=\"c12160c\" data-element_type=\"widget\" data-widget_type=\"image.default\">\n\t\t\t\t<div class=\"elementor-widget-container\">\n\t\t\t\t\t\t\t\t\t\t\t\t\t\t\t<img loading=\"lazy\" decoding=\"async\" width=\"300\" height=\"100\" src=\"https:\/\/cerepair.eu\/wp-content\/uploads\/2022\/04\/CE-ICT-Services-now-ServiceTech-300x100.png\" class=\"elementor-animation-grow attachment-medium size-medium wp-image-16841\" alt=\"\" srcset=\"https:\/\/cerepair.eu\/wp-content\/uploads\/2022\/04\/CE-ICT-Services-now-ServiceTech-300x100.png 300w, https:\/\/cerepair.eu\/wp-content\/uploads\/2022\/04\/CE-ICT-Services-now-ServiceTech-1024x341.png 1024w, https:\/\/cerepair.eu\/wp-content\/uploads\/2022\/04\/CE-ICT-Services-now-ServiceTech-768x256.png 768w, https:\/\/cerepair.eu\/wp-content\/uploads\/2022\/04\/CE-ICT-Services-now-ServiceTech-1536x512.png 1536w, https:\/\/cerepair.eu\/wp-content\/uploads\/2022\/04\/CE-ICT-Services-now-ServiceTech-18x6.png 18w, https:\/\/cerepair.eu\/wp-content\/uploads\/2022\/04\/CE-ICT-Services-now-ServiceTech.png 1800w\" sizes=\"(max-width: 300px) 100vw, 300px\" \/>\t\t\t\t\t\t\t\t\t\t\t\t\t\t\t<\/div>\n\t\t\t\t<\/div>\n\t\t\t\t\t<\/div>\n\t\t<\/div>\n\t\t\t\t<div class=\"elementor-column elementor-col-50 elementor-top-column elementor-element elementor-element-2a8aaef\" data-id=\"2a8aaef\" data-element_type=\"column\">\n\t\t\t<div class=\"elementor-widget-wrap elementor-element-populated\">\n\t\t\t\t\t\t<div class=\"elementor-element elementor-element-dff7806 elementor-widget elementor-widget-text-editor\" data-id=\"dff7806\" data-element_type=\"widget\" data-widget_type=\"text-editor.default\">\n\t\t\t\t<div class=\"elementor-widget-container\">\n\t\t\t\t\t\t\t\t\t<p>Conseil et d\u00e9veloppement de CE Online \u00a9 (syst\u00e8me de gestion des services) pour les organisations de services.<\/p>\t\t\t\t\t\t\t\t<\/div>\n\t\t\t\t<\/div>\n\t\t\t\t<div class=\"elementor-element elementor-element-bca3749 elementor-align-left elementor-mobile-align-center elementor-widget elementor-widget-button\" data-id=\"bca3749\" data-element_type=\"widget\" data-widget_type=\"button.default\">\n\t\t\t\t<div class=\"elementor-widget-container\">\n\t\t\t\t\t\t\t\t\t<div class=\"elementor-button-wrapper\">\n\t\t\t\t\t<a class=\"elementor-button elementor-button-link elementor-size-sm\" href=\"\/fr-be\/home-ict\/\">\n\t\t\t\t\t\t<span class=\"elementor-button-content-wrapper\">\n\t\t\t\t\t\t\t\t\t<span class=\"elementor-button-text\">Aller sur un site Internet<\/span>\n\t\t\t\t\t<\/span>\n\t\t\t\t\t<\/a>\n\t\t\t\t<\/div>\n\t\t\t\t\t\t\t\t<\/div>\n\t\t\t\t<\/div>\n\t\t\t\t\t<\/div>\n\t\t<\/div>\n\t\t\t\t\t<\/div>\n\t\t<\/section>\n\t\t\t\t<\/div>","protected":false},"excerpt":{"rendered":"<p>CE Services Group 40&nbsp;jaar&nbsp;reparatie&nbsp;expertise D\u00e9&nbsp;service&nbsp;specialist&nbsp;voor&nbsp;elektrische&nbsp;apparaten Geautoriseerd&nbsp;voor&nbsp;en&nbsp;door&nbsp;alle&nbsp;bekende&nbsp;merken CE Services Group is een toonaangevende service organisatie in de Benelux op het gebied van elektrische apparaten, zoals televisies, monitoren, audio apparatuur, huishoudelijke apparatuur, computers en tevens klimaatbeheersing, waaronder warmtepompen en airconditioning. Met meerdere business units, elk met hun eigen specialisme en specifieke expertise, levert CE Services Group een &hellip;<\/p>\n<p class=\"read-more\"> <a class=\"\" href=\"https:\/\/cerepair.eu\/fr-be\/home-servicesgroup\/\"> <span class=\"screen-reader-text\">Home Services Group<\/span> Read More &raquo;<\/a><\/p>","protected":false},"author":3,"featured_media":0,"parent":0,"menu_order":0,"comment_status":"closed","ping_status":"closed","template":"","meta":{"site-sidebar-layout":"no-sidebar","site-content-layout":"page-builder","ast-global-header-display":"","ast-banner-title-visibility":"","ast-main-header-display":"","ast-hfb-above-header-display":"","ast-hfb-below-header-display":"","ast-hfb-mobile-header-display":"","site-post-title":"disabled","ast-breadcrumbs-content":"","ast-featured-img":"disabled","footer-sml-layout":"","theme-transparent-header-meta":"","adv-header-id-meta":"","stick-header-meta":"","header-above-stick-meta":"","header-main-stick-meta":"","header-below-stick-meta":"","footnotes":""},"class_list":["post-4163","page","type-page","status-publish","hentry"],"_links":{"self":[{"href":"https:\/\/cerepair.eu\/fr-be\/wp-json\/wp\/v2\/pages\/4163","targetHints":{"allow":["GET"]}}],"collection":[{"href":"https:\/\/cerepair.eu\/fr-be\/wp-json\/wp\/v2\/pages"}],"about":[{"href":"https:\/\/cerepair.eu\/fr-be\/wp-json\/wp\/v2\/types\/page"}],"author":[{"embeddable":true,"href":"https:\/\/cerepair.eu\/fr-be\/wp-json\/wp\/v2\/users\/3"}],"replies":[{"embeddable":true,"href":"https:\/\/cerepair.eu\/fr-be\/wp-json\/wp\/v2\/comments?post=4163"}],"version-history":[{"count":253,"href":"https:\/\/cerepair.eu\/fr-be\/wp-json\/wp\/v2\/pages\/4163\/revisions"}],"predecessor-version":[{"id":16886,"href":"https:\/\/cerepair.eu\/fr-be\/wp-json\/wp\/v2\/pages\/4163\/revisions\/16886"}],"wp:attachment":[{"href":"https:\/\/cerepair.eu\/fr-be\/wp-json\/wp\/v2\/media?parent=4163"}],"curies":[{"name":"wp","href":"https:\/\/api.w.org\/{rel}","templated":true}]}}